{"id":3614,"date":"2025-01-04T09:44:34","date_gmt":"2025-01-04T09:44:34","guid":{"rendered":"https:\/\/carboniaturismo.it\/?page_id=3614"},"modified":"2025-01-09T17:29:47","modified_gmt":"2025-01-09T17:29:47","slug":"chiesetta-operaia-e-quartiere-lotto-b","status":"publish","type":"page","link":"https:\/\/carboniaturismo.it\/it\/chiesetta-operaia-e-quartiere-lotto-b\/","title":{"rendered":"Chiesetta operaia e Quartiere Lotto B"},"content":{"rendered":"\t\t<div data-elementor-type=\"wp-page\" data-elementor-id=\"3614\" class=\"elementor elementor-3614\" data-elementor-post-type=\"page\">\n\t\t\t\t\t\t<section class=\"elementor-section elementor-top-section elementor-element elementor-element-6d2afd7 elementor-section-stretched elementor-section-boxed elementor-section-height-default elementor-section-height-default row-top\" data-id=\"6d2afd7\" data-element_type=\"section\" data-e-type=\"section\" data-settings=\"{&quot;stretch_section&quot;:&quot;section-stretched&quot;}\">\n\t\t\t\t\t\t<div class=\"elementor-container elementor-column-gap-default\">\n\t\t\t\t\t<div class=\"elementor-column elementor-col-50 elementor-top-column elementor-element elementor-element-03437ea\" data-id=\"03437ea\" data-element_type=\"column\" data-e-type=\"column\">\n\t\t\t<div class=\"elementor-widget-wrap elementor-element-populated\">\n\t\t\t\t\t\t<div class=\"elementor-element elementor-element-5b76146 animated-fast elementor-invisible elementor-widget elementor-widget-gva-heading-block\" data-id=\"5b76146\" data-element_type=\"widget\" data-e-type=\"widget\" data-settings=\"{&quot;_animation&quot;:&quot;fadeInUp&quot;}\" data-widget_type=\"gva-heading-block.default\">\n\t\t\t\t<div class=\"elementor-widget-container\">\n\t\t\t\t\t<div class=\"gva-element-gva-heading-block gva-element\">   <div class=\"align-left style-1 widget gsc-heading box-align-left auto-responsive\">\r\n      <div class=\"content-inner\">\r\n         \r\n                  \r\n           \r\n         \r\n                     <h2 class=\"title\">\r\n               <span>I primi passi di Carbonia, tra lavoro, socialit\u00e0 e religione<\/span>\r\n            <\/h2>\r\n                  \r\n         \r\n      <\/div>\r\n   <\/div>\r\n<\/div>\t\t\t\t<\/div>\n\t\t\t\t<\/div>\n\t\t\t\t<div class=\"elementor-element elementor-element-da471d0 elementor-widget elementor-widget-text-editor\" data-id=\"da471d0\" data-element_type=\"widget\" data-e-type=\"widget\" data-widget_type=\"text-editor.default\">\n\t\t\t\t<div class=\"elementor-widget-container\">\n\t\t\t\t\t\t\t\t\t<p><strong>Nel cuore della storia di Carbonia, il Quartiere Lotto B racconta i primi passi della citt\u00e0,<\/strong> tra fatica, socialit\u00e0 e religiosit\u00e0. Negli anni &#8217;40, con la citt\u00e0 che cominciava a farsi strada nel panorama industriale, <strong>migliaia di operai si riversarono a Carbonia per contribuire alla sua crescita.<\/strong><\/p><p><strong>Era un periodo di grande trasformazione, e in questo contesto nacque un importante quartiere dormitorio,<\/strong> dove gli operai alloggiavano dopo le lunghe e faticose giornate di lavoro nelle miniere e nei cantieri.<strong> Il Quartiere Lotto B fu testimone di una vita intensa e piena di speranza, segnata anche dalla nascita della Chiesetta operaia,<\/strong> un simbolo della fede e della coesione sociale di quegli anni.<\/p>\t\t\t\t\t\t\t\t<\/div>\n\t\t\t\t<\/div>\n\t\t\t\t\t<\/div>\n\t\t<\/div>\n\t\t\t\t<div class=\"elementor-column elementor-col-50 elementor-top-column elementor-element elementor-element-0e22a11 elementor-hidden-tablet elementor-hidden-mobile\" data-id=\"0e22a11\" data-element_type=\"column\" data-e-type=\"column\" data-settings=\"{&quot;background_background&quot;:&quot;classic&quot;}\">\n\t\t\t<div class=\"elementor-widget-wrap elementor-element-populated\">\n\t\t\t\t\t\t<div class=\"elementor-element elementor-element-8feaf72 elementor-widget elementor-widget-image\" data-id=\"8feaf72\" data-element_type=\"widget\" data-e-type=\"widget\" data-widget_type=\"image.default\">\n\t\t\t\t<div class=\"elementor-widget-container\">\n\t\t\t\t\t\t\t\t\t\t\t\t\t\t\t<img fetchpriority=\"high\" decoding=\"async\" width=\"900\" height=\"600\" src=\"https:\/\/carboniaturismo.it\/wp-content\/uploads\/2025\/01\/Carbonia_Turismo-Miniera_Serbariu-1024x683-1.jpg\" class=\"attachment-large size-large wp-image-3625\" alt=\"\" srcset=\"https:\/\/carboniaturismo.it\/wp-content\/uploads\/2025\/01\/Carbonia_Turismo-Miniera_Serbariu-1024x683-1.jpg 1024w, https:\/\/carboniaturismo.it\/wp-content\/uploads\/2025\/01\/Carbonia_Turismo-Miniera_Serbariu-1024x683-1-768x512.jpg 768w\" sizes=\"(max-width: 900px) 100vw, 900px\" \/>\t\t\t\t\t\t\t\t\t\t\t\t\t\t\t<\/div>\n\t\t\t\t<\/div>\n\t\t\t\t\t<\/div>\n\t\t<\/div>\n\t\t\t\t\t<\/div>\n\t\t<\/section>\n\t\t\t\t<section class=\"elementor-section elementor-top-section elementor-element elementor-element-2193360 elementor-section-stretched elementor-section-boxed elementor-section-height-default elementor-section-height-default row-top\" data-id=\"2193360\" data-element_type=\"section\" data-e-type=\"section\" data-settings=\"{&quot;stretch_section&quot;:&quot;section-stretched&quot;,&quot;background_background&quot;:&quot;classic&quot;}\">\n\t\t\t\t\t\t<div class=\"elementor-container elementor-column-gap-default\">\n\t\t\t\t\t<div class=\"elementor-column elementor-col-50 elementor-top-column elementor-element elementor-element-5383c2b elementor-hidden-tablet elementor-hidden-mobile\" data-id=\"5383c2b\" data-element_type=\"column\" data-e-type=\"column\" data-settings=\"{&quot;background_background&quot;:&quot;classic&quot;}\">\n\t\t\t<div class=\"elementor-widget-wrap\">\n\t\t\t\t\t\t\t<\/div>\n\t\t<\/div>\n\t\t\t\t<div class=\"elementor-column elementor-col-50 elementor-top-column elementor-element elementor-element-af0d956\" data-id=\"af0d956\" data-element_type=\"column\" data-e-type=\"column\">\n\t\t\t<div class=\"elementor-widget-wrap elementor-element-populated\">\n\t\t\t\t\t\t<div class=\"elementor-element elementor-element-cfbf7a5 elementor-widget elementor-widget-text-editor\" data-id=\"cfbf7a5\" data-element_type=\"widget\" data-e-type=\"widget\" data-widget_type=\"text-editor.default\">\n\t\t\t\t<div class=\"elementor-widget-container\">\n\t\t\t\t\t\t\t\t\t<h2><b>La Chiesetta operaia<br \/><\/b><\/h2><p><strong>La fondazione del quartiere Rosmarino rappresent\u00f2 un momento cruciale nella storia di Carbonia,<\/strong> offrendo agli operai un luogo in cui poter esprimere la propria fede e ritrovarsi come comunit\u00e0. <strong>Nel 1947, grazie a Don Vito Sguotti, il quartiere fu consacrato alla Beata Vergine Addolorata<\/strong> e la messa <strong>si svolse inizialmente in un ex camerone<\/strong>, situato vicino al Dopolavoro rionale. <strong>La cappella, progettata dall\u2019architetto Granata, fu impreziosita da un campaniletto \u201ca vela<\/strong>\u201d che racchiude una piccola campana, mentre all\u2019interno vennero realizzati un altare in muratura e delle balaustre, e fu persino acquistato un armonium.<\/p><p><strong>Dalla Chiesa di San Ponziano giunse in dono una statua della Beata Vergine Addolorata;<\/strong> con il tempo arrivarono anche altre offerte devozionali, come la statua di San Giovanni e il Crocifisso ligneo. <strong>Nel 1953, la gestione della cappella pass\u00f2 ai religiosi dell\u2019Opera di Don Luigi Orione<\/strong> \u2013 i Figli della Divina Provvidenza \u2013 e<strong> il 28 ottobre di quello stesso anno la struttura di Rosmarino divenne ufficialmente parrocchia con il titolo di Beata Vergine Addolorata.<\/strong><\/p><p><strong> La cosiddetta \u201cChiesetta operaia\u201d, ormai sconsacrata, rimase in uso fino al 1958,<\/strong> anno in cui fu completata la nuova chiesa parrocchiale. <strong>Oggi, quest\u2019area ricca di storia e di significati religiosi fa parte del progetto di riqualificazione avviato dal Comune di Carbonia insieme al Lotto B.<\/strong> Il recupero di questo patrimonio architettonico e spirituale testimonia <strong>l\u2019impegno di Carbonia nel valorizzare le proprie radici,<\/strong> trasformando luoghi un tempo destinati alla vita operaia in mete di interesse storico-culturale per residenti e visitatori.<\/p>\t\t\t\t\t\t\t\t<\/div>\n\t\t\t\t<\/div>\n\t\t\t\t\t<\/div>\n\t\t<\/div>\n\t\t\t\t\t<\/div>\n\t\t<\/section>\n\t\t\t\t<section class=\"elementor-section elementor-top-section elementor-element elementor-element-f3f46c8 elementor-section-stretched elementor-section-boxed elementor-section-height-default elementor-section-height-default row-top\" data-id=\"f3f46c8\" data-element_type=\"section\" data-e-type=\"section\" data-settings=\"{&quot;stretch_section&quot;:&quot;section-stretched&quot;}\">\n\t\t\t\t\t\t<div class=\"elementor-container elementor-column-gap-default\">\n\t\t\t\t\t<div class=\"elementor-column elementor-col-50 elementor-top-column elementor-element elementor-element-5b0041a\" data-id=\"5b0041a\" data-element_type=\"column\" data-e-type=\"column\">\n\t\t\t<div class=\"elementor-widget-wrap elementor-element-populated\">\n\t\t\t\t\t\t<div class=\"elementor-element elementor-element-5c37c5e elementor-widget elementor-widget-text-editor\" data-id=\"5c37c5e\" data-element_type=\"widget\" data-e-type=\"widget\" data-widget_type=\"text-editor.default\">\n\t\t\t\t<div class=\"elementor-widget-container\">\n\t\t\t\t\t\t\t\t\t<h2><b>Il Quartiere Lotto B<\/b><\/h2><p><strong>Nato come quartiere-dormitorio per le centinaia di operai che, nei primi anni della fondazione di Carbonia, contribuivano a plasmare la nuova citt\u00e0,<\/strong> il Quartiere Lotto B visse un\u2019intensa stagione di fermento. Qui gli operai edili, terminata la lunga giornata di lavoro, trovavano un alloggio semplice ma funzionale, pronto ad accogliere anche minatori e persone prive di un nucleo familiare stabile.<\/p><p><strong>Le abitazioni, progettate dall\u2019Ufficio Tecnico dell\u2019ACaL, si distinguevano per la loro essenzialit\u00e0 e i mattoni a vista,<\/strong> tratti che conferiscono al Lotto B una fisionomia riconoscibile e che, ben presto, lo fecero emergere come uno dei quartieri pi\u00f9 poveri e disagiati di Carbonia.<br \/><strong>Costruito ai piedi del colle Rosmarino, delimitato da via Sicilia, le sue traverse, via Tirso e Piazza I Maggio, il Lotto B offriva condizioni di vita spesso precarie<\/strong>, al punto che si rese necessario pi\u00f9 volte l\u2019intervento di disinfestazione, cos\u00ec come il supporto delle forze dell\u2019ordine per gestire l\u2019inevitabile tensione generata dalla convivenza forzata. Nonostante queste difficolt\u00e0,<strong> il quartiere rimase un punto di riferimento per la manodopera cittadina fino al 1943, anno in cui molti operai vennero trasferiti nei primi alberghi operai,<\/strong> mentre gli stabili del Lotto B furono convertiti in presidi militari.<\/p><p><strong>Tra gli elementi significativi di questa realt\u00e0 spicca il Dopolavoro rionale di Piazza I Maggio,<\/strong> ospitato nel caseggiato n. 5: un centro ricreativo essenziale per la socialit\u00e0 del quartiere e annesso a un locale di distribuzione di bevande. Inaugurato il 6 aprile 1941 e <strong>intitolato alla medaglia d\u2019oro Ernesto Zorcolo<\/strong>, fu chiuso definitivamente il 30 settembre 1966. La sua storia racchiude un prezioso frammento della vita operaia di Carbonia, svelando come il lavoro e la socialit\u00e0 si intrecciassero nel frenetico tessuto urbano di una citt\u00e0 in rapida crescita.<\/p><p><strong>Oggi, la memoria del Quartiere Lotto B sopravvive nelle sue strade e in alcuni edifici che testimoniano il suo passato operaio<\/strong>. Il Comune di Carbonia, sensibile alla valorizzazione del proprio patrimonio storico, ha<strong> incluso il Lotto B in progetti di riqualificazione, affinch\u00e9 questi luoghi continuino a raccontare un capitolo significativo della storia mineraria e architettonica della citt\u00e0.<\/strong><\/p><h4><strong>Un tuffo nella storia durante le vacanze nel Sulcis Iglesiente<\/strong><\/h4><p><strong>Visitarlo significa non solo scoprire l\u2019aspetto storico e sociale di Carbonia<\/strong>, ma anche immergersi in una Sardegna che racconta una parte meno conosciuta ma altrettanto affascinante. <strong>La Chiesetta operaia e il Quartiere Lotto B sono simboli di una comunit\u00e0 che ha lavorato, pregato e vissuto insieme,<\/strong> costruendo la citt\u00e0 di oggi. <strong>Questi luoghi offrono l\u2019opportunit\u00e0 di esplorare il cuore pulsante della Sardegna,<\/strong> scoprendo una Sardegna diversa, ricca di storie e di tradizioni.<\/p>\t\t\t\t\t\t\t\t<\/div>\n\t\t\t\t<\/div>\n\t\t\t\t\t<\/div>\n\t\t<\/div>\n\t\t\t\t<div class=\"elementor-column elementor-col-50 elementor-top-column elementor-element elementor-element-16b3382 elementor-hidden-tablet elementor-hidden-mobile\" data-id=\"16b3382\" data-element_type=\"column\" data-e-type=\"column\" data-settings=\"{&quot;background_background&quot;:&quot;classic&quot;}\">\n\t\t\t<div class=\"elementor-widget-wrap\">\n\t\t\t\t\t\t\t<\/div>\n\t\t<\/div>\n\t\t\t\t\t<\/div>\n\t\t<\/section>\n\t\t\t\t<\/div>\n\t\t","protected":false},"excerpt":{"rendered":"<p>I primi passi di Carbonia, tra lavoro, socialit\u00e0 e religione Nel cuore della storia di Carbonia, il Quartiere Lotto B racconta i primi passi della citt\u00e0, tra fatica, socialit\u00e0 e [&hellip;]<\/p>\n","protected":false},"author":2,"featured_media":0,"parent":0,"menu_order":0,"comment_status":"closed","ping_status":"closed","template":"","meta":{"rs_blank_template":"","rs_page_bg_color":"","slide_template_v7":"","footnotes":""},"class_list":["post-3614","page","type-page","status-publish","hentry"],"_links":{"self":[{"href":"https:\/\/carboniaturismo.it\/it\/wp-json\/wp\/v2\/pages\/3614","targetHints":{"allow":["GET"]}}],"collection":[{"href":"https:\/\/carboniaturismo.it\/it\/wp-json\/wp\/v2\/pages"}],"about":[{"href":"https:\/\/carboniaturismo.it\/it\/wp-json\/wp\/v2\/types\/page"}],"author":[{"embeddable":true,"href":"https:\/\/carboniaturismo.it\/it\/wp-json\/wp\/v2\/users\/2"}],"replies":[{"embeddable":true,"href":"https:\/\/carboniaturismo.it\/it\/wp-json\/wp\/v2\/comments?post=3614"}],"version-history":[{"count":16,"href":"https:\/\/carboniaturismo.it\/it\/wp-json\/wp\/v2\/pages\/3614\/revisions"}],"predecessor-version":[{"id":6584,"href":"https:\/\/carboniaturismo.it\/it\/wp-json\/wp\/v2\/pages\/3614\/revisions\/6584"}],"wp:attachment":[{"href":"https:\/\/carboniaturismo.it\/it\/wp-json\/wp\/v2\/media?parent=3614"}],"curies":[{"name":"wp","href":"https:\/\/api.w.org\/{rel}","templated":true}]}}