{"id":3495,"date":"2025-12-13T15:36:18","date_gmt":"2025-12-13T15:36:18","guid":{"rendered":"https:\/\/carboniaturismo.it\/?page_id=3495"},"modified":"2025-12-13T17:30:48","modified_gmt":"2025-12-13T17:30:48","slug":"piazza-venezia-di-cortoghiana","status":"publish","type":"page","link":"https:\/\/carboniaturismo.it\/it\/musei-di-carbonia\/piazza-venezia-di-cortoghiana\/","title":{"rendered":"Piazza Venezia di Cortoghiana"},"content":{"rendered":"\t\t<div data-elementor-type=\"wp-page\" data-elementor-id=\"3495\" class=\"elementor elementor-3495\" data-elementor-post-type=\"page\">\n\t\t\t\t\t\t<section class=\"elementor-section elementor-top-section elementor-element elementor-element-cc2c12f elementor-section-stretched elementor-section-boxed elementor-section-height-default elementor-section-height-default row-top\" data-id=\"cc2c12f\" data-element_type=\"section\" data-e-type=\"section\" data-settings=\"{&quot;stretch_section&quot;:&quot;section-stretched&quot;}\">\n\t\t\t\t\t\t<div class=\"elementor-container elementor-column-gap-default\">\n\t\t\t\t\t<div class=\"elementor-column elementor-col-50 elementor-top-column elementor-element elementor-element-cec8337\" data-id=\"cec8337\" data-element_type=\"column\" data-e-type=\"column\">\n\t\t\t<div class=\"elementor-widget-wrap elementor-element-populated\">\n\t\t\t\t\t\t<div class=\"elementor-element elementor-element-18223d7 elementor-widget elementor-widget-text-editor\" data-id=\"18223d7\" data-element_type=\"widget\" data-e-type=\"widget\" data-widget_type=\"text-editor.default\">\n\t\t\t\t<div class=\"elementor-widget-container\">\n\t\t\t\t\t\t\t\t\t<p data-start=\"42\" data-end=\"577\"><strong>Piazza Venezia a Cortoghiana \u00e8 il cuore urbano del villaggio minerario<\/strong> progettato nel 1940 dall\u2019architetto modenese Saverio Muratori per dare alloggio alle maestranze delle miniere circostanti.<\/p><p data-start=\"42\" data-end=\"577\"><strong>Si tratta di una grande piazza di impianto razionalista,<\/strong> pensata per la socialit\u00e0 e i servizi. Il perimetro \u00e8 scandito da lunghi edifici con portici, che creano un fronte unitario e un percorso coperto trasformando lo spazio in una \u201csala all\u2019aperto\u201d del quartiere.<\/p><p data-start=\"579\" data-end=\"1145\">La piazza \u00e8 un documento di storia locale. <strong>L\u2019abitato, noto durante il Ventennio come \u201cVillaggio Umberto\u201d, fu inaugurato il 15 maggio 1942.<\/strong><\/p><p data-start=\"579\" data-end=\"1145\"><strong>Nel dopoguerra Cortoghiana cambi\u00f2 nome<\/strong> e prospettive economiche, ma Piazza Venezia ha conservato il ruolo di cerniera quotidiana: punto di orientamento, spazio per manifestazioni, incontri e iniziative comunitarie.<\/p><p data-start=\"1147\" data-end=\"2098\"><strong>Il valore della piazza si capisce meglio guardando l\u2019impianto complessivo:<\/strong> Cortoghiana nasce con una struttura ordinata e funzionale, tipica dell\u2019urbanistica razionalista, in cui strade e isolati conducono al grande spazio centrale. Dal punto di vista progettuale, per\u00f2, <strong>Piazza Venezia racconta anche ci\u00f2 che non venne completato: le fonti indicano che il disegno originario era pi\u00f9 articolato di quanto realizzato, con un\u2019ulteriore estensione verso ovest,<\/strong> un cinema a chiusura e, al centro, un fabbricato rettangolare porticato indicato in alcune tavole come municipio. <strong>Le modifiche successive \u2013 compresa l\u2019edificazione, nel secondo dopoguerra, della chiesa del Sacro Cuore di Ges\u00f9 nel contesto della piazza \u2013 hanno aggiornato le funzioni senza annullare l\u2019impianto:<\/strong> ancora oggi, nella regolarit\u00e0 dei portici, si legge l\u2019idea originaria di una comunit\u00e0 costruita attorno al lavoro e a un grande spazio condiviso.<\/p>\t\t\t\t\t\t\t\t<\/div>\n\t\t\t\t<\/div>\n\t\t\t\t\t<\/div>\n\t\t<\/div>\n\t\t\t\t<div class=\"elementor-column elementor-col-50 elementor-top-column elementor-element elementor-element-bac9079 elementor-hidden-tablet elementor-hidden-mobile\" data-id=\"bac9079\" data-element_type=\"column\" data-e-type=\"column\" data-settings=\"{&quot;background_background&quot;:&quot;classic&quot;}\">\n\t\t\t<div class=\"elementor-widget-wrap elementor-element-populated\">\n\t\t\t\t\t\t<div class=\"elementor-element elementor-element-f2496e0 elementor-widget elementor-widget-image\" data-id=\"f2496e0\" data-element_type=\"widget\" data-e-type=\"widget\" data-widget_type=\"image.default\">\n\t\t\t\t<div class=\"elementor-widget-container\">\n\t\t\t\t\t\t\t\t\t\t\t\t\t\t\t<img fetchpriority=\"high\" decoding=\"async\" width=\"850\" height=\"488\" src=\"https:\/\/carboniaturismo.it\/wp-content\/uploads\/2025\/12\/Cortoghiana.jpg\" class=\"attachment-large size-large wp-image-13699\" alt=\"\" srcset=\"https:\/\/carboniaturismo.it\/wp-content\/uploads\/2025\/12\/Cortoghiana.jpg 850w, https:\/\/carboniaturismo.it\/wp-content\/uploads\/2025\/12\/Cortoghiana-768x441.jpg 768w\" sizes=\"(max-width: 850px) 100vw, 850px\" \/>\t\t\t\t\t\t\t\t\t\t\t\t\t\t\t<\/div>\n\t\t\t\t<\/div>\n\t\t\t\t\t<\/div>\n\t\t<\/div>\n\t\t\t\t\t<\/div>\n\t\t<\/section>\n\t\t\t\t<\/div>\n\t\t","protected":false},"excerpt":{"rendered":"<p>Piazza Venezia a Cortoghiana \u00e8 il cuore urbano del villaggio minerario progettato nel 1940 dall\u2019architetto modenese Saverio Muratori per dare alloggio alle maestranze delle miniere circostanti. Si tratta di una [&hellip;]<\/p>\n","protected":false},"author":2,"featured_media":0,"parent":2486,"menu_order":0,"comment_status":"closed","ping_status":"closed","template":"","meta":{"rs_blank_template":"","rs_page_bg_color":"","slide_template_v7":"","footnotes":""},"class_list":["post-3495","page","type-page","status-publish","hentry"],"_links":{"self":[{"href":"https:\/\/carboniaturismo.it\/it\/wp-json\/wp\/v2\/pages\/3495","targetHints":{"allow":["GET"]}}],"collection":[{"href":"https:\/\/carboniaturismo.it\/it\/wp-json\/wp\/v2\/pages"}],"about":[{"href":"https:\/\/carboniaturismo.it\/it\/wp-json\/wp\/v2\/types\/page"}],"author":[{"embeddable":true,"href":"https:\/\/carboniaturismo.it\/it\/wp-json\/wp\/v2\/users\/2"}],"replies":[{"embeddable":true,"href":"https:\/\/carboniaturismo.it\/it\/wp-json\/wp\/v2\/comments?post=3495"}],"version-history":[{"count":7,"href":"https:\/\/carboniaturismo.it\/it\/wp-json\/wp\/v2\/pages\/3495\/revisions"}],"predecessor-version":[{"id":13708,"href":"https:\/\/carboniaturismo.it\/it\/wp-json\/wp\/v2\/pages\/3495\/revisions\/13708"}],"up":[{"embeddable":true,"href":"https:\/\/carboniaturismo.it\/it\/wp-json\/wp\/v2\/pages\/2486"}],"wp:attachment":[{"href":"https:\/\/carboniaturismo.it\/it\/wp-json\/wp\/v2\/media?parent=3495"}],"curies":[{"name":"wp","href":"https:\/\/api.w.org\/{rel}","templated":true}]}}