{"id":2445,"date":"2025-01-02T11:59:51","date_gmt":"2025-01-02T11:59:51","guid":{"rendered":"https:\/\/carboniaturismo.it\/?page_id=2445"},"modified":"2025-01-02T12:29:22","modified_gmt":"2025-01-02T12:29:22","slug":"lorigine-di-carbonia","status":"publish","type":"page","link":"https:\/\/carboniaturismo.it\/it\/lorigine-di-carbonia\/","title":{"rendered":"L\u2019origine di Carbonia"},"content":{"rendered":"\t\t<div data-elementor-type=\"wp-page\" data-elementor-id=\"2445\" class=\"elementor elementor-2445\" data-elementor-post-type=\"page\">\n\t\t\t\t\t\t<section class=\"elementor-section elementor-top-section elementor-element elementor-element-0f4502e elementor-section-stretched elementor-section-boxed elementor-section-height-default elementor-section-height-default row-top\" data-id=\"0f4502e\" data-element_type=\"section\" data-e-type=\"section\" data-settings=\"{&quot;stretch_section&quot;:&quot;section-stretched&quot;}\">\n\t\t\t\t\t\t<div class=\"elementor-container elementor-column-gap-default\">\n\t\t\t\t\t<div class=\"elementor-column elementor-col-50 elementor-top-column elementor-element elementor-element-f40f7e5\" data-id=\"f40f7e5\" data-element_type=\"column\" data-e-type=\"column\">\n\t\t\t<div class=\"elementor-widget-wrap elementor-element-populated\">\n\t\t\t\t\t\t<div class=\"elementor-element elementor-element-186949c animated-fast elementor-invisible elementor-widget elementor-widget-gva-heading-block\" data-id=\"186949c\" data-element_type=\"widget\" data-e-type=\"widget\" data-settings=\"{&quot;_animation&quot;:&quot;fadeInUp&quot;}\" data-widget_type=\"gva-heading-block.default\">\n\t\t\t\t<div class=\"elementor-widget-container\">\n\t\t\t\t\t<div class=\"gva-element-gva-heading-block gva-element\">   <div class=\"align-left style-1 widget gsc-heading box-align-left auto-responsive\">\r\n      <div class=\"content-inner\">\r\n         \r\n                  \r\n           \r\n         \r\n                     <h2 class=\"title\">\r\n               <span>La nascita\n<\/span>\r\n            <\/h2>\r\n                  \r\n         \r\n      <\/div>\r\n   <\/div>\r\n<\/div>\t\t\t\t<\/div>\n\t\t\t\t<\/div>\n\t\t\t\t<div class=\"elementor-element elementor-element-c6b0f45 elementor-widget elementor-widget-text-editor\" data-id=\"c6b0f45\" data-element_type=\"widget\" data-e-type=\"widget\" data-widget_type=\"text-editor.default\">\n\t\t\t\t<div class=\"elementor-widget-container\">\n\t\t\t\t\t\t\t\t\t<p><strong>C\u2019era una volta<\/strong> un territorio costellato di piccoli insediamenti rurali chiamati Medaus e Furriadroxus, testimonianza di un\u2019economia agropastorale condotta dalle famiglie accordate dai signori possidenti che vivevano nei maggiori centri urbani. Lo scenario cominci\u00f2 a mutare quando, nel <strong>1851<\/strong>, a sud del fiume Cixerri, venne scoperto il pi\u00f9 importante <strong>bacino carbonifero italiano<\/strong>, inaugurando un nuovo capitolo dell&#8217;epoca mineraria della <strong>Sardegna<\/strong>.<br \/><br \/>La vita qui era difficile e si cominci\u00f2 a estrarre nuove ma poche risorse dalle <strong>miniere di carbone<\/strong>. Purtroppo, la scarsa qualit\u00e0 del minerale, ricco di zolfo e con una bassa capacit\u00e0 di riscaldamento, non riusc\u00ec a risollevare le sorti di quelle zone. L\u2019estrazione del carbone attravers\u00f2 <strong>numerose crisi<\/strong>, fino a condurre al fallimento, nel 1933, la societ\u00e0 di Bacu Abis che se ne occupava. \u00c8 proprio da questo fallimento che si innesc\u00f2 un processo che port\u00f2 alla nascita di una <strong>nuova citt\u00e0<\/strong>. La produzione del carbone acquis\u00ec una propria autonomia e prese vita l\u2019Azienda Carboni Italiani e quindi la nascita di una citt\u00e0 simbolo di potere.<\/p>\t\t\t\t\t\t\t\t<\/div>\n\t\t\t\t<\/div>\n\t\t\t\t\t<\/div>\n\t\t<\/div>\n\t\t\t\t<div class=\"elementor-column elementor-col-50 elementor-top-column elementor-element elementor-element-a6bf82f elementor-hidden-tablet elementor-hidden-mobile\" data-id=\"a6bf82f\" data-element_type=\"column\" data-e-type=\"column\" data-settings=\"{&quot;background_background&quot;:&quot;classic&quot;}\">\n\t\t\t<div class=\"elementor-widget-wrap\">\n\t\t\t\t\t\t\t<\/div>\n\t\t<\/div>\n\t\t\t\t\t<\/div>\n\t\t<\/section>\n\t\t\t\t<section class=\"elementor-section elementor-top-section elementor-element elementor-element-fe17dcf elementor-section-stretched elementor-section-boxed elementor-section-height-default elementor-section-height-default row-top\" data-id=\"fe17dcf\" data-element_type=\"section\" data-e-type=\"section\" data-settings=\"{&quot;stretch_section&quot;:&quot;section-stretched&quot;,&quot;background_background&quot;:&quot;classic&quot;}\">\n\t\t\t\t\t\t<div class=\"elementor-container elementor-column-gap-default\">\n\t\t\t\t\t<div class=\"elementor-column elementor-col-50 elementor-top-column elementor-element elementor-element-39c6c4a elementor-hidden-tablet elementor-hidden-mobile\" data-id=\"39c6c4a\" data-element_type=\"column\" data-e-type=\"column\">\n\t\t\t<div class=\"elementor-widget-wrap elementor-element-populated\">\n\t\t\t\t\t\t<div class=\"elementor-element elementor-element-43e1ad2 elementor-widget elementor-widget-image\" data-id=\"43e1ad2\" data-element_type=\"widget\" data-e-type=\"widget\" data-widget_type=\"image.default\">\n\t\t\t\t<div class=\"elementor-widget-container\">\n\t\t\t\t\t\t\t\t\t\t\t\t\t\t\t<img fetchpriority=\"high\" decoding=\"async\" width=\"900\" height=\"600\" src=\"https:\/\/carboniaturismo.it\/wp-content\/uploads\/2025\/01\/Carbonia-Turismo-Cuore-sotterraneo-1024x683.jpg\" class=\"attachment-large size-large wp-image-2460\" alt=\"\" srcset=\"https:\/\/carboniaturismo.it\/wp-content\/uploads\/2025\/01\/Carbonia-Turismo-Cuore-sotterraneo-1024x683.jpg 1024w, https:\/\/carboniaturismo.it\/wp-content\/uploads\/2025\/01\/Carbonia-Turismo-Cuore-sotterraneo-768x512.jpg 768w, https:\/\/carboniaturismo.it\/wp-content\/uploads\/2025\/01\/Carbonia-Turismo-Cuore-sotterraneo.jpg 1080w\" sizes=\"(max-width: 900px) 100vw, 900px\" \/>\t\t\t\t\t\t\t\t\t\t\t\t\t\t\t<\/div>\n\t\t\t\t<\/div>\n\t\t\t\t\t<\/div>\n\t\t<\/div>\n\t\t\t\t<div class=\"elementor-column elementor-col-50 elementor-top-column elementor-element elementor-element-f067e75\" data-id=\"f067e75\" data-element_type=\"column\" data-e-type=\"column\">\n\t\t\t<div class=\"elementor-widget-wrap elementor-element-populated\">\n\t\t\t\t\t\t<div class=\"elementor-element elementor-element-ea142b3 elementor-widget elementor-widget-text-editor\" data-id=\"ea142b3\" data-element_type=\"widget\" data-e-type=\"widget\" data-widget_type=\"text-editor.default\">\n\t\t\t\t<div class=\"elementor-widget-container\">\n\t\t\t\t\t\t\t\t\t<h2><b>Carbonia, cuore sotterraneo<\/b><\/h2><p>Trascorse un tempo sorprendentemente breve, meno di un anno, e questa nuova citt\u00e0, che prese il nome dal suo stesso cuore sotterraneo, <strong>Carbonia<\/strong>, vide la luce. Una <strong>citt\u00e0 moderna<\/strong>, all\u2019<strong>avanguardia<\/strong> e <strong>funzionale<\/strong> creata proprio in prossimit\u00e0 della miniera, con lo scopo di ridurre il pi\u00f9 possibile i costi per il trasporto e favorire questa nuova e prospera economia.<\/p><p>Carbonia fu <strong>inaugurata nel 1938<\/strong> alla presenza di Mussolini, con una popolazione di 12.000 abitanti e grandi progetti, anche visionari, per l&#8217;espansione mineraria. Una storia che racconta uno degli aspetti pi\u00f9 profondi e caratteristici della Sardegna.<\/p>\t\t\t\t\t\t\t\t<\/div>\n\t\t\t\t<\/div>\n\t\t\t\t\t<\/div>\n\t\t<\/div>\n\t\t\t\t\t<\/div>\n\t\t<\/section>\n\t\t\t\t<section class=\"elementor-section elementor-top-section elementor-element elementor-element-5250680 elementor-section-stretched elementor-section-boxed elementor-section-height-default elementor-section-height-default row-top\" data-id=\"5250680\" data-element_type=\"section\" data-e-type=\"section\" data-settings=\"{&quot;stretch_section&quot;:&quot;section-stretched&quot;}\">\n\t\t\t\t\t\t<div class=\"elementor-container elementor-column-gap-default\">\n\t\t\t\t\t<div class=\"elementor-column elementor-col-50 elementor-top-column elementor-element elementor-element-0cca305\" data-id=\"0cca305\" data-element_type=\"column\" data-e-type=\"column\">\n\t\t\t<div class=\"elementor-widget-wrap elementor-element-populated\">\n\t\t\t\t\t\t<div class=\"elementor-element elementor-element-74564c7 elementor-widget elementor-widget-text-editor\" data-id=\"74564c7\" data-element_type=\"widget\" data-e-type=\"widget\" data-widget_type=\"text-editor.default\">\n\t\t\t\t<div class=\"elementor-widget-container\">\n\t\t\t\t\t\t\t\t\t<h2><b>Gli anni \u201870, la crisi e il futuro<\/b><\/h2><p>Gli anni passarono e il carbone cominci\u00f2 ad andare nuovamente in crisi. <strong>Negli anni &#8217;70<\/strong> le miniere vennero chiuse e le difficolt\u00e0 economiche e sociali crearono una crepa indimenticabile.<br \/>Oggi, <strong>Carbonia<\/strong> \u00e8 una citt\u00e0 ricca di storia e cultura. I suoi monumenti e le sue tradizioni testimoniano la forza e la <strong>resilienza<\/strong> del suo popolo. Dal <strong>Museo del Carbone<\/strong>, che racconta la storia della citt\u00e0 e delle sue miniere, alla <strong>Torre civica<\/strong>, che domina la piazza principale della citt\u00e0, Carbonia offre ai turisti <strong>un&#8217;esperienza unica e coinvolgente<\/strong>. E non solo, la citt\u00e0 \u00e8 anche un punto di partenza ideale per esplorare la bellezza della <strong>Sardegna<\/strong>, con le sue spiagge, i suoi paesaggi mozzafiato e le sue tradizioni millenarie.<\/p>\t\t\t\t\t\t\t\t<\/div>\n\t\t\t\t<\/div>\n\t\t\t\t\t<\/div>\n\t\t<\/div>\n\t\t\t\t<div class=\"elementor-column elementor-col-50 elementor-top-column elementor-element elementor-element-7e453e9 elementor-hidden-tablet elementor-hidden-mobile\" data-id=\"7e453e9\" data-element_type=\"column\" data-e-type=\"column\" data-settings=\"{&quot;background_background&quot;:&quot;classic&quot;}\">\n\t\t\t<div class=\"elementor-widget-wrap elementor-element-populated\">\n\t\t\t\t\t\t<div class=\"elementor-element elementor-element-eacc463 elementor-widget elementor-widget-image\" data-id=\"eacc463\" data-element_type=\"widget\" data-e-type=\"widget\" data-widget_type=\"image.default\">\n\t\t\t\t<div class=\"elementor-widget-container\">\n\t\t\t\t\t\t\t\t\t\t\t\t\t\t\t<img decoding=\"async\" width=\"900\" height=\"600\" src=\"https:\/\/carboniaturismo.it\/wp-content\/uploads\/2025\/01\/Carbonia-Turismo-Gli-anni-70-la-crisi-e-il-futuro-1024x683.jpg\" class=\"attachment-large size-large wp-image-2461\" alt=\"\" srcset=\"https:\/\/carboniaturismo.it\/wp-content\/uploads\/2025\/01\/Carbonia-Turismo-Gli-anni-70-la-crisi-e-il-futuro-1024x683.jpg 1024w, https:\/\/carboniaturismo.it\/wp-content\/uploads\/2025\/01\/Carbonia-Turismo-Gli-anni-70-la-crisi-e-il-futuro-768x512.jpg 768w, https:\/\/carboniaturismo.it\/wp-content\/uploads\/2025\/01\/Carbonia-Turismo-Gli-anni-70-la-crisi-e-il-futuro.jpg 1080w\" sizes=\"(max-width: 900px) 100vw, 900px\" \/>\t\t\t\t\t\t\t\t\t\t\t\t\t\t\t<\/div>\n\t\t\t\t<\/div>\n\t\t\t\t\t<\/div>\n\t\t<\/div>\n\t\t\t\t\t<\/div>\n\t\t<\/section>\n\t\t\t\t<\/div>\n\t\t","protected":false},"excerpt":{"rendered":"<p>La nascita C\u2019era una volta un territorio costellato di piccoli insediamenti rurali chiamati Medaus e Furriadroxus, testimonianza di un\u2019economia agropastorale condotta dalle famiglie accordate dai signori possidenti che vivevano nei [&hellip;]<\/p>\n","protected":false},"author":2,"featured_media":0,"parent":0,"menu_order":0,"comment_status":"closed","ping_status":"closed","template":"","meta":{"rs_blank_template":"","rs_page_bg_color":"","slide_template_v7":"","footnotes":""},"class_list":["post-2445","page","type-page","status-publish","hentry"],"_links":{"self":[{"href":"https:\/\/carboniaturismo.it\/it\/wp-json\/wp\/v2\/pages\/2445","targetHints":{"allow":["GET"]}}],"collection":[{"href":"https:\/\/carboniaturismo.it\/it\/wp-json\/wp\/v2\/pages"}],"about":[{"href":"https:\/\/carboniaturismo.it\/it\/wp-json\/wp\/v2\/types\/page"}],"author":[{"embeddable":true,"href":"https:\/\/carboniaturismo.it\/it\/wp-json\/wp\/v2\/users\/2"}],"replies":[{"embeddable":true,"href":"https:\/\/carboniaturismo.it\/it\/wp-json\/wp\/v2\/comments?post=2445"}],"version-history":[{"count":4,"href":"https:\/\/carboniaturismo.it\/it\/wp-json\/wp\/v2\/pages\/2445\/revisions"}],"predecessor-version":[{"id":2464,"href":"https:\/\/carboniaturismo.it\/it\/wp-json\/wp\/v2\/pages\/2445\/revisions\/2464"}],"wp:attachment":[{"href":"https:\/\/carboniaturismo.it\/it\/wp-json\/wp\/v2\/media?parent=2445"}],"curies":[{"name":"wp","href":"https:\/\/api.w.org\/{rel}","templated":true}]}}