{"id":3981,"date":"2024-12-30T08:02:52","date_gmt":"2024-12-30T08:02:52","guid":{"rendered":"https:\/\/carboniaturismo.it\/idee-vacanza\/itinerari-del-gusto\/"},"modified":"2025-02-04T07:54:18","modified_gmt":"2025-02-04T07:54:18","slug":"itineraires-du-gout","status":"publish","type":"page","link":"https:\/\/carboniaturismo.it\/fr\/idees-de-vacances\/itineraires-du-gout\/","title":{"rendered":"Itin\u00e9raires du go\u00fbt"},"content":{"rendered":"\t\t<div data-elementor-type=\"wp-page\" data-elementor-id=\"3981\" class=\"elementor elementor-3981 elementor-1760\" data-elementor-post-type=\"page\">\n\t\t\t\t\t\t<section class=\"elementor-section elementor-top-section elementor-element elementor-element-1d2eff8 elementor-section-stretched elementor-section-boxed elementor-section-height-default elementor-section-height-default row-top\" data-id=\"1d2eff8\" data-element_type=\"section\" data-e-type=\"section\" data-settings=\"{&quot;stretch_section&quot;:&quot;section-stretched&quot;}\">\n\t\t\t\t\t\t<div class=\"elementor-container elementor-column-gap-default\">\n\t\t\t\t\t<div class=\"elementor-column elementor-col-50 elementor-top-column elementor-element elementor-element-f26ea9d\" data-id=\"f26ea9d\" data-element_type=\"column\" data-e-type=\"column\">\n\t\t\t<div class=\"elementor-widget-wrap elementor-element-populated\">\n\t\t\t\t\t\t<div class=\"elementor-element elementor-element-c2a4e05 animated-fast elementor-invisible elementor-widget elementor-widget-gva-heading-block\" data-id=\"c2a4e05\" data-element_type=\"widget\" data-e-type=\"widget\" data-settings=\"{&quot;_animation&quot;:&quot;fadeInUp&quot;}\" data-widget_type=\"gva-heading-block.default\">\n\t\t\t\t<div class=\"elementor-widget-container\">\n\t\t\t\t\t<div class=\"gva-element-gva-heading-block gva-element\">   <div class=\"align-left style-1 widget gsc-heading box-align-left auto-responsive\">\r\n      <div class=\"content-inner\">\r\n         \r\n                  \r\n           \r\n         \r\n                     <h2 class=\"title\">\r\n               <span>Un voyage \u00e0 travers les saveurs du Sulcis.<\/span>\r\n            <\/h2>\r\n                  \r\n         \r\n      <\/div>\r\n   <\/div>\r\n<\/div>\t\t\t\t<\/div>\n\t\t\t\t<\/div>\n\t\t\t\t<div class=\"elementor-element elementor-element-923fc14 elementor-widget elementor-widget-text-editor\" data-id=\"923fc14\" data-element_type=\"widget\" data-e-type=\"widget\" data-widget_type=\"text-editor.default\">\n\t\t\t\t<div class=\"elementor-widget-container\">\n\t\t\t\t\t\t\t\t\tCarbonia n&#8217;a peut-\u00eatre pas de plat typique et caract\u00e9ristique, mais la <strong>tradition culinaire<\/strong> de la ville, enracin\u00e9e dans la cuisine de la r\u00e9gion du Bas-Sulcis et originaire du village agro-pastoral de Serbariu, offre \u00e0 tous les voyageurs la possibilit\u00e9 de d\u00e9couvrir <strong>plus d&#8217;un plat de<\/strong> ces lieux. Des produits de la terre aux produits de la mer, sans oublier les excellents vins, \u00e0 Carbonia vous pouvez trouver et exp\u00e9rimenter diff\u00e9rentes saveurs et <strong>go\u00fbter le vrai go\u00fbt de<\/strong> notre \u00eele.\t\t\t\t\t\t\t\t<\/div>\n\t\t\t\t<\/div>\n\t\t\t\t\t<\/div>\n\t\t<\/div>\n\t\t\t\t<div class=\"elementor-column elementor-col-50 elementor-top-column elementor-element elementor-element-99f8fd9 elementor-hidden-tablet elementor-hidden-mobile\" data-id=\"99f8fd9\" data-element_type=\"column\" data-e-type=\"column\">\n\t\t\t<div class=\"elementor-widget-wrap elementor-element-populated\">\n\t\t\t\t\t\t<div class=\"elementor-element elementor-element-3c76866 elementor-widget elementor-widget-image\" data-id=\"3c76866\" data-element_type=\"widget\" data-e-type=\"widget\" data-widget_type=\"image.default\">\n\t\t\t\t<div class=\"elementor-widget-container\">\n\t\t\t\t\t\t\t\t\t\t\t\t\t\t\t<img fetchpriority=\"high\" decoding=\"async\" width=\"900\" height=\"600\" src=\"https:\/\/carboniaturismo.it\/wp-content\/uploads\/2024\/12\/Carbonia-Turismo-Photo-by-Clodimiro-Lievore-Sardegna-a-tavola-1024x683.jpg\" class=\"attachment-large size-large wp-image-3303\" alt=\"\" srcset=\"https:\/\/carboniaturismo.it\/wp-content\/uploads\/2024\/12\/Carbonia-Turismo-Photo-by-Clodimiro-Lievore-Sardegna-a-tavola-1024x683.jpg 1024w, https:\/\/carboniaturismo.it\/wp-content\/uploads\/2024\/12\/Carbonia-Turismo-Photo-by-Clodimiro-Lievore-Sardegna-a-tavola-768x512.jpg 768w, https:\/\/carboniaturismo.it\/wp-content\/uploads\/2024\/12\/Carbonia-Turismo-Photo-by-Clodimiro-Lievore-Sardegna-a-tavola.jpg 1080w\" sizes=\"(max-width: 900px) 100vw, 900px\" \/>\t\t\t\t\t\t\t\t\t\t\t\t\t\t\t<\/div>\n\t\t\t\t<\/div>\n\t\t\t\t\t<\/div>\n\t\t<\/div>\n\t\t\t\t\t<\/div>\n\t\t<\/section>\n\t\t\t\t<section class=\"elementor-section elementor-top-section elementor-element elementor-element-c804d1c elementor-section-boxed elementor-section-height-default elementor-section-height-default row-top\" data-id=\"c804d1c\" data-element_type=\"section\" data-e-type=\"section\">\n\t\t\t\t\t\t<div class=\"elementor-container elementor-column-gap-default\">\n\t\t\t\t\t<div class=\"elementor-column elementor-col-100 elementor-top-column elementor-element elementor-element-8b865bc\" data-id=\"8b865bc\" data-element_type=\"column\" data-e-type=\"column\">\n\t\t\t<div class=\"elementor-widget-wrap elementor-element-populated\">\n\t\t\t\t\t\t<section class=\"elementor-section elementor-inner-section elementor-element elementor-element-da8bad3 elementor-section-boxed elementor-section-height-default elementor-section-height-default row-top\" data-id=\"da8bad3\" data-element_type=\"section\" data-e-type=\"section\">\n\t\t\t\t\t\t<div class=\"elementor-container elementor-column-gap-default\">\n\t\t\t\t\t<div class=\"elementor-column elementor-col-100 elementor-inner-column elementor-element elementor-element-59422a1\" data-id=\"59422a1\" data-element_type=\"column\" data-e-type=\"column\">\n\t\t\t<div class=\"elementor-widget-wrap elementor-element-populated\">\n\t\t\t\t\t\t<div class=\"elementor-element elementor-element-0bd0c51 elementor-widget elementor-widget-image\" data-id=\"0bd0c51\" data-element_type=\"widget\" data-e-type=\"widget\" data-widget_type=\"image.default\">\n\t\t\t\t<div class=\"elementor-widget-container\">\n\t\t\t\t\t\t\t\t\t\t\t\t\t\t\t<img decoding=\"async\" width=\"124\" height=\"124\" src=\"https:\/\/carboniaturismo.it\/wp-content\/uploads\/2024\/12\/Carbonia-Turismo-Vino.png\" class=\"attachment-large size-large wp-image-3306\" alt=\"\" \/>\t\t\t\t\t\t\t\t\t\t\t\t\t\t\t<\/div>\n\t\t\t\t<\/div>\n\t\t\t\t\t<\/div>\n\t\t<\/div>\n\t\t\t\t\t<\/div>\n\t\t<\/section>\n\t\t\t\t\t<\/div>\n\t\t<\/div>\n\t\t\t\t\t<\/div>\n\t\t<\/section>\n\t\t\t\t<section class=\"elementor-section elementor-top-section elementor-element elementor-element-d506fea elementor-section-stretched elementor-section-boxed elementor-section-height-default elementor-section-height-default row-top\" data-id=\"d506fea\" data-element_type=\"section\" data-e-type=\"section\" data-settings=\"{&quot;stretch_section&quot;:&quot;section-stretched&quot;,&quot;background_background&quot;:&quot;classic&quot;}\">\n\t\t\t\t\t\t<div class=\"elementor-container elementor-column-gap-default\">\n\t\t\t\t\t<div class=\"elementor-column elementor-col-50 elementor-top-column elementor-element elementor-element-766ccc1\" data-id=\"766ccc1\" data-element_type=\"column\" data-e-type=\"column\">\n\t\t\t<div class=\"elementor-widget-wrap elementor-element-populated\">\n\t\t\t\t\t\t<div class=\"elementor-element elementor-element-afa27f6 elementor-widget elementor-widget-image\" data-id=\"afa27f6\" data-element_type=\"widget\" data-e-type=\"widget\" data-widget_type=\"image.default\">\n\t\t\t\t<div class=\"elementor-widget-container\">\n\t\t\t\t\t\t\t\t\t\t\t\t\t\t\t<img decoding=\"async\" width=\"900\" height=\"600\" src=\"https:\/\/carboniaturismo.it\/wp-content\/uploads\/2024\/12\/Carbonia-turismo-Vigneti-1024x683.jpg\" class=\"attachment-large size-large wp-image-3309\" alt=\"\" srcset=\"https:\/\/carboniaturismo.it\/wp-content\/uploads\/2024\/12\/Carbonia-turismo-Vigneti-1024x683.jpg 1024w, https:\/\/carboniaturismo.it\/wp-content\/uploads\/2024\/12\/Carbonia-turismo-Vigneti-768x512.jpg 768w, https:\/\/carboniaturismo.it\/wp-content\/uploads\/2024\/12\/Carbonia-turismo-Vigneti.jpg 1080w\" sizes=\"(max-width: 900px) 100vw, 900px\" \/>\t\t\t\t\t\t\t\t\t\t\t\t\t\t\t<\/div>\n\t\t\t\t<\/div>\n\t\t\t\t\t<\/div>\n\t\t<\/div>\n\t\t\t\t<div class=\"elementor-column elementor-col-50 elementor-top-column elementor-element elementor-element-356b78d\" data-id=\"356b78d\" data-element_type=\"column\" data-e-type=\"column\">\n\t\t\t<div class=\"elementor-widget-wrap elementor-element-populated\">\n\t\t\t\t\t\t<div class=\"elementor-element elementor-element-cc58da5 elementor-widget elementor-widget-heading\" data-id=\"cc58da5\" data-element_type=\"widget\" data-e-type=\"widget\" data-widget_type=\"heading.default\">\n\t\t\t\t<div class=\"elementor-widget-container\">\n\t\t\t\t\t<h2 class=\"elementor-heading-title elementor-size-default\">Carignano<\/h2>\t\t\t\t<\/div>\n\t\t\t\t<\/div>\n\t\t\t\t<div class=\"elementor-element elementor-element-b4f7b29 elementor-widget elementor-widget-text-editor\" data-id=\"b4f7b29\" data-element_type=\"widget\" data-e-type=\"widget\" data-widget_type=\"text-editor.default\">\n\t\t\t\t<div class=\"elementor-widget-container\">\n\t\t\t\t\t\t\t\t\tLa zone pr\u00e9sente des caract\u00e9ristiques climatiques et environnementales uniques, o\u00f9 la culture de la vigne a toujours trouv\u00e9 un terrain fertile.\nC&#8217;est ici que pousse l&#8217;un des <strong>c\u00e9pages autochtones<\/strong> les plus connus et les plus appr\u00e9ci\u00e9s de Sardaigne, le Carignano.\nLe vin issu de cette vigne est un produit de grande qualit\u00e9, de couleur rubis et au bouquet intense.\nSon go\u00fbt est <strong>savoureux et harmonieux<\/strong> et sait s\u00e9duire les amateurs de vins au caract\u00e8re fort et d\u00e9cisif.\nSi vous voyagez dans ces r\u00e9gions, vous devez absolument boire une gorg\u00e9e de Carignano et vous laisser s\u00e9duire par son go\u00fbt.\nDes entr\u00e9es en sauce aux viandes \u00e9pic\u00e9es, en passant par l&#8217;agneau sarde et les fromages affin\u00e9s, le Carignano se pr\u00eate \u00e0 de nombreux et excellents accords.\t\t\t\t\t\t\t\t<\/div>\n\t\t\t\t<\/div>\n\t\t\t\t\t<\/div>\n\t\t<\/div>\n\t\t\t\t\t<\/div>\n\t\t<\/section>\n\t\t\t\t<section class=\"elementor-section elementor-top-section elementor-element elementor-element-733ffe1 elementor-section-stretched elementor-section-boxed elementor-section-height-default elementor-section-height-default row-top\" data-id=\"733ffe1\" data-element_type=\"section\" data-e-type=\"section\" data-settings=\"{&quot;stretch_section&quot;:&quot;section-stretched&quot;,&quot;background_background&quot;:&quot;classic&quot;}\">\n\t\t\t\t\t\t<div class=\"elementor-container elementor-column-gap-default\">\n\t\t\t\t\t<div class=\"elementor-column elementor-col-50 elementor-top-column elementor-element elementor-element-40a19ac\" data-id=\"40a19ac\" data-element_type=\"column\" data-e-type=\"column\">\n\t\t\t<div class=\"elementor-widget-wrap elementor-element-populated\">\n\t\t\t\t\t\t<div class=\"elementor-element elementor-element-7bc0c5d elementor-widget elementor-widget-heading\" data-id=\"7bc0c5d\" data-element_type=\"widget\" data-e-type=\"widget\" data-widget_type=\"heading.default\">\n\t\t\t\t<div class=\"elementor-widget-container\">\n\t\t\t\t\t<h2 class=\"elementor-heading-title elementor-size-default\">Terre, mer, fregula et porceddu<\/h2>\t\t\t\t<\/div>\n\t\t\t\t<\/div>\n\t\t\t\t<div class=\"elementor-element elementor-element-52a342d elementor-widget elementor-widget-text-editor\" data-id=\"52a342d\" data-element_type=\"widget\" data-e-type=\"widget\" data-widget_type=\"text-editor.default\">\n\t\t\t\t<div class=\"elementor-widget-container\">\n\t\t\t\t\t\t\t\t\t<p>\u00c0 Carbonia, en Sardaigne, il faut absolument go\u00fbter les c\u00e9l\u00e8bres <strong>malloreddus alla campidanese<\/strong>, servis avec une simple sauce tomate, de la saucisse fra\u00eeche et un peu de fromage de brebis.<br \/>Les <strong>raviolis<\/strong> \u00e0 la ricotta et aux blettes, accompagn\u00e9s d&#8217;une sauce \u00e0 la tomate et au basilic et d&#8217;un peu de fromage de brebis semi-assaisonn\u00e9, vous \u00e9moustilleront tout autant les papilles.<br \/>Sans oublier la <strong>fregula sarda<\/strong>, typique de cette terre, servie avec un rago\u00fbt d&#8217;agneau ou avec des palourdes, si vous aimez les saveurs de la mer.<br \/>Parmi les plats principaux, il va sans dire que le <strong>porceddu<\/strong> <strong>sarde<\/strong> est r\u00f4ti et servi sur des planches de li\u00e8ge et enti\u00e8rement recouvert de myrte qui restitue au palais cette saveur aromatique si particuli\u00e8re.<br \/>D&#8217;autres seconds plats inoubliables sont l&#8217;agneau, le mouton et la ch\u00e8vre, \u00e9galement r\u00f4tis, et le mouton en manteau, un d\u00e9licieux rago\u00fbt assaisonn\u00e9 de pommes de terre, d&#8217;oignons, de tomates s\u00e9ch\u00e9es au soleil et d&#8217;autres ar\u00f4mes du terroir.<br \/>Un plat pauvre mais tr\u00e8s savoureux et nourrissant.<\/p>\t\t\t\t\t\t\t\t<\/div>\n\t\t\t\t<\/div>\n\t\t\t\t\t<\/div>\n\t\t<\/div>\n\t\t\t\t<div class=\"elementor-column elementor-col-50 elementor-top-column elementor-element elementor-element-f4ed6b0\" data-id=\"f4ed6b0\" data-element_type=\"column\" data-e-type=\"column\">\n\t\t\t<div class=\"elementor-widget-wrap elementor-element-populated\">\n\t\t\t\t\t\t<div class=\"elementor-element elementor-element-d3c0e0a elementor-widget elementor-widget-image\" data-id=\"d3c0e0a\" data-element_type=\"widget\" data-e-type=\"widget\" data-widget_type=\"image.default\">\n\t\t\t\t<div class=\"elementor-widget-container\">\n\t\t\t\t\t\t\t\t\t\t\t\t\t\t\t<img loading=\"lazy\" decoding=\"async\" width=\"900\" height=\"600\" src=\"https:\/\/carboniaturismo.it\/wp-content\/uploads\/2024\/12\/Carbonia-Turismo-Photo-by-Monapart-Barcelona-Sa-Fregola-Sarda-1024x683.jpg\" class=\"attachment-large size-large wp-image-3315\" alt=\"\" srcset=\"https:\/\/carboniaturismo.it\/wp-content\/uploads\/2024\/12\/Carbonia-Turismo-Photo-by-Monapart-Barcelona-Sa-Fregola-Sarda-1024x683.jpg 1024w, https:\/\/carboniaturismo.it\/wp-content\/uploads\/2024\/12\/Carbonia-Turismo-Photo-by-Monapart-Barcelona-Sa-Fregola-Sarda-768x512.jpg 768w, https:\/\/carboniaturismo.it\/wp-content\/uploads\/2024\/12\/Carbonia-Turismo-Photo-by-Monapart-Barcelona-Sa-Fregola-Sarda.jpg 1080w\" sizes=\"(max-width: 900px) 100vw, 900px\" \/>\t\t\t\t\t\t\t\t\t\t\t\t\t\t\t<\/div>\n\t\t\t\t<\/div>\n\t\t\t\t\t<\/div>\n\t\t<\/div>\n\t\t\t\t\t<\/div>\n\t\t<\/section>\n\t\t\t\t<section class=\"elementor-section elementor-top-section elementor-element elementor-element-3ab2f42 elementor-section-stretched elementor-section-boxed elementor-section-height-default elementor-section-height-default row-top\" data-id=\"3ab2f42\" data-element_type=\"section\" data-e-type=\"section\" data-settings=\"{&quot;stretch_section&quot;:&quot;section-stretched&quot;,&quot;background_background&quot;:&quot;classic&quot;}\">\n\t\t\t\t\t\t<div class=\"elementor-container elementor-column-gap-default\">\n\t\t\t\t\t<div class=\"elementor-column elementor-col-50 elementor-top-column elementor-element elementor-element-5c43a93\" data-id=\"5c43a93\" data-element_type=\"column\" data-e-type=\"column\">\n\t\t\t<div class=\"elementor-widget-wrap elementor-element-populated\">\n\t\t\t\t\t\t<div class=\"elementor-element elementor-element-4669fe4 elementor-widget elementor-widget-image\" data-id=\"4669fe4\" data-element_type=\"widget\" data-e-type=\"widget\" data-widget_type=\"image.default\">\n\t\t\t\t<div class=\"elementor-widget-container\">\n\t\t\t\t\t\t\t\t\t\t\t\t\t\t\t<img loading=\"lazy\" decoding=\"async\" width=\"900\" height=\"600\" src=\"https:\/\/carboniaturismo.it\/wp-content\/uploads\/2024\/12\/Carbonia-Turismo-Photo-by-Mondo-Del-Gusto-Civraxiu-1024x683.jpg\" class=\"attachment-large size-large wp-image-3312\" alt=\"\" srcset=\"https:\/\/carboniaturismo.it\/wp-content\/uploads\/2024\/12\/Carbonia-Turismo-Photo-by-Mondo-Del-Gusto-Civraxiu-1024x683.jpg 1024w, https:\/\/carboniaturismo.it\/wp-content\/uploads\/2024\/12\/Carbonia-Turismo-Photo-by-Mondo-Del-Gusto-Civraxiu-768x512.jpg 768w, https:\/\/carboniaturismo.it\/wp-content\/uploads\/2024\/12\/Carbonia-Turismo-Photo-by-Mondo-Del-Gusto-Civraxiu.jpg 1080w\" sizes=\"(max-width: 900px) 100vw, 900px\" \/>\t\t\t\t\t\t\t\t\t\t\t\t\t\t\t<\/div>\n\t\t\t\t<\/div>\n\t\t\t\t\t<\/div>\n\t\t<\/div>\n\t\t\t\t<div class=\"elementor-column elementor-col-50 elementor-top-column elementor-element elementor-element-8558953\" data-id=\"8558953\" data-element_type=\"column\" data-e-type=\"column\">\n\t\t\t<div class=\"elementor-widget-wrap elementor-element-populated\">\n\t\t\t\t\t\t<div class=\"elementor-element elementor-element-886e769 elementor-widget elementor-widget-heading\" data-id=\"886e769\" data-element_type=\"widget\" data-e-type=\"widget\" data-widget_type=\"heading.default\">\n\t\t\t\t<div class=\"elementor-widget-container\">\n\t\t\t\t\t<h2 class=\"elementor-heading-title elementor-size-default\">Du civraxu aux raviolis sucr\u00e9s<\/h2>\t\t\t\t<\/div>\n\t\t\t\t<\/div>\n\t\t\t\t<div class=\"elementor-element elementor-element-40a41c9 elementor-widget elementor-widget-text-editor\" data-id=\"40a41c9\" data-element_type=\"widget\" data-e-type=\"widget\" data-widget_type=\"text-editor.default\">\n\t\t\t\t<div class=\"elementor-widget-container\">\n\t\t\t\t\t\t\t\t\t<p>Le pain typique de la r\u00e9gion est le <strong>civraxu<\/strong>, fait de semoule de bl\u00e9 dur, pr\u00e9par\u00e9 avec du levain et cuit dans un four \u00e0 bois.<br \/>Vous d\u00e9gusterez de d\u00e9licieux cro\u00fbtons de ce pain qui serviront de lit au <strong>su casu arrostu<\/strong>, le fromage r\u00f4ti local, \u00e0 d\u00e9guster avec un bon vin rouge.<br \/>Une pinc\u00e9e de poivre noir ou un petit filet de miel donneront une saveur encore plus d\u00e9licieuse \u00e0 cette gourmandise, souvent consomm\u00e9e \u00e0 la fin d&#8217;un repas. Pendant la saison des tomates, ici \u00e0 Carbonia, nous \u00e9conomisons de la p\u00e2te \u00e0 pain pour pr\u00e9parer de succulentes tomates. <strong>pani cun tamatiga <\/strong>focaccias rondes dont les bords se referment presque compl\u00e8tement vers le centre, assaisonn\u00e9es de tomates m\u00fbres, d&#8217;huile d&#8217;olive extra vierge, d&#8217;ail, de sel et de basilic frais, cuites au four \u00e0 bois. Une v\u00e9ritable cuisine de rue, parfaite pour de nombreuses occasions: des d\u00e9jeuners importants aux voyages en dehors de la ville.<br \/>Et si vous n&#8217;arrivez pas trop rassasi\u00e9 \u00e0 la fin du repas, il y a les <strong>desserts<\/strong> typiques tels que les p\u00e0rdulas, pabassinus, pirichitus, guefus et les raviolis sucr\u00e9s frits, rigoureusement frais, recouverts de miel ou de sucre. Un d\u00e9lice irr\u00e9sistible.<\/p>\t\t\t\t\t\t\t\t<\/div>\n\t\t\t\t<\/div>\n\t\t\t\t\t<\/div>\n\t\t<\/div>\n\t\t\t\t\t<\/div>\n\t\t<\/section>\n\t\t\t\t<section class=\"elementor-section elementor-top-section elementor-element elementor-element-f73a1b5 elementor-section-boxed elementor-section-height-default elementor-section-height-default row-top\" data-id=\"f73a1b5\" data-element_type=\"section\" data-e-type=\"section\">\n\t\t\t\t\t\t<div class=\"elementor-container elementor-column-gap-default\">\n\t\t\t\t\t<div class=\"elementor-column elementor-col-100 elementor-top-column elementor-element elementor-element-dc8dfcb\" data-id=\"dc8dfcb\" data-element_type=\"column\" data-e-type=\"column\">\n\t\t\t<div class=\"elementor-widget-wrap elementor-element-populated\">\n\t\t\t\t\t\t<div class=\"elementor-element elementor-element-5d50a6e elementor-widget elementor-widget-image\" data-id=\"5d50a6e\" data-element_type=\"widget\" data-e-type=\"widget\" data-widget_type=\"image.default\">\n\t\t\t\t<div class=\"elementor-widget-container\">\n\t\t\t\t\t\t\t\t\t\t\t\t\t\t\t<img loading=\"lazy\" decoding=\"async\" width=\"768\" height=\"211\" src=\"https:\/\/carboniaturismo.it\/wp-content\/uploads\/2024\/12\/Risorsa-3-768x211.png\" class=\"attachment-medium_large size-medium_large wp-image-2979\" alt=\"\" srcset=\"https:\/\/carboniaturismo.it\/wp-content\/uploads\/2024\/12\/Risorsa-3-768x211.png 768w, https:\/\/carboniaturismo.it\/wp-content\/uploads\/2024\/12\/Risorsa-3-1024x282.png 1024w, https:\/\/carboniaturismo.it\/wp-content\/uploads\/2024\/12\/Risorsa-3.png 1268w\" sizes=\"(max-width: 768px) 100vw, 768px\" \/>\t\t\t\t\t\t\t\t\t\t\t\t\t\t\t<\/div>\n\t\t\t\t<\/div>\n\t\t\t\t\t<\/div>\n\t\t<\/div>\n\t\t\t\t\t<\/div>\n\t\t<\/section>\n\t\t\t\t<section class=\"elementor-section elementor-top-section elementor-element elementor-element-b90b654 elementor-section-full_width elementor-section-stretched elementor-section-height-default elementor-section-height-default row-top\" data-id=\"b90b654\" data-element_type=\"section\" data-e-type=\"section\" data-settings=\"{&quot;stretch_section&quot;:&quot;section-stretched&quot;}\">\n\t\t\t\t\t\t<div class=\"elementor-container elementor-column-gap-default\">\n\t\t\t\t\t<div class=\"elementor-column elementor-col-50 elementor-top-column elementor-element elementor-element-17f7dfd\" data-id=\"17f7dfd\" data-element_type=\"column\" data-e-type=\"column\" data-settings=\"{&quot;background_background&quot;:&quot;classic&quot;}\">\n\t\t\t<div class=\"elementor-widget-wrap elementor-element-populated\">\n\t\t\t\t\t\t<div class=\"elementor-element elementor-element-ee01268 elementor-widget elementor-widget-spacer\" data-id=\"ee01268\" data-element_type=\"widget\" data-e-type=\"widget\" data-widget_type=\"spacer.default\">\n\t\t\t\t<div class=\"elementor-widget-container\">\n\t\t\t\t\t\t\t<div class=\"elementor-spacer\">\n\t\t\t<div class=\"elementor-spacer-inner\"><\/div>\n\t\t<\/div>\n\t\t\t\t\t\t<\/div>\n\t\t\t\t<\/div>\n\t\t\t\t\t<\/div>\n\t\t<\/div>\n\t\t\t\t<div class=\"elementor-column elementor-col-50 elementor-top-column elementor-element elementor-element-ae98c8a\" data-id=\"ae98c8a\" data-element_type=\"column\" data-e-type=\"column\" data-settings=\"{&quot;background_background&quot;:&quot;classic&quot;}\">\n\t\t\t<div class=\"elementor-widget-wrap elementor-element-populated\">\n\t\t\t\t\t\t<div class=\"elementor-element elementor-element-cf21831 elementor-widget elementor-widget-gva-heading-block\" data-id=\"cf21831\" data-element_type=\"widget\" data-e-type=\"widget\" data-widget_type=\"gva-heading-block.default\">\n\t\t\t\t<div class=\"elementor-widget-container\">\n\t\t\t\t\t<div class=\"gva-element-gva-heading-block gva-element\">   <div class=\"align-center style-1 widget gsc-heading box-align- auto-responsive\">\r\n      <div class=\"content-inner\">\r\n         \r\n                  \r\n                     <div class=\"sub-title\"><span>Planifiez vos vacances<\/span><\/div>\r\n           \r\n         \r\n                     <h2 class=\"title\">\r\n               <span>Toutes les informations dont vous avez besoin pour commencer votre voyage \u00e0 Carbonia.<\/span>\r\n            <\/h2>\r\n                  \r\n                     <div class=\"heading-action\">\r\n               \t\t  <a href=\"https:\/\/carboniaturismo.it\/fr\/idees-de-vacances\/\" class=\"btn-cta btn-theme \">\r\n\t\t\t <span>Pars maintenant<\/span>\r\n\t\t  <\/a>\r\n\r\n\t\t              <\/div>\r\n         \r\n      <\/div>\r\n   <\/div>\r\n<\/div>\t\t\t\t<\/div>\n\t\t\t\t<\/div>\n\t\t\t\t\t<\/div>\n\t\t<\/div>\n\t\t\t\t\t<\/div>\n\t\t<\/section>\n\t\t\t\t<\/div>\n\t\t","protected":false},"excerpt":{"rendered":"<p>Un voyage \u00e0 travers les saveurs du Sulcis. Carbonia n&#8217;a peut-\u00eatre pas de plat typique et caract\u00e9ristique, mais la tradition culinaire de la ville, enracin\u00e9e dans la cuisine de la [&hellip;]<\/p>\n","protected":false},"author":2,"featured_media":0,"parent":3828,"menu_order":0,"comment_status":"closed","ping_status":"closed","template":"","meta":{"rs_blank_template":"","rs_page_bg_color":"","slide_template_v7":"","footnotes":""},"class_list":["post-3981","page","type-page","status-publish","hentry"],"_links":{"self":[{"href":"https:\/\/carboniaturismo.it\/fr\/wp-json\/wp\/v2\/pages\/3981","targetHints":{"allow":["GET"]}}],"collection":[{"href":"https:\/\/carboniaturismo.it\/fr\/wp-json\/wp\/v2\/pages"}],"about":[{"href":"https:\/\/carboniaturismo.it\/fr\/wp-json\/wp\/v2\/types\/page"}],"author":[{"embeddable":true,"href":"https:\/\/carboniaturismo.it\/fr\/wp-json\/wp\/v2\/users\/2"}],"replies":[{"embeddable":true,"href":"https:\/\/carboniaturismo.it\/fr\/wp-json\/wp\/v2\/comments?post=3981"}],"version-history":[{"count":14,"href":"https:\/\/carboniaturismo.it\/fr\/wp-json\/wp\/v2\/pages\/3981\/revisions"}],"predecessor-version":[{"id":11002,"href":"https:\/\/carboniaturismo.it\/fr\/wp-json\/wp\/v2\/pages\/3981\/revisions\/11002"}],"up":[{"embeddable":true,"href":"https:\/\/carboniaturismo.it\/fr\/wp-json\/wp\/v2\/pages\/3828"}],"wp:attachment":[{"href":"https:\/\/carboniaturismo.it\/fr\/wp-json\/wp\/v2\/media?parent=3981"}],"curies":[{"name":"wp","href":"https:\/\/api.w.org\/{rel}","templated":true}]}}