{"id":3973,"date":"2024-12-30T04:32:53","date_gmt":"2024-12-30T04:32:53","guid":{"rendered":"https:\/\/carboniaturismo.it\/scopri-carbonia\/larchitecture\/"},"modified":"2025-02-06T08:17:13","modified_gmt":"2025-02-06T08:17:13","slug":"larchitecture","status":"publish","type":"page","link":"https:\/\/carboniaturismo.it\/fr\/decouvrir-carbonia\/larchitecture\/","title":{"rendered":"Architecture"},"content":{"rendered":"\t\t<div data-elementor-type=\"wp-page\" data-elementor-id=\"3973\" class=\"elementor elementor-3973 elementor-1643\" data-elementor-post-type=\"page\">\n\t\t\t\t\t\t<section class=\"elementor-section elementor-top-section elementor-element elementor-element-2328c3b elementor-section-stretched elementor-section-boxed elementor-section-height-default elementor-section-height-default row-top\" data-id=\"2328c3b\" data-element_type=\"section\" data-e-type=\"section\" data-settings=\"{&quot;stretch_section&quot;:&quot;section-stretched&quot;}\">\n\t\t\t\t\t\t<div class=\"elementor-container elementor-column-gap-default\">\n\t\t\t\t\t<div class=\"elementor-column elementor-col-50 elementor-top-column elementor-element elementor-element-176e0c9\" data-id=\"176e0c9\" data-element_type=\"column\" data-e-type=\"column\">\n\t\t\t<div class=\"elementor-widget-wrap elementor-element-populated\">\n\t\t\t\t\t\t<div class=\"elementor-element elementor-element-2c53006 animated-fast elementor-invisible elementor-widget elementor-widget-gva-heading-block\" data-id=\"2c53006\" data-element_type=\"widget\" data-e-type=\"widget\" data-settings=\"{&quot;_animation&quot;:&quot;fadeInUp&quot;}\" data-widget_type=\"gva-heading-block.default\">\n\t\t\t\t<div class=\"elementor-widget-container\">\n\t\t\t\t\t<div class=\"gva-element-gva-heading-block gva-element\">   <div class=\"align-left style-1 widget gsc-heading box-align-left auto-responsive\">\r\n      <div class=\"content-inner\">\r\n         \r\n                  \r\n           \r\n         \r\n                     <h2 class=\"title\">\r\n               <span>\u00c0 Carbonia, l'architecture est parmi les rues de la ville.<\/span>\r\n            <\/h2>\r\n                  \r\n         \r\n      <\/div>\r\n   <\/div>\r\n<\/div>\t\t\t\t<\/div>\n\t\t\t\t<\/div>\n\t\t\t\t<div class=\"elementor-element elementor-element-065db81 elementor-widget elementor-widget-text-editor\" data-id=\"065db81\" data-element_type=\"widget\" data-e-type=\"widget\" data-widget_type=\"text-editor.default\">\n\t\t\t\t<div class=\"elementor-widget-container\">\n\t\t\t\t\t\t\t\t\t<p>Carbonia est comme un <strong>mus\u00e9e diffus<\/strong>, gr\u00e2ce au patrimoine urbain et architectural que l&#8217;on trouve dans presque tous les quartiers de la ville. La ville fait partie de l&#8217;<strong>itin\u00e9raire <span style=\"text-decoration: underline;\"><a href=\"https:\/\/www.atriumroute.eu\/\" target=\"_blank\" rel=\"noopener\">ATRIUM<\/a> <\/span><a href=\"https:\/\/www.atriumroute.eu\/\" target=\"_blank\" rel=\"noopener\"><span style=\"text-decoration: underline;\">&#8211; Architecture des<\/span><\/a><\/strong><a href=\"https:\/\/www.atriumroute.eu\/\" target=\"_blank\" rel=\"noopener\"><span style=\"text-decoration: underline;\"> r\u00e9gimes <strong>totalitaires<\/strong> du XXe si\u00e8cle <strong>dans la m\u00e9moire urbaine de l&#8217;Europe<\/strong><\/span>,<\/a> d\u00e9di\u00e9 \u00e0 la promotion du tourisme culturel li\u00e9 au patrimoine urbain et architectural des r\u00e9gimes totalitaires du XXe si\u00e8cle. Une fois entr\u00e9 dans Carbonia, il sera facile de <strong>se perdre dans les ruelles et les rues<\/strong> qui relient les b\u00e2timents les plus caract\u00e9ristiques de la ville, profond\u00e9ment li\u00e9s aux \u00e9v\u00e9nements de sa fondation. De la <strong>Piazza Roma<\/strong>, le c\u0153ur de la ville, au complexe <strong>Cine-Teatro de Dopolavoro<\/strong>, au <strong>centre de la gare intermodale<\/strong> et au <strong>Portici delle Poste<\/strong>. Sur les places et dans les rues principales, vous trouverez ce que l&#8217;on appelle les &#8220;<strong>grands totems<\/strong>&#8220;, des structures cens\u00e9es ressembler au fer utilis\u00e9 dans les mines et qui racontent l&#8217;histoire de la ville et de ses travaux de construction.<\/p>\t\t\t\t\t\t\t\t<\/div>\n\t\t\t\t<\/div>\n\t\t\t\t\t<\/div>\n\t\t<\/div>\n\t\t\t\t<div class=\"elementor-column elementor-col-50 elementor-top-column elementor-element elementor-element-3135245 elementor-hidden-tablet elementor-hidden-mobile\" data-id=\"3135245\" data-element_type=\"column\" data-e-type=\"column\">\n\t\t\t<div class=\"elementor-widget-wrap elementor-element-populated\">\n\t\t\t\t\t\t<div class=\"elementor-element elementor-element-3780c85 elementor-widget elementor-widget-image\" data-id=\"3780c85\" data-element_type=\"widget\" data-e-type=\"widget\" data-widget_type=\"image.default\">\n\t\t\t\t<div class=\"elementor-widget-container\">\n\t\t\t\t\t\t\t\t\t\t\t\t\t\t\t<img fetchpriority=\"high\" decoding=\"async\" width=\"900\" height=\"600\" src=\"https:\/\/carboniaturismo.it\/wp-content\/uploads\/2024\/12\/Carbonia_Turismo-Torri_e_Frammento_di_vuoto_a_Piazza_Roma-1024x683.jpg\" class=\"attachment-large size-large wp-image-3075\" alt=\"\" srcset=\"https:\/\/carboniaturismo.it\/wp-content\/uploads\/2024\/12\/Carbonia_Turismo-Torri_e_Frammento_di_vuoto_a_Piazza_Roma-1024x683.jpg 1024w, https:\/\/carboniaturismo.it\/wp-content\/uploads\/2024\/12\/Carbonia_Turismo-Torri_e_Frammento_di_vuoto_a_Piazza_Roma-768x512.jpg 768w, https:\/\/carboniaturismo.it\/wp-content\/uploads\/2024\/12\/Carbonia_Turismo-Torri_e_Frammento_di_vuoto_a_Piazza_Roma.jpg 1080w\" sizes=\"(max-width: 900px) 100vw, 900px\" \/>\t\t\t\t\t\t\t\t\t\t\t\t\t\t\t<\/div>\n\t\t\t\t<\/div>\n\t\t\t\t\t<\/div>\n\t\t<\/div>\n\t\t\t\t\t<\/div>\n\t\t<\/section>\n\t\t\t\t<section class=\"elementor-section elementor-top-section elementor-element elementor-element-dd3d99c elementor-section-boxed elementor-section-height-default elementor-section-height-default row-top\" data-id=\"dd3d99c\" data-element_type=\"section\" data-e-type=\"section\">\n\t\t\t\t\t\t<div class=\"elementor-container elementor-column-gap-default\">\n\t\t\t\t\t<div class=\"elementor-column elementor-col-100 elementor-top-column elementor-element elementor-element-0a4a074\" data-id=\"0a4a074\" data-element_type=\"column\" data-e-type=\"column\">\n\t\t\t<div class=\"elementor-widget-wrap elementor-element-populated\">\n\t\t\t\t\t\t<section class=\"elementor-section elementor-inner-section elementor-element elementor-element-179d950 elementor-section-boxed elementor-section-height-default elementor-section-height-default row-top\" data-id=\"179d950\" data-element_type=\"section\" data-e-type=\"section\">\n\t\t\t\t\t\t<div class=\"elementor-container elementor-column-gap-default\">\n\t\t\t\t\t<div class=\"elementor-column elementor-col-100 elementor-inner-column elementor-element elementor-element-b42325b\" data-id=\"b42325b\" data-element_type=\"column\" data-e-type=\"column\">\n\t\t\t<div class=\"elementor-widget-wrap elementor-element-populated\">\n\t\t\t\t\t\t<div class=\"elementor-element elementor-element-cbe7592 elementor-widget elementor-widget-image\" data-id=\"cbe7592\" data-element_type=\"widget\" data-e-type=\"widget\" data-widget_type=\"image.default\">\n\t\t\t\t<div class=\"elementor-widget-container\">\n\t\t\t\t\t\t\t\t\t\t\t\t\t\t\t<img decoding=\"async\" width=\"124\" height=\"124\" src=\"https:\/\/carboniaturismo.it\/wp-content\/uploads\/2024\/12\/Carbonia-Turismo-Torre-3.png\" class=\"attachment-large size-large wp-image-3063\" alt=\"\" \/>\t\t\t\t\t\t\t\t\t\t\t\t\t\t\t<\/div>\n\t\t\t\t<\/div>\n\t\t\t\t\t<\/div>\n\t\t<\/div>\n\t\t\t\t\t<\/div>\n\t\t<\/section>\n\t\t\t\t\t<\/div>\n\t\t<\/div>\n\t\t\t\t\t<\/div>\n\t\t<\/section>\n\t\t\t\t<section class=\"elementor-section elementor-top-section elementor-element elementor-element-735090e elementor-section-stretched elementor-section-boxed elementor-section-height-default elementor-section-height-default row-top\" data-id=\"735090e\" data-element_type=\"section\" data-e-type=\"section\" data-settings=\"{&quot;stretch_section&quot;:&quot;section-stretched&quot;,&quot;background_background&quot;:&quot;classic&quot;}\">\n\t\t\t\t\t\t<div class=\"elementor-container elementor-column-gap-default\">\n\t\t\t\t\t<div class=\"elementor-column elementor-col-50 elementor-top-column elementor-element elementor-element-3278722\" data-id=\"3278722\" data-element_type=\"column\" data-e-type=\"column\">\n\t\t\t<div class=\"elementor-widget-wrap elementor-element-populated\">\n\t\t\t\t\t\t<div class=\"elementor-element elementor-element-f78e067 elementor-widget elementor-widget-image\" data-id=\"f78e067\" data-element_type=\"widget\" data-e-type=\"widget\" data-widget_type=\"image.default\">\n\t\t\t\t<div class=\"elementor-widget-container\">\n\t\t\t\t\t\t\t\t\t\t\t\t\t\t\t<img decoding=\"async\" width=\"580\" height=\"450\" src=\"https:\/\/carboniaturismo.it\/wp-content\/uploads\/2024\/12\/Carbonia-Turismo-Piazza-Roma-580x450-1-1.jpg\" class=\"attachment-large size-large wp-image-3084\" alt=\"\" \/>\t\t\t\t\t\t\t\t\t\t\t\t\t\t\t<\/div>\n\t\t\t\t<\/div>\n\t\t\t\t\t<\/div>\n\t\t<\/div>\n\t\t\t\t<div class=\"elementor-column elementor-col-50 elementor-top-column elementor-element elementor-element-165e1aa\" data-id=\"165e1aa\" data-element_type=\"column\" data-e-type=\"column\">\n\t\t\t<div class=\"elementor-widget-wrap elementor-element-populated\">\n\t\t\t\t\t\t<div class=\"elementor-element elementor-element-998c9ff elementor-widget elementor-widget-heading\" data-id=\"998c9ff\" data-element_type=\"widget\" data-e-type=\"widget\" data-widget_type=\"heading.default\">\n\t\t\t\t<div class=\"elementor-widget-container\">\n\t\t\t\t\t<h2 class=\"elementor-heading-title elementor-size-default\">Place de Rome<\/h2>\t\t\t\t<\/div>\n\t\t\t\t<\/div>\n\t\t\t\t<div class=\"elementor-element elementor-element-be68526 elementor-widget elementor-widget-text-editor\" data-id=\"be68526\" data-element_type=\"widget\" data-e-type=\"widget\" data-widget_type=\"text-editor.default\">\n\t\t\t\t<div class=\"elementor-widget-container\">\n\t\t\t\t\t\t\t\t\t<p>C&#8217;est le <strong>symbole<\/strong> de Carbonia.<\/p><p>Le signe de reconnaissance de la ville, enfant de l&#8217;\u00e9poque des fondateurs.<br \/><br \/>Un lieu qui vit dans le pr\u00e9sent et sait raconter le pass\u00e9.<\/p>\t\t\t\t\t\t\t\t<\/div>\n\t\t\t\t<\/div>\n\t\t\t\t<div class=\"elementor-element elementor-element-9113db1 elementor-align-left app-button elementor-widget__width-auto animated-fast elementor-invisible elementor-widget elementor-widget-button\" data-id=\"9113db1\" data-element_type=\"widget\" data-e-type=\"widget\" data-settings=\"{&quot;_animation&quot;:&quot;fadeInLeft&quot;}\" data-widget_type=\"button.default\">\n\t\t\t\t<div class=\"elementor-widget-container\">\n\t\t\t\t\t\t\t\t\t<div class=\"elementor-button-wrapper\">\n\t\t\t\t\t<a class=\"elementor-button elementor-button-link elementor-size-sm\" href=\"https:\/\/carboniaturismo.it\/fr\/larchitecture\/piazza-roma\/\">\n\t\t\t\t\t\t<span class=\"elementor-button-content-wrapper\">\n\t\t\t\t\t\t\t\t\t<span class=\"elementor-button-text\">En savoir plus<\/span>\n\t\t\t\t\t<\/span>\n\t\t\t\t\t<\/a>\n\t\t\t\t<\/div>\n\t\t\t\t\t\t\t\t<\/div>\n\t\t\t\t<\/div>\n\t\t\t\t\t<\/div>\n\t\t<\/div>\n\t\t\t\t\t<\/div>\n\t\t<\/section>\n\t\t\t\t<section class=\"elementor-section elementor-top-section elementor-element elementor-element-a56b8a9 elementor-section-stretched elementor-section-boxed elementor-section-height-default elementor-section-height-default row-top\" data-id=\"a56b8a9\" data-element_type=\"section\" data-e-type=\"section\" data-settings=\"{&quot;stretch_section&quot;:&quot;section-stretched&quot;,&quot;background_background&quot;:&quot;classic&quot;}\">\n\t\t\t\t\t\t<div class=\"elementor-container elementor-column-gap-default\">\n\t\t\t\t\t<div class=\"elementor-column elementor-col-50 elementor-top-column elementor-element elementor-element-c338aca\" data-id=\"c338aca\" data-element_type=\"column\" data-e-type=\"column\">\n\t\t\t<div class=\"elementor-widget-wrap elementor-element-populated\">\n\t\t\t\t\t\t<div class=\"elementor-element elementor-element-c9c8015 elementor-widget elementor-widget-image\" data-id=\"c9c8015\" data-element_type=\"widget\" data-e-type=\"widget\" data-widget_type=\"image.default\">\n\t\t\t\t<div class=\"elementor-widget-container\">\n\t\t\t\t\t\t\t\t\t\t\t\t\t\t\t<img loading=\"lazy\" decoding=\"async\" width=\"580\" height=\"450\" src=\"https:\/\/carboniaturismo.it\/wp-content\/uploads\/2024\/12\/Carbonia_Turismo-Teatro-1.jpg\" class=\"attachment-large size-large wp-image-3081\" alt=\"\" \/>\t\t\t\t\t\t\t\t\t\t\t\t\t\t\t<\/div>\n\t\t\t\t<\/div>\n\t\t\t\t\t<\/div>\n\t\t<\/div>\n\t\t\t\t<div class=\"elementor-column elementor-col-50 elementor-top-column elementor-element elementor-element-f9b5a3e\" data-id=\"f9b5a3e\" data-element_type=\"column\" data-e-type=\"column\">\n\t\t\t<div class=\"elementor-widget-wrap elementor-element-populated\">\n\t\t\t\t\t\t<div class=\"elementor-element elementor-element-e62effa elementor-widget elementor-widget-heading\" data-id=\"e62effa\" data-element_type=\"widget\" data-e-type=\"widget\" data-widget_type=\"heading.default\">\n\t\t\t\t<div class=\"elementor-widget-container\">\n\t\t\t\t\t<h2 class=\"elementor-heading-title elementor-size-default\">Cin\u00e9-th\u00e9\u00e2tre Dopolavoro<\/h2>\t\t\t\t<\/div>\n\t\t\t\t<\/div>\n\t\t\t\t<div class=\"elementor-element elementor-element-dc676d8 elementor-widget elementor-widget-text-editor\" data-id=\"dc676d8\" data-element_type=\"widget\" data-e-type=\"widget\" data-widget_type=\"text-editor.default\">\n\t\t\t\t<div class=\"elementor-widget-container\">\n\t\t\t\t\t\t\t\t\tAutour de la Piazza Roma se trouve le complexe Dopolavoro Cine-Teatro, un lieu autrefois d\u00e9di\u00e9 aux <strong>activit\u00e9s r\u00e9cr\u00e9atives et culturelles<\/strong>, aujourd&#8217;hui devenu un centre de services et polyvalent.\t\t\t\t\t\t\t\t<\/div>\n\t\t\t\t<\/div>\n\t\t\t\t<div class=\"elementor-element elementor-element-f84e578 elementor-align-left app-button elementor-widget__width-auto animated-fast elementor-invisible elementor-widget elementor-widget-button\" data-id=\"f84e578\" data-element_type=\"widget\" data-e-type=\"widget\" data-settings=\"{&quot;_animation&quot;:&quot;fadeInLeft&quot;}\" data-widget_type=\"button.default\">\n\t\t\t\t<div class=\"elementor-widget-container\">\n\t\t\t\t\t\t\t\t\t<div class=\"elementor-button-wrapper\">\n\t\t\t\t\t<a class=\"elementor-button elementor-button-link elementor-size-sm\" href=\"https:\/\/carboniaturismo.it\/fr\/larchitecture\/dopolavoro-cine-teatro\/\">\n\t\t\t\t\t\t<span class=\"elementor-button-content-wrapper\">\n\t\t\t\t\t\t\t\t\t<span class=\"elementor-button-text\">En savoir plus<\/span>\n\t\t\t\t\t<\/span>\n\t\t\t\t\t<\/a>\n\t\t\t\t<\/div>\n\t\t\t\t\t\t\t\t<\/div>\n\t\t\t\t<\/div>\n\t\t\t\t\t<\/div>\n\t\t<\/div>\n\t\t\t\t\t<\/div>\n\t\t<\/section>\n\t\t\t\t<section class=\"elementor-section elementor-top-section elementor-element elementor-element-a0387ef elementor-section-stretched elementor-section-boxed elementor-section-height-default elementor-section-height-default row-top\" data-id=\"a0387ef\" data-element_type=\"section\" data-e-type=\"section\" data-settings=\"{&quot;stretch_section&quot;:&quot;section-stretched&quot;,&quot;background_background&quot;:&quot;classic&quot;}\">\n\t\t\t\t\t\t<div class=\"elementor-container elementor-column-gap-default\">\n\t\t\t\t\t<div class=\"elementor-column elementor-col-50 elementor-top-column elementor-element elementor-element-6d11add\" data-id=\"6d11add\" data-element_type=\"column\" data-e-type=\"column\">\n\t\t\t<div class=\"elementor-widget-wrap elementor-element-populated\">\n\t\t\t\t\t\t<div class=\"elementor-element elementor-element-40f23f1 elementor-widget elementor-widget-image\" data-id=\"40f23f1\" data-element_type=\"widget\" data-e-type=\"widget\" data-widget_type=\"image.default\">\n\t\t\t\t<div class=\"elementor-widget-container\">\n\t\t\t\t\t\t\t\t\t\t\t\t\t\t\t<img loading=\"lazy\" decoding=\"async\" width=\"900\" height=\"506\" src=\"https:\/\/carboniaturismo.it\/wp-content\/uploads\/2025\/01\/Sardegna-Turismo-Carbonia-Centro-Intermodale-stazione-Serbariu-lr.jpg\" class=\"attachment-large size-large wp-image-7351\" alt=\"\" srcset=\"https:\/\/carboniaturismo.it\/wp-content\/uploads\/2025\/01\/Sardegna-Turismo-Carbonia-Centro-Intermodale-stazione-Serbariu-lr.jpg 1000w, https:\/\/carboniaturismo.it\/wp-content\/uploads\/2025\/01\/Sardegna-Turismo-Carbonia-Centro-Intermodale-stazione-Serbariu-lr-768x432.jpg 768w\" sizes=\"(max-width: 900px) 100vw, 900px\" \/>\t\t\t\t\t\t\t\t\t\t\t\t\t\t\t<\/div>\n\t\t\t\t<\/div>\n\t\t\t\t\t<\/div>\n\t\t<\/div>\n\t\t\t\t<div class=\"elementor-column elementor-col-50 elementor-top-column elementor-element elementor-element-1b35dc6\" data-id=\"1b35dc6\" data-element_type=\"column\" data-e-type=\"column\">\n\t\t\t<div class=\"elementor-widget-wrap elementor-element-populated\">\n\t\t\t\t\t\t<div class=\"elementor-element elementor-element-cf42032 elementor-widget elementor-widget-heading\" data-id=\"cf42032\" data-element_type=\"widget\" data-e-type=\"widget\" data-widget_type=\"heading.default\">\n\t\t\t\t<div class=\"elementor-widget-container\">\n\t\t\t\t\t<h2 class=\"elementor-heading-title elementor-size-default\">Centre de la gare intermodale<\/h2>\t\t\t\t<\/div>\n\t\t\t\t<\/div>\n\t\t\t\t<div class=\"elementor-element elementor-element-2ab2b3f elementor-widget elementor-widget-text-editor\" data-id=\"2ab2b3f\" data-element_type=\"widget\" data-e-type=\"widget\" data-widget_type=\"text-editor.default\">\n\t\t\t\t<div class=\"elementor-widget-container\">\n\t\t\t\t\t\t\t\t\tLe centre est la gare de Carbonia Serbariu, un v\u00e9ritable tournant dans la gestion des services de transport urbain et suburbain de la ville et dans l&#8217;histoire du <strong>syst\u00e8me de transport sarde<\/strong>.\t\t\t\t\t\t\t\t<\/div>\n\t\t\t\t<\/div>\n\t\t\t\t<div class=\"elementor-element elementor-element-8505d6c elementor-align-left app-button elementor-widget__width-auto animated-fast elementor-invisible elementor-widget elementor-widget-button\" data-id=\"8505d6c\" data-element_type=\"widget\" data-e-type=\"widget\" data-settings=\"{&quot;_animation&quot;:&quot;fadeInLeft&quot;}\" data-widget_type=\"button.default\">\n\t\t\t\t<div class=\"elementor-widget-container\">\n\t\t\t\t\t\t\t\t\t<div class=\"elementor-button-wrapper\">\n\t\t\t\t\t<a class=\"elementor-button elementor-button-link elementor-size-sm\" href=\"https:\/\/carboniaturismo.it\/fr\/larchitecture\/centre-de-la-gare-intermodale\/\">\n\t\t\t\t\t\t<span class=\"elementor-button-content-wrapper\">\n\t\t\t\t\t\t\t\t\t<span class=\"elementor-button-text\">En savoir plus<\/span>\n\t\t\t\t\t<\/span>\n\t\t\t\t\t<\/a>\n\t\t\t\t<\/div>\n\t\t\t\t\t\t\t\t<\/div>\n\t\t\t\t<\/div>\n\t\t\t\t\t<\/div>\n\t\t<\/div>\n\t\t\t\t\t<\/div>\n\t\t<\/section>\n\t\t\t\t<section class=\"elementor-section elementor-top-section elementor-element elementor-element-fd5f2c1 elementor-section-boxed elementor-section-height-default elementor-section-height-default row-top\" data-id=\"fd5f2c1\" data-element_type=\"section\" data-e-type=\"section\">\n\t\t\t\t\t\t<div class=\"elementor-container elementor-column-gap-default\">\n\t\t\t\t\t<div class=\"elementor-column elementor-col-100 elementor-top-column elementor-element elementor-element-c833a9b\" data-id=\"c833a9b\" data-element_type=\"column\" data-e-type=\"column\">\n\t\t\t<div class=\"elementor-widget-wrap elementor-element-populated\">\n\t\t\t\t\t\t<div class=\"elementor-element elementor-element-58d79ad elementor-widget elementor-widget-image\" data-id=\"58d79ad\" data-element_type=\"widget\" data-e-type=\"widget\" data-widget_type=\"image.default\">\n\t\t\t\t<div class=\"elementor-widget-container\">\n\t\t\t\t\t\t\t\t\t\t\t\t\t\t\t<img loading=\"lazy\" decoding=\"async\" width=\"768\" height=\"211\" src=\"https:\/\/carboniaturismo.it\/wp-content\/uploads\/2024\/12\/Risorsa-3-768x211.png\" class=\"attachment-medium_large size-medium_large wp-image-2979\" alt=\"\" srcset=\"https:\/\/carboniaturismo.it\/wp-content\/uploads\/2024\/12\/Risorsa-3-768x211.png 768w, https:\/\/carboniaturismo.it\/wp-content\/uploads\/2024\/12\/Risorsa-3-1024x282.png 1024w, https:\/\/carboniaturismo.it\/wp-content\/uploads\/2024\/12\/Risorsa-3.png 1268w\" sizes=\"(max-width: 768px) 100vw, 768px\" \/>\t\t\t\t\t\t\t\t\t\t\t\t\t\t\t<\/div>\n\t\t\t\t<\/div>\n\t\t\t\t\t<\/div>\n\t\t<\/div>\n\t\t\t\t\t<\/div>\n\t\t<\/section>\n\t\t\t\t<section class=\"elementor-section elementor-top-section elementor-element elementor-element-95692ba elementor-section-full_width elementor-section-stretched elementor-section-height-default elementor-section-height-default row-top\" data-id=\"95692ba\" data-element_type=\"section\" data-e-type=\"section\" data-settings=\"{&quot;stretch_section&quot;:&quot;section-stretched&quot;}\">\n\t\t\t\t\t\t<div class=\"elementor-container elementor-column-gap-default\">\n\t\t\t\t\t<div class=\"elementor-column elementor-col-50 elementor-top-column elementor-element elementor-element-0e50970\" data-id=\"0e50970\" data-element_type=\"column\" data-e-type=\"column\" data-settings=\"{&quot;background_background&quot;:&quot;classic&quot;}\">\n\t\t\t<div class=\"elementor-widget-wrap elementor-element-populated\">\n\t\t\t\t\t\t<div class=\"elementor-element elementor-element-ae6c446 elementor-widget elementor-widget-spacer\" data-id=\"ae6c446\" data-element_type=\"widget\" data-e-type=\"widget\" data-widget_type=\"spacer.default\">\n\t\t\t\t<div class=\"elementor-widget-container\">\n\t\t\t\t\t\t\t<div class=\"elementor-spacer\">\n\t\t\t<div class=\"elementor-spacer-inner\"><\/div>\n\t\t<\/div>\n\t\t\t\t\t\t<\/div>\n\t\t\t\t<\/div>\n\t\t\t\t\t<\/div>\n\t\t<\/div>\n\t\t\t\t<div class=\"elementor-column elementor-col-50 elementor-top-column elementor-element elementor-element-50a2b7e\" data-id=\"50a2b7e\" data-element_type=\"column\" data-e-type=\"column\" data-settings=\"{&quot;background_background&quot;:&quot;classic&quot;}\">\n\t\t\t<div class=\"elementor-widget-wrap elementor-element-populated\">\n\t\t\t\t\t\t<div class=\"elementor-element elementor-element-1334a5d elementor-widget elementor-widget-gva-heading-block\" data-id=\"1334a5d\" data-element_type=\"widget\" data-e-type=\"widget\" data-widget_type=\"gva-heading-block.default\">\n\t\t\t\t<div class=\"elementor-widget-container\">\n\t\t\t\t\t<div class=\"gva-element-gva-heading-block gva-element\">   <div class=\"align-center style-1 widget gsc-heading box-align- auto-responsive\">\r\n      <div class=\"content-inner\">\r\n         \r\n                  \r\n                     <div class=\"sub-title\"><span>Planifiez vos vacances<\/span><\/div>\r\n           \r\n         \r\n                     <h2 class=\"title\">\r\n               <span>Toutes les informations dont vous avez besoin pour commencer votre voyage \u00e0 Carbonia.<\/span>\r\n            <\/h2>\r\n                  \r\n                     <div class=\"heading-action\">\r\n               \t\t  <a href=\"https:\/\/carboniaturismo.it\/fr\/idees-de-vacances\/\" class=\"btn-cta btn-theme \">\r\n\t\t\t <span>Pars maintenant<\/span>\r\n\t\t  <\/a>\r\n\r\n\t\t              <\/div>\r\n         \r\n      <\/div>\r\n   <\/div>\r\n<\/div>\t\t\t\t<\/div>\n\t\t\t\t<\/div>\n\t\t\t\t\t<\/div>\n\t\t<\/div>\n\t\t\t\t\t<\/div>\n\t\t<\/section>\n\t\t\t\t<\/div>\n\t\t","protected":false},"excerpt":{"rendered":"<p>\u00c0 Carbonia, l&#8217;architecture est parmi les rues de la ville. Carbonia est comme un mus\u00e9e diffus, gr\u00e2ce au patrimoine urbain et architectural que l&#8217;on trouve dans presque tous les quartiers [&hellip;]<\/p>\n","protected":false},"author":2,"featured_media":0,"parent":3890,"menu_order":0,"comment_status":"closed","ping_status":"closed","template":"","meta":{"rs_blank_template":"","rs_page_bg_color":"","slide_template_v7":"","footnotes":""},"class_list":["post-3973","page","type-page","status-publish","hentry"],"_links":{"self":[{"href":"https:\/\/carboniaturismo.it\/fr\/wp-json\/wp\/v2\/pages\/3973","targetHints":{"allow":["GET"]}}],"collection":[{"href":"https:\/\/carboniaturismo.it\/fr\/wp-json\/wp\/v2\/pages"}],"about":[{"href":"https:\/\/carboniaturismo.it\/fr\/wp-json\/wp\/v2\/types\/page"}],"author":[{"embeddable":true,"href":"https:\/\/carboniaturismo.it\/fr\/wp-json\/wp\/v2\/users\/2"}],"replies":[{"embeddable":true,"href":"https:\/\/carboniaturismo.it\/fr\/wp-json\/wp\/v2\/comments?post=3973"}],"version-history":[{"count":20,"href":"https:\/\/carboniaturismo.it\/fr\/wp-json\/wp\/v2\/pages\/3973\/revisions"}],"predecessor-version":[{"id":11715,"href":"https:\/\/carboniaturismo.it\/fr\/wp-json\/wp\/v2\/pages\/3973\/revisions\/11715"}],"up":[{"embeddable":true,"href":"https:\/\/carboniaturismo.it\/fr\/wp-json\/wp\/v2\/pages\/3890"}],"wp:attachment":[{"href":"https:\/\/carboniaturismo.it\/fr\/wp-json\/wp\/v2\/media?parent=3973"}],"curies":[{"name":"wp","href":"https:\/\/api.w.org\/{rel}","templated":true}]}}