{"id":3873,"date":"2020-12-08T03:54:16","date_gmt":"2020-12-08T03:54:16","guid":{"rendered":"https:\/\/carboniaturismo.it\/eventi\/"},"modified":"2025-01-16T10:08:34","modified_gmt":"2025-01-16T10:08:34","slug":"evenements","status":"publish","type":"page","link":"https:\/\/carboniaturismo.it\/fr\/evenements\/","title":{"rendered":"Evenements"},"content":{"rendered":"\t\t<div data-elementor-type=\"wp-page\" data-elementor-id=\"3873\" class=\"elementor elementor-3873 elementor-1075\" data-elementor-post-type=\"page\">\n\t\t\t\t\t\t<section class=\"elementor-section elementor-top-section elementor-element elementor-element-8875b1c elementor-section-boxed elementor-section-height-default elementor-section-height-default row-top\" data-id=\"8875b1c\" data-element_type=\"section\" data-e-type=\"section\">\n\t\t\t\t\t\t<div class=\"elementor-container elementor-column-gap-default\">\n\t\t\t\t\t<div class=\"elementor-column elementor-col-100 elementor-top-column elementor-element elementor-element-6668a7c\" data-id=\"6668a7c\" data-element_type=\"column\" data-e-type=\"column\">\n\t\t\t<div class=\"elementor-widget-wrap elementor-element-populated\">\n\t\t\t\t\t\t<div class=\"elementor-element elementor-element-1da66f6 elementor-grid-3 elementor-grid-tablet-2 elementor-grid-mobile-1 elementor-posts--thumbnail-top elementor-card-shadow-yes elementor-posts__hover-gradient elementor-widget elementor-widget-posts\" data-id=\"1da66f6\" data-element_type=\"widget\" data-e-type=\"widget\" data-settings=\"{&quot;cards_columns&quot;:&quot;3&quot;,&quot;cards_columns_tablet&quot;:&quot;2&quot;,&quot;cards_columns_mobile&quot;:&quot;1&quot;,&quot;cards_row_gap&quot;:{&quot;unit&quot;:&quot;px&quot;,&quot;size&quot;:35,&quot;sizes&quot;:[]},&quot;cards_row_gap_tablet&quot;:{&quot;unit&quot;:&quot;px&quot;,&quot;size&quot;:&quot;&quot;,&quot;sizes&quot;:[]},&quot;cards_row_gap_mobile&quot;:{&quot;unit&quot;:&quot;px&quot;,&quot;size&quot;:&quot;&quot;,&quot;sizes&quot;:[]}}\" data-widget_type=\"posts.cards\">\n\t\t\t\t<div class=\"elementor-widget-container\">\n\t\t\t\t\t\t\t<div class=\"elementor-posts-container elementor-posts elementor-posts--skin-cards elementor-grid\" role=\"list\">\n\t\t\t\t<article class=\"elementor-post elementor-grid-item post-8110 post type-post status-publish format-standard has-post-thumbnail hentry category-event-fr\" role=\"listitem\">\n\t\t\t<div class=\"elementor-post__card\">\n\t\t\t\t<a class=\"elementor-post__thumbnail__link\" href=\"https:\/\/carboniaturismo.it\/fr\/noel-ensemble-2023\/\" tabindex=\"-1\" ><div class=\"elementor-post__thumbnail\"><img fetchpriority=\"high\" decoding=\"async\" width=\"600\" height=\"600\" src=\"https:\/\/carboniaturismo.it\/wp-content\/uploads\/2025\/01\/CarboniaTurismo-Nataleinsieme2023-600x600.jpeg\" class=\"attachment-medium size-medium wp-image-7928\" alt=\"\" srcset=\"https:\/\/carboniaturismo.it\/wp-content\/uploads\/2025\/01\/CarboniaTurismo-Nataleinsieme2023-600x600.jpeg 600w, https:\/\/carboniaturismo.it\/wp-content\/uploads\/2025\/01\/CarboniaTurismo-Nataleinsieme2023-180x180.jpeg 180w, https:\/\/carboniaturismo.it\/wp-content\/uploads\/2025\/01\/CarboniaTurismo-Nataleinsieme2023-100x100.jpeg 100w, https:\/\/carboniaturismo.it\/wp-content\/uploads\/2025\/01\/CarboniaTurismo-Nataleinsieme2023-1024x1024.jpeg 1024w\" sizes=\"(max-width: 600px) 100vw, 600px\" \/><\/div><\/a>\n\t\t\t\t<div class=\"elementor-post__text\">\n\t\t\t\t<h3 class=\"elementor-post__title\">\n\t\t\t<a href=\"https:\/\/carboniaturismo.it\/fr\/noel-ensemble-2023\/\" >\n\t\t\t\tNo\u00ebl ensemble 2023\t\t\t<\/a>\n\t\t<\/h3>\n\t\t\t\t<div class=\"elementor-post__excerpt\">\n\t\t\t<p>De la f\u00eate de l\u2019Immacul\u00e9e Conception au 6 janvier 2024, Carbonia illumine la magie de No\u00ebl.<\/p>\n\t\t<\/div>\n\t\t\n\t\t<a class=\"elementor-post__read-more\" href=\"https:\/\/carboniaturismo.it\/fr\/noel-ensemble-2023\/\" aria-label=\"Read more about No\u00ebl ensemble 2023\" tabindex=\"-1\" >\n\t\t\tLeggi di pi\u00f9 \u00bb\t\t<\/a>\n\n\t\t\t\t<\/div>\n\t\t\t\t<div class=\"elementor-post__meta-data\">\n\t\t\t\t\t<span class=\"elementor-post-date\">\n\t\t\t16 janvier 2025\t\t<\/span>\n\t\t\t\t<\/div>\n\t\t\t\t\t<\/div>\n\t\t<\/article>\n\t\t\t\t<article class=\"elementor-post elementor-grid-item post-8108 post type-post status-publish format-standard has-post-thumbnail hentry category-event-fr\" role=\"listitem\">\n\t\t\t<div class=\"elementor-post__card\">\n\t\t\t\t<a class=\"elementor-post__thumbnail__link\" href=\"https:\/\/carboniaturismo.it\/fr\/lete-ensemble-2023\/\" tabindex=\"-1\" ><div class=\"elementor-post__thumbnail\"><img decoding=\"async\" width=\"600\" height=\"600\" src=\"https:\/\/carboniaturismo.it\/wp-content\/uploads\/2025\/01\/Carbonia-Turismo-ViviCarbonia-ESTIAMOINSIEME-2023-600x600.jpg\" class=\"attachment-medium size-medium wp-image-7922\" alt=\"\" srcset=\"https:\/\/carboniaturismo.it\/wp-content\/uploads\/2025\/01\/Carbonia-Turismo-ViviCarbonia-ESTIAMOINSIEME-2023-600x600.jpg 600w, https:\/\/carboniaturismo.it\/wp-content\/uploads\/2025\/01\/Carbonia-Turismo-ViviCarbonia-ESTIAMOINSIEME-2023-180x180.jpg 180w, https:\/\/carboniaturismo.it\/wp-content\/uploads\/2025\/01\/Carbonia-Turismo-ViviCarbonia-ESTIAMOINSIEME-2023-100x100.jpg 100w\" sizes=\"(max-width: 600px) 100vw, 600px\" \/><\/div><\/a>\n\t\t\t\t<div class=\"elementor-post__text\">\n\t\t\t\t<h3 class=\"elementor-post__title\">\n\t\t\t<a href=\"https:\/\/carboniaturismo.it\/fr\/lete-ensemble-2023\/\" >\n\t\t\t\tL\u2019\u00e9t\u00e9 ensemble 2023\t\t\t<\/a>\n\t\t<\/h3>\n\t\t\t\t<div class=\"elementor-post__excerpt\">\n\t\t\t<p>Tous les \u00e9v\u00e9nements d\u2019Estiamoinsieme 2023, soir\u00e9e par soir\u00e9e #ViviCarbonia<\/p>\n\t\t<\/div>\n\t\t\n\t\t<a class=\"elementor-post__read-more\" href=\"https:\/\/carboniaturismo.it\/fr\/lete-ensemble-2023\/\" aria-label=\"Read more about L\u2019\u00e9t\u00e9 ensemble 2023\" tabindex=\"-1\" >\n\t\t\tLeggi di pi\u00f9 \u00bb\t\t<\/a>\n\n\t\t\t\t<\/div>\n\t\t\t\t<div class=\"elementor-post__meta-data\">\n\t\t\t\t\t<span class=\"elementor-post-date\">\n\t\t\t16 janvier 2025\t\t<\/span>\n\t\t\t\t<\/div>\n\t\t\t\t\t<\/div>\n\t\t<\/article>\n\t\t\t\t<article class=\"elementor-post elementor-grid-item post-8114 post type-post status-publish format-standard has-post-thumbnail hentry category-event-fr\" role=\"listitem\">\n\t\t\t<div class=\"elementor-post__card\">\n\t\t\t\t<a class=\"elementor-post__thumbnail__link\" href=\"https:\/\/carboniaturismo.it\/fr\/programme-devenements-noel-ensemble-2022\/\" tabindex=\"-1\" ><div class=\"elementor-post__thumbnail\"><img decoding=\"async\" width=\"600\" height=\"600\" src=\"https:\/\/carboniaturismo.it\/wp-content\/uploads\/2025\/01\/Carbonia-Turismo-Eventi-Intrattenimento-600x600.png\" class=\"attachment-medium size-medium wp-image-7916\" alt=\"\" srcset=\"https:\/\/carboniaturismo.it\/wp-content\/uploads\/2025\/01\/Carbonia-Turismo-Eventi-Intrattenimento-600x600.png 600w, https:\/\/carboniaturismo.it\/wp-content\/uploads\/2025\/01\/Carbonia-Turismo-Eventi-Intrattenimento-180x180.png 180w, https:\/\/carboniaturismo.it\/wp-content\/uploads\/2025\/01\/Carbonia-Turismo-Eventi-Intrattenimento-100x100.png 100w, https:\/\/carboniaturismo.it\/wp-content\/uploads\/2025\/01\/Carbonia-Turismo-Eventi-Intrattenimento-1024x1024.png 1024w\" sizes=\"(max-width: 600px) 100vw, 600px\" \/><\/div><\/a>\n\t\t\t\t<div class=\"elementor-post__text\">\n\t\t\t\t<h3 class=\"elementor-post__title\">\n\t\t\t<a href=\"https:\/\/carboniaturismo.it\/fr\/programme-devenements-noel-ensemble-2022\/\" >\n\t\t\t\tProgramme d\u2019\u00e9v\u00e9nements \u00ab No\u00ebl ensemble 2022\t\t\t<\/a>\n\t\t<\/h3>\n\t\t\t\t<div class=\"elementor-post__excerpt\">\n\t\t\t<p>Le programme des \u00e9v\u00e9nements de No\u00ebl promus par l\u2019administration municipale du jeudi 8 au dimanche 25 d\u00e9cembre.<\/p>\n\t\t<\/div>\n\t\t\n\t\t<a class=\"elementor-post__read-more\" href=\"https:\/\/carboniaturismo.it\/fr\/programme-devenements-noel-ensemble-2022\/\" aria-label=\"Read more about Programme d\u2019\u00e9v\u00e9nements \u00ab No\u00ebl ensemble 2022\" tabindex=\"-1\" >\n\t\t\tLeggi di pi\u00f9 \u00bb\t\t<\/a>\n\n\t\t\t\t<\/div>\n\t\t\t\t<div class=\"elementor-post__meta-data\">\n\t\t\t\t\t<span class=\"elementor-post-date\">\n\t\t\t16 janvier 2025\t\t<\/span>\n\t\t\t\t<\/div>\n\t\t\t\t\t<\/div>\n\t\t<\/article>\n\t\t\t\t<article class=\"elementor-post elementor-grid-item post-8112 post type-post status-publish format-standard has-post-thumbnail hentry category-event-fr\" role=\"listitem\">\n\t\t\t<div class=\"elementor-post__card\">\n\t\t\t\t<a class=\"elementor-post__thumbnail__link\" href=\"https:\/\/carboniaturismo.it\/fr\/summer-together-2022-le-programme-des-evenements-de-la-ville-est-publie\/\" tabindex=\"-1\" ><div class=\"elementor-post__thumbnail\"><img decoding=\"async\" width=\"600\" height=\"600\" src=\"https:\/\/carboniaturismo.it\/wp-content\/uploads\/2025\/01\/Carbonia-Turismo-Eventi-Intrattenimento-600x600.png\" class=\"attachment-medium size-medium wp-image-7916\" alt=\"\" srcset=\"https:\/\/carboniaturismo.it\/wp-content\/uploads\/2025\/01\/Carbonia-Turismo-Eventi-Intrattenimento-600x600.png 600w, https:\/\/carboniaturismo.it\/wp-content\/uploads\/2025\/01\/Carbonia-Turismo-Eventi-Intrattenimento-180x180.png 180w, https:\/\/carboniaturismo.it\/wp-content\/uploads\/2025\/01\/Carbonia-Turismo-Eventi-Intrattenimento-100x100.png 100w, https:\/\/carboniaturismo.it\/wp-content\/uploads\/2025\/01\/Carbonia-Turismo-Eventi-Intrattenimento-1024x1024.png 1024w\" sizes=\"(max-width: 600px) 100vw, 600px\" \/><\/div><\/a>\n\t\t\t\t<div class=\"elementor-post__text\">\n\t\t\t\t<h3 class=\"elementor-post__title\">\n\t\t\t<a href=\"https:\/\/carboniaturismo.it\/fr\/summer-together-2022-le-programme-des-evenements-de-la-ville-est-publie\/\" >\n\t\t\t\tSummer Together 2022, le programme des \u00e9v\u00e9nements de la ville est publi\u00e9\t\t\t<\/a>\n\t\t<\/h3>\n\t\t\t\t<div class=\"elementor-post__excerpt\">\n\t\t\t<p>Tous les \u00e9v\u00e9nements d\u2019Estiamoinsieme 2022, soir\u00e9e par soir\u00e9e, jusqu\u2019au 31 ao\u00fbt.<\/p>\n\t\t<\/div>\n\t\t\n\t\t<a class=\"elementor-post__read-more\" href=\"https:\/\/carboniaturismo.it\/fr\/summer-together-2022-le-programme-des-evenements-de-la-ville-est-publie\/\" aria-label=\"Read more about Summer Together 2022, le programme des \u00e9v\u00e9nements de la ville est publi\u00e9\" tabindex=\"-1\" >\n\t\t\tLeggi di pi\u00f9 \u00bb\t\t<\/a>\n\n\t\t\t\t<\/div>\n\t\t\t\t<div class=\"elementor-post__meta-data\">\n\t\t\t\t\t<span class=\"elementor-post-date\">\n\t\t\t16 janvier 2025\t\t<\/span>\n\t\t\t\t<\/div>\n\t\t\t\t\t<\/div>\n\t\t<\/article>\n\t\t\t\t<\/div>\n\t\t\n\t\t\t\t\t\t<\/div>\n\t\t\t\t<\/div>\n\t\t\t\t\t<\/div>\n\t\t<\/div>\n\t\t\t\t\t<\/div>\n\t\t<\/section>\n\t\t\t\t<\/div>\n\t\t","protected":false},"excerpt":{"rendered":"","protected":false},"author":1,"featured_media":0,"parent":0,"menu_order":0,"comment_status":"closed","ping_status":"closed","template":"","meta":{"rs_blank_template":"","rs_page_bg_color":"","slide_template_v7":"","footnotes":""},"class_list":["post-3873","page","type-page","status-publish","hentry"],"_links":{"self":[{"href":"https:\/\/carboniaturismo.it\/fr\/wp-json\/wp\/v2\/pages\/3873","targetHints":{"allow":["GET"]}}],"collection":[{"href":"https:\/\/carboniaturismo.it\/fr\/wp-json\/wp\/v2\/pages"}],"about":[{"href":"https:\/\/carboniaturismo.it\/fr\/wp-json\/wp\/v2\/types\/page"}],"author":[{"embeddable":true,"href":"https:\/\/carboniaturismo.it\/fr\/wp-json\/wp\/v2\/users\/1"}],"replies":[{"embeddable":true,"href":"https:\/\/carboniaturismo.it\/fr\/wp-json\/wp\/v2\/comments?post=3873"}],"version-history":[{"count":18,"href":"https:\/\/carboniaturismo.it\/fr\/wp-json\/wp\/v2\/pages\/3873\/revisions"}],"predecessor-version":[{"id":8143,"href":"https:\/\/carboniaturismo.it\/fr\/wp-json\/wp\/v2\/pages\/3873\/revisions\/8143"}],"wp:attachment":[{"href":"https:\/\/carboniaturismo.it\/fr\/wp-json\/wp\/v2\/media?parent=3873"}],"curies":[{"name":"wp","href":"https:\/\/api.w.org\/{rel}","templated":true}]}}