{"id":15275,"date":"2026-02-08T09:54:54","date_gmt":"2026-02-08T09:54:54","guid":{"rendered":"https:\/\/carboniaturismo.it\/?page_id=15275"},"modified":"2026-02-08T10:23:38","modified_gmt":"2026-02-08T10:23:38","slug":"due-giornate-fra-archeologia-musei-e-il-parco-minerario","status":"publish","type":"page","link":"https:\/\/carboniaturismo.it\/fr\/idee-vacanza\/due-giornate-fra-archeologia-musei-e-il-parco-minerario\/","title":{"rendered":"Deux journ\u00e9es entre arch\u00e9ologie, mus\u00e9es et parc minier"},"content":{"rendered":"\t\t<div data-elementor-type=\"wp-page\" data-elementor-id=\"15275\" class=\"elementor elementor-15275\" data-elementor-post-type=\"page\">\n\t\t\t\t\t\t<section class=\"elementor-section elementor-top-section elementor-element elementor-element-d7ff70b elementor-section-stretched elementor-section-boxed elementor-section-height-default elementor-section-height-default row-top\" data-id=\"d7ff70b\" data-element_type=\"section\" data-e-type=\"section\" data-settings=\"{&quot;stretch_section&quot;:&quot;section-stretched&quot;}\">\n\t\t\t\t\t\t<div class=\"elementor-container elementor-column-gap-default\">\n\t\t\t\t\t<div class=\"elementor-column elementor-col-100 elementor-top-column elementor-element elementor-element-8c4dc03\" data-id=\"8c4dc03\" data-element_type=\"column\" data-e-type=\"column\">\n\t\t\t<div class=\"elementor-widget-wrap elementor-element-populated\">\n\t\t\t\t\t\t<div class=\"elementor-element elementor-element-76e8765 elementor-widget elementor-widget-heading\" data-id=\"76e8765\" data-element_type=\"widget\" data-e-type=\"widget\" data-widget_type=\"heading.default\">\n\t\t\t\t<div class=\"elementor-widget-container\">\n\t\t\t\t\t<h2 class=\"elementor-heading-title elementor-size-default\">Mus\u00e9es, patrimoine arch\u00e9ologique et minier: deux jours aux alentours de Carbonia<\/h2>\t\t\t\t<\/div>\n\t\t\t\t<\/div>\n\t\t\t\t<div class=\"elementor-element elementor-element-ef18d02 elementor-widget elementor-widget-text-editor\" data-id=\"ef18d02\" data-element_type=\"widget\" data-e-type=\"widget\" data-widget_type=\"text-editor.default\">\n\t\t\t\t<div class=\"elementor-widget-container\">\n\t\t\t\t\t\t\t\t\t<p><strong>Ci-dessous une proposition d\u2019itin\u00e9raire de deux jours \u00e0 Carbonia<\/strong> et dans les environs, ax\u00e9e sur les attraits culturels, arch\u00e9ologiques, miniers et paysagers. Il se concentre sur la ville de Carbonia, sur son pass\u00e9 minier, sur le patrimoine arch\u00e9ologique et sur la spectaculaire c\u00f4te du Sulcis.<\/p><h4>R\u00e9capitulatif des deux journ\u00e9es :<\/h4><h4>Jour 1:<\/h4><ul><li><strong>Matin:<\/strong> Grande Mine de Serbariu et Mus\u00e9e du Charbon; Mus\u00e9e arch\u00e9ologique Villa Sulcis.<\/li><li><strong>D\u00e9jeuner:<\/strong> \u00e0 Carbonia.<\/li><li><strong>Apr\u00e8s-midi:<\/strong> zone arch\u00e9ologique de Monte Sirai; promenade dans le centre-ville.<\/li><\/ul><h4>Jour 2:<\/h4><ul><li><strong>Matin:<\/strong> Porto Flavia et panoramas c\u00f4tiers (Masua).<\/li><li><strong>D\u00e9jeuner:<\/strong> en agriturismo ou en trattoria locale.<\/li><li><strong>Apr\u00e8s-midi:<\/strong> nuraghe Seruci, retour \u00e0 Carbonia.<\/li><\/ul><p><strong>De cette mani\u00e8re, vous aurez explor\u00e9 l\u2019h\u00e9ritage minier et urbanistique de Carbonia,<\/strong> ainsi que la dimension arch\u00e9ologique du Sulcis (ph\u00e9nico-punique et nuragique). Et vous aurez, en m\u00eame temps, profit\u00e9 de la beaut\u00e9 de la c\u00f4te et des campagnes environnantes.<\/p>\t\t\t\t\t\t\t\t<\/div>\n\t\t\t\t<\/div>\n\t\t\t\t\t<\/div>\n\t\t<\/div>\n\t\t\t\t\t<\/div>\n\t\t<\/section>\n\t\t\t\t<section class=\"elementor-section elementor-top-section elementor-element elementor-element-78bd7cb elementor-section-stretched elementor-section-boxed elementor-section-height-default elementor-section-height-default row-top\" data-id=\"78bd7cb\" data-element_type=\"section\" data-e-type=\"section\" data-settings=\"{&quot;stretch_section&quot;:&quot;section-stretched&quot;}\">\n\t\t\t\t\t\t<div class=\"elementor-container elementor-column-gap-default\">\n\t\t\t\t\t<div class=\"elementor-column elementor-col-33 elementor-top-column elementor-element elementor-element-c467aaf\" data-id=\"c467aaf\" data-element_type=\"column\" data-e-type=\"column\">\n\t\t\t<div class=\"elementor-widget-wrap elementor-element-populated\">\n\t\t\t\t\t\t<div class=\"elementor-element elementor-element-5e9511c elementor-widget elementor-widget-image\" data-id=\"5e9511c\" data-element_type=\"widget\" data-e-type=\"widget\" data-widget_type=\"image.default\">\n\t\t\t\t<div class=\"elementor-widget-container\">\n\t\t\t\t\t\t\t\t\t\t\t\t\t\t\t<img fetchpriority=\"high\" decoding=\"async\" width=\"900\" height=\"600\" src=\"https:\/\/carboniaturismo.it\/wp-content\/uploads\/2024\/12\/CARBON3.jpg\" class=\"attachment-large size-large wp-image-3432\" alt=\"\" srcset=\"https:\/\/carboniaturismo.it\/wp-content\/uploads\/2024\/12\/CARBON3.jpg 900w, https:\/\/carboniaturismo.it\/wp-content\/uploads\/2024\/12\/CARBON3-768x512.jpg 768w\" sizes=\"(max-width: 900px) 100vw, 900px\" \/>\t\t\t\t\t\t\t\t\t\t\t\t\t\t\t<\/div>\n\t\t\t\t<\/div>\n\t\t\t\t\t<\/div>\n\t\t<\/div>\n\t\t\t\t<div class=\"elementor-column elementor-col-33 elementor-top-column elementor-element elementor-element-85d08a3\" data-id=\"85d08a3\" data-element_type=\"column\" data-e-type=\"column\">\n\t\t\t<div class=\"elementor-widget-wrap elementor-element-populated\">\n\t\t\t\t\t\t<div class=\"elementor-element elementor-element-b628dcd elementor-widget elementor-widget-image\" data-id=\"b628dcd\" data-element_type=\"widget\" data-e-type=\"widget\" data-widget_type=\"image.default\">\n\t\t\t\t<div class=\"elementor-widget-container\">\n\t\t\t\t\t\t\t\t\t\t\t\t\t\t\t<img decoding=\"async\" width=\"900\" height=\"600\" src=\"https:\/\/carboniaturismo.it\/wp-content\/uploads\/2024\/12\/Carbonia-tutto-lanno-B1-Carbonia-Turismo-Nuraghe-Sirai-ingresso-1024x683.jpg\" class=\"attachment-large size-large wp-image-3435\" alt=\"\" srcset=\"https:\/\/carboniaturismo.it\/wp-content\/uploads\/2024\/12\/Carbonia-tutto-lanno-B1-Carbonia-Turismo-Nuraghe-Sirai-ingresso-1024x683.jpg 1024w, https:\/\/carboniaturismo.it\/wp-content\/uploads\/2024\/12\/Carbonia-tutto-lanno-B1-Carbonia-Turismo-Nuraghe-Sirai-ingresso-768x512.jpg 768w, https:\/\/carboniaturismo.it\/wp-content\/uploads\/2024\/12\/Carbonia-tutto-lanno-B1-Carbonia-Turismo-Nuraghe-Sirai-ingresso.jpg 1080w\" sizes=\"(max-width: 900px) 100vw, 900px\" \/>\t\t\t\t\t\t\t\t\t\t\t\t\t\t\t<\/div>\n\t\t\t\t<\/div>\n\t\t\t\t\t<\/div>\n\t\t<\/div>\n\t\t\t\t<div class=\"elementor-column elementor-col-33 elementor-top-column elementor-element elementor-element-a0b24f2\" data-id=\"a0b24f2\" data-element_type=\"column\" data-e-type=\"column\">\n\t\t\t<div class=\"elementor-widget-wrap elementor-element-populated\">\n\t\t\t\t\t\t<div class=\"elementor-element elementor-element-d5a11d8 elementor-widget elementor-widget-image\" data-id=\"d5a11d8\" data-element_type=\"widget\" data-e-type=\"widget\" data-widget_type=\"image.default\">\n\t\t\t\t<div class=\"elementor-widget-container\">\n\t\t\t\t\t\t\t\t\t\t\t\t\t\t\t<img decoding=\"async\" width=\"900\" height=\"600\" src=\"https:\/\/carboniaturismo.it\/wp-content\/uploads\/2024\/12\/CARBON1-1024x683.jpg\" class=\"attachment-large size-large wp-image-3438\" alt=\"\" srcset=\"https:\/\/carboniaturismo.it\/wp-content\/uploads\/2024\/12\/CARBON1-1024x683.jpg 1024w, https:\/\/carboniaturismo.it\/wp-content\/uploads\/2024\/12\/CARBON1-768x512.jpg 768w, https:\/\/carboniaturismo.it\/wp-content\/uploads\/2024\/12\/CARBON1.jpg 1080w\" sizes=\"(max-width: 900px) 100vw, 900px\" \/>\t\t\t\t\t\t\t\t\t\t\t\t\t\t\t<\/div>\n\t\t\t\t<\/div>\n\t\t\t\t\t<\/div>\n\t\t<\/div>\n\t\t\t\t\t<\/div>\n\t\t<\/section>\n\t\t\t\t<section class=\"elementor-section elementor-top-section elementor-element elementor-element-941b71c elementor-section-stretched elementor-section-boxed elementor-section-height-default elementor-section-height-default row-top\" data-id=\"941b71c\" data-element_type=\"section\" data-e-type=\"section\" data-settings=\"{&quot;stretch_section&quot;:&quot;section-stretched&quot;,&quot;background_background&quot;:&quot;classic&quot;}\">\n\t\t\t\t\t\t<div class=\"elementor-container elementor-column-gap-default\">\n\t\t\t\t\t<div class=\"elementor-column elementor-col-100 elementor-top-column elementor-element elementor-element-acacbd3\" data-id=\"acacbd3\" data-element_type=\"column\" data-e-type=\"column\">\n\t\t\t<div class=\"elementor-widget-wrap elementor-element-populated\">\n\t\t\t\t\t\t<div class=\"elementor-element elementor-element-c0a067f elementor-widget elementor-widget-heading\" data-id=\"c0a067f\" data-element_type=\"widget\" data-e-type=\"widget\" data-widget_type=\"heading.default\">\n\t\t\t\t<div class=\"elementor-widget-container\">\n\t\t\t\t\t<h2 class=\"elementor-heading-title elementor-size-default\">La culture du territoire sulcitain: histoire mini\u00e8re, ph\u00e9nico-punique et nuragique<\/h2>\t\t\t\t<\/div>\n\t\t\t\t<\/div>\n\t\t\t\t<div class=\"elementor-element elementor-element-8a69f5c elementor-widget elementor-widget-text-editor\" data-id=\"8a69f5c\" data-element_type=\"widget\" data-e-type=\"widget\" data-widget_type=\"text-editor.default\">\n\t\t\t\t<div class=\"elementor-widget-container\">\n\t\t\t\t\t\t\t\t\t<h3>Jour 1 : Carbonia, arch\u00e9ologie et histoire mini\u00e8re<\/h3><h5>Matin (9 h 00 \u2013 13 h 00)<\/h5><h4><span style=\"text-decoration: underline;\"><a href=\"https:\/\/www.google.it\/maps\/place\/Museo+del+Carbone+-+Grande+Miniera+di+Serbariu\/@39.1590487,8.5087954,17z\/data=!4m6!3m5!1s0x12e70639f679c849:0x6f3f5c93dd539c1!8m2!3d39.1590529!4d8.5114025!16s%2Fg%2F12276xk6?entry=ttu&amp;g_ep=EgoyMDI1MDEyOS4xIKXMDSoJLDEwMjExMjMzSAFQAw%3D%3D\" target=\"_blank\" rel=\"noopener\"><strong>&gt; La Grande Mine de Serbariu et le Mus\u00e9e du Charbon<\/strong><\/a><\/span><\/h4><p><strong>Commencez par la visite de la Grande Mine de Serbariu,<\/strong> site embl\u00e9matique de l\u2019histoire r\u00e9cente de Carbonia, ainsi que du Mus\u00e9e du Charbon. Vous pourrez y comprendre l\u2019importance de l\u2019industrie mini\u00e8re dans le Sulcis, les conditions de vie des mineurs et l\u2019\u00e9volution technologique de l\u2019extraction du charbon.<\/p><ul><li style=\"list-style-type: none;\"><ul><li><strong>Dur\u00e9e:<\/strong> 1 h 30 \u2013 2 h.<\/li><\/ul><\/li><\/ul><h4><a href=\"https:\/\/www.google.it\/maps\/search\/Museo+archeologico+villa+sulcis\/@39.2086913,8.5072014,13z\/data=!3m1!4b1?entry=ttu&amp;g_ep=EgoyMDI1MDEyOS4xIKXMDSoJLDEwMjExMjMzSAFQAw%3D%3D\" target=\"_blank\" rel=\"noopener\"><span style=\"text-decoration: underline;\">&gt; Le Mus\u00e9e arch\u00e9ologique Villa Sulcis<\/span><\/a><\/h4><p>\u00c0 courte distance, visitez le Mus\u00e9e arch\u00e9ologique Villa Sulcis, afin d\u2019avoir un aper\u00e7u de l\u2019histoire ancienne du territoire, des objets pr\u00e9historiques aux pi\u00e8ces ph\u00e9nico-puniques.<\/p><ul><li style=\"list-style-type: none;\"><ul><li><strong>Dur\u00e9e:<\/strong> 1 h.<\/li><\/ul><\/li><\/ul><h5>D\u00e9jeuner (13 h 00 \u2013 14 h 30)<\/h5><p>Optez pour un d\u00e9jeuner dans le centre de Carbonia, en choisissant une trattoria qui propose des plats typiquement sardes, des vins du territoire et une atmosph\u00e8re d\u00e9tendue.<\/p><h5>Apr\u00e8s-midi (14 h 30 \u2013 18 h 00)<\/h5><h4><a href=\"https:\/\/www.google.it\/maps\/search\/area+archeologica+di+monte+sirai\/@39.1965716,8.4902069,13z?entry=ttu&amp;g_ep=EgoyMDI1MDEyOS4xIKXMDSoJLDEwMjExMjMzSAFQAw%3D%3D\" target=\"_blank\" rel=\"noopener\"><span style=\"text-decoration: underline;\">&gt; Site arch\u00e9ologique de Monte Sirai<\/span><\/a><\/h4><p><strong>Consacrez l\u2019apr\u00e8s-midi \u00e0 l\u2019un des sites arch\u00e9ologiques les plus importants du Sulcis: Monte Sirai.<\/strong> Le lieu offre des vestiges ph\u00e9nico-puniques, une n\u00e9cropole, un tophet, ainsi que des vues spectaculaires sur la plaine.<\/p><ul><li style=\"list-style-type: none;\"><ul><li><strong>Dur\u00e9e:<\/strong> 1 h 30 \u2013 2 h.<\/li><\/ul><\/li><\/ul><h4>Soir \u00e0 Carbonia<\/h4><p>Une fois la visite termin\u00e9e, retournez dans le centre pour une courte promenade entre <strong>les b\u00e2timents rationalistes des ann\u00e9es 1930, comme Piazza Roma et le Teatro Centrale,<\/strong> afin de comprendre la gen\u00e8se urbaine de la ville. Profitez d\u2019un d\u00eener dans un restaurant du centre, puis terminez la soir\u00e9e avec un verre de vin local.<\/p><p>\u00a0<\/p><h2>Jour 2 : c\u00f4te mini\u00e8re et t\u00e9moignages nuragiques<\/h2><h5>Matin (9 h 00 \u2013 13 h 00)<\/h5><h4><a href=\"https:\/\/www.google.it\/maps\/dir\/Porto+Flavia\/Spiaggia+di+Masua,+Frazione+Masua,+09016+Iglesias+SU\/@39.3355335,8.4119308,17z\/data=!3m1!4b1!4m13!4m12!1m5!1m1!1s0x12e70b81e34647d7:0x952c2fa7ce408db6!2m2!1d8.4079719!2d39.3362117!1m5!1m1!1s0x12e7a1c268975caf:0xd2c47ee9559a9148!2m2!1d8.4194755!2d39.3335093?entry=ttu&amp;g_ep=EgoyMDI1MDEyOS4xIKXMDSoJLDEwMjExMjMzSAFQAw%3D%3D\" target=\"_blank\" rel=\"noopener\"><span style=\"text-decoration: underline;\">&gt; Porto Flavia et Masua<\/span><\/a><\/h4><p><strong>Consacrez la matin\u00e9e \u00e0 la c\u00f4te mini\u00e8re du Sulcis.<\/strong> Rejoignez Porto Flavia, fascinante installation de chargement du minerai \u00e0 pic sur la mer, exemple d\u2019ing\u00e9nierie mini\u00e8re parfaitement int\u00e9gr\u00e9 dans un paysage c\u00f4tier \u00e0 couper le souffle. La visite guid\u00e9e vous permettra de d\u00e9couvrir les solutions techniques adopt\u00e9es dans les premi\u00e8res d\u00e9cennies du XXe si\u00e8cle.<\/p><ul><li style=\"list-style-type: none;\"><ul><li>Dur\u00e9e : 1 h 30 \u2013 2 h.<br \/>Apr\u00e8s la visite, faites un bref arr\u00eat \u00e0 Masua pour admirer les faraglioni et les points de vue sur la c\u00f4te.<\/li><\/ul><\/li><\/ul><h5>D\u00e9jeuner (13 h 00 \u2013 14 h 30)<\/h5><p>Arr\u00eatez-vous dans un agriturismo, dans les campagnes voisines, ou dans un restaurant le long de la route du retour vers Carbonia. Go\u00fbtez des produits locaux, peut-\u00eatre un plat \u00e0 base de viandes \u00e9lev\u00e9es dans la zone et de l\u00e9gumes de saison.<\/p><h5>Apr\u00e8s-midi (14 h 30 \u2013 18 h 00)<\/h5><h4><a href=\"https:\/\/www.google.it\/maps\/dir\/CArbonia\/Nuraghe+Seruci,+SP108,+09010+Gonnesa+SU\/@39.2084175,8.4283447,12z\/data=!4m13!4m12!1m5!1m1!1s0x12e707d1dd2f9ce5:0x56b944a8ebd908c6!2m2!1d8.5228853!2d39.1644281!1m5!1m1!1s0x12e7a6c14dd22665:0x22e6f0a8c891f03a!2m2!1d8.4245833!2d39.2486875?entry=ttu&amp;g_ep=EgoyMDI1MDEyOS4xIKXMDSoJLDEwMjExMjMzSAFQAw%3D%3D\" target=\"_blank\" rel=\"noopener\"><strong><span style=\"text-decoration: underline;\">&gt; Nuraghe Seruci (Gonnesa)<\/span><\/strong><\/a><\/h4><p><strong>L\u2019apr\u00e8s-midi est consacr\u00e9 \u00e0 l\u2019histoire nuragique sarde.<\/strong> Rejoignez <strong>le Nuraghe Seruci,<\/strong> l\u2019un des complexes nuragiques les plus significatifs de la zone. Vous d\u00e9couvrirez la civilisation nuragique, tr\u00e8s ancienne culture de l\u2019\u00eele. Vous observerez des tours de pierre et des vestiges de villages, tout en comprenant les racines profondes de l\u2019identit\u00e9 sarde.<\/p><ul><li style=\"list-style-type: none;\"><ul><li><strong>Dur\u00e9e:<\/strong> environ 1 h.<\/li><\/ul><\/li><\/ul><h4>Soir<\/h4><p><strong>Apr\u00e8s la visite du nuraghe, rentrez \u00e0 Carbonia pour un caf\u00e9 ou un ap\u00e9ritif en ville.<\/strong> Vous pouvez aussi visiter un atelier artisanal, afin d\u2019acheter des produits typiques (fromages, pane carasau, douceurs sardes).<br \/>Terminez la journ\u00e9e par un d\u00eener d\u00e9tendu \u00e0 Carbonia ou dans les environs, en d\u00e9gustant peut-\u00eatre du poisson frais, s\u2019il est disponible, ou en revenant aux plats de la terre, accompagn\u00e9s d\u2019un bon Cannonau ou de Carignano del Sulcis.<\/p>\t\t\t\t\t\t\t\t<\/div>\n\t\t\t\t<\/div>\n\t\t\t\t\t<\/div>\n\t\t<\/div>\n\t\t\t\t\t<\/div>\n\t\t<\/section>\n\t\t\t\t<section class=\"elementor-section elementor-top-section elementor-element elementor-element-640a8ed elementor-section-stretched elementor-section-boxed elementor-section-height-default elementor-section-height-default row-top\" data-id=\"640a8ed\" data-element_type=\"section\" data-e-type=\"section\" data-settings=\"{&quot;stretch_section&quot;:&quot;section-stretched&quot;,&quot;background_background&quot;:&quot;classic&quot;}\">\n\t\t\t\t\t\t<div class=\"elementor-container elementor-column-gap-default\">\n\t\t\t\t\t<div class=\"elementor-column elementor-col-33 elementor-top-column elementor-element elementor-element-c543339\" data-id=\"c543339\" data-element_type=\"column\" data-e-type=\"column\">\n\t\t\t<div class=\"elementor-widget-wrap elementor-element-populated\">\n\t\t\t\t\t\t<div class=\"elementor-element elementor-element-696d879 elementor-widget elementor-widget-image\" data-id=\"696d879\" data-element_type=\"widget\" data-e-type=\"widget\" data-widget_type=\"image.default\">\n\t\t\t\t<div class=\"elementor-widget-container\">\n\t\t\t\t\t\t\t\t\t\t\t\t\t\t\t<img loading=\"lazy\" decoding=\"async\" width=\"900\" height=\"600\" src=\"https:\/\/carboniaturismo.it\/wp-content\/uploads\/2024\/12\/002IDE1.jpg\" class=\"attachment-large size-large wp-image-3441\" alt=\"\" srcset=\"https:\/\/carboniaturismo.it\/wp-content\/uploads\/2024\/12\/002IDE1.jpg 900w, https:\/\/carboniaturismo.it\/wp-content\/uploads\/2024\/12\/002IDE1-768x512.jpg 768w\" sizes=\"(max-width: 900px) 100vw, 900px\" \/>\t\t\t\t\t\t\t\t\t\t\t\t\t\t\t<\/div>\n\t\t\t\t<\/div>\n\t\t\t\t\t<\/div>\n\t\t<\/div>\n\t\t\t\t<div class=\"elementor-column elementor-col-33 elementor-top-column elementor-element elementor-element-756dfbb\" data-id=\"756dfbb\" data-element_type=\"column\" data-e-type=\"column\">\n\t\t\t<div class=\"elementor-widget-wrap elementor-element-populated\">\n\t\t\t\t\t\t<div class=\"elementor-element elementor-element-b3a5315 elementor-widget elementor-widget-image\" data-id=\"b3a5315\" data-element_type=\"widget\" data-e-type=\"widget\" data-widget_type=\"image.default\">\n\t\t\t\t<div class=\"elementor-widget-container\">\n\t\t\t\t\t\t\t\t\t\t\t\t\t\t\t<img loading=\"lazy\" decoding=\"async\" width=\"900\" height=\"600\" src=\"https:\/\/carboniaturismo.it\/wp-content\/uploads\/2024\/12\/002IDE3.jpg\" class=\"attachment-large size-large wp-image-3444\" alt=\"\" srcset=\"https:\/\/carboniaturismo.it\/wp-content\/uploads\/2024\/12\/002IDE3.jpg 900w, https:\/\/carboniaturismo.it\/wp-content\/uploads\/2024\/12\/002IDE3-768x512.jpg 768w\" sizes=\"(max-width: 900px) 100vw, 900px\" \/>\t\t\t\t\t\t\t\t\t\t\t\t\t\t\t<\/div>\n\t\t\t\t<\/div>\n\t\t\t\t\t<\/div>\n\t\t<\/div>\n\t\t\t\t<div class=\"elementor-column elementor-col-33 elementor-top-column elementor-element elementor-element-c2577c0\" data-id=\"c2577c0\" data-element_type=\"column\" data-e-type=\"column\">\n\t\t\t<div class=\"elementor-widget-wrap elementor-element-populated\">\n\t\t\t\t\t\t<div class=\"elementor-element elementor-element-e39f6b2 elementor-widget elementor-widget-image\" data-id=\"e39f6b2\" data-element_type=\"widget\" data-e-type=\"widget\" data-widget_type=\"image.default\">\n\t\t\t\t<div class=\"elementor-widget-container\">\n\t\t\t\t\t\t\t\t\t\t\t\t\t\t\t<img loading=\"lazy\" decoding=\"async\" width=\"900\" height=\"600\" src=\"https:\/\/carboniaturismo.it\/wp-content\/uploads\/2024\/12\/002IDE2.jpg\" class=\"attachment-large size-large wp-image-3447\" alt=\"\" srcset=\"https:\/\/carboniaturismo.it\/wp-content\/uploads\/2024\/12\/002IDE2.jpg 900w, https:\/\/carboniaturismo.it\/wp-content\/uploads\/2024\/12\/002IDE2-768x512.jpg 768w\" sizes=\"(max-width: 900px) 100vw, 900px\" \/>\t\t\t\t\t\t\t\t\t\t\t\t\t\t\t<\/div>\n\t\t\t\t<\/div>\n\t\t\t\t\t<\/div>\n\t\t<\/div>\n\t\t\t\t\t<\/div>\n\t\t<\/section>\n\t\t\t\t<section class=\"elementor-section elementor-top-section elementor-element elementor-element-5e448c7 elementor-section-boxed elementor-section-height-default elementor-section-height-default row-top\" data-id=\"5e448c7\" data-element_type=\"section\" data-e-type=\"section\">\n\t\t\t\t\t\t<div class=\"elementor-container elementor-column-gap-default\">\n\t\t\t\t\t<div class=\"elementor-column elementor-col-100 elementor-top-column elementor-element elementor-element-0a8b50b\" data-id=\"0a8b50b\" data-element_type=\"column\" data-e-type=\"column\">\n\t\t\t<div class=\"elementor-widget-wrap elementor-element-populated\">\n\t\t\t\t\t\t<div class=\"elementor-element elementor-element-6212acc elementor-widget elementor-widget-image\" data-id=\"6212acc\" data-element_type=\"widget\" data-e-type=\"widget\" data-widget_type=\"image.default\">\n\t\t\t\t<div class=\"elementor-widget-container\">\n\t\t\t\t\t\t\t\t\t\t\t\t\t\t\t<img loading=\"lazy\" decoding=\"async\" width=\"768\" height=\"211\" src=\"https:\/\/carboniaturismo.it\/wp-content\/uploads\/2024\/12\/Risorsa-3-768x211.png\" class=\"attachment-medium_large size-medium_large wp-image-2979\" alt=\"\" srcset=\"https:\/\/carboniaturismo.it\/wp-content\/uploads\/2024\/12\/Risorsa-3-768x211.png 768w, https:\/\/carboniaturismo.it\/wp-content\/uploads\/2024\/12\/Risorsa-3-1024x282.png 1024w, https:\/\/carboniaturismo.it\/wp-content\/uploads\/2024\/12\/Risorsa-3.png 1268w\" sizes=\"(max-width: 768px) 100vw, 768px\" \/>\t\t\t\t\t\t\t\t\t\t\t\t\t\t\t<\/div>\n\t\t\t\t<\/div>\n\t\t\t\t\t<\/div>\n\t\t<\/div>\n\t\t\t\t\t<\/div>\n\t\t<\/section>\n\t\t\t\t<section class=\"elementor-section elementor-top-section elementor-element elementor-element-0fc11bf elementor-section-full_width elementor-section-stretched elementor-section-height-default elementor-section-height-default row-top\" data-id=\"0fc11bf\" data-element_type=\"section\" data-e-type=\"section\" data-settings=\"{&quot;stretch_section&quot;:&quot;section-stretched&quot;}\">\n\t\t\t\t\t\t<div class=\"elementor-container elementor-column-gap-default\">\n\t\t\t\t\t<div class=\"elementor-column elementor-col-50 elementor-top-column elementor-element elementor-element-d47c0e9\" data-id=\"d47c0e9\" data-element_type=\"column\" data-e-type=\"column\" data-settings=\"{&quot;background_background&quot;:&quot;classic&quot;}\">\n\t\t\t<div class=\"elementor-widget-wrap elementor-element-populated\">\n\t\t\t\t\t\t<div class=\"elementor-element elementor-element-d44a8c1 elementor-widget elementor-widget-spacer\" data-id=\"d44a8c1\" data-element_type=\"widget\" data-e-type=\"widget\" data-widget_type=\"spacer.default\">\n\t\t\t\t<div class=\"elementor-widget-container\">\n\t\t\t\t\t\t\t<div class=\"elementor-spacer\">\n\t\t\t<div class=\"elementor-spacer-inner\"><\/div>\n\t\t<\/div>\n\t\t\t\t\t\t<\/div>\n\t\t\t\t<\/div>\n\t\t\t\t\t<\/div>\n\t\t<\/div>\n\t\t\t\t<div class=\"elementor-column elementor-col-50 elementor-top-column elementor-element elementor-element-08fe2c1\" data-id=\"08fe2c1\" data-element_type=\"column\" data-e-type=\"column\" data-settings=\"{&quot;background_background&quot;:&quot;classic&quot;}\">\n\t\t\t<div class=\"elementor-widget-wrap elementor-element-populated\">\n\t\t\t\t\t\t<div class=\"elementor-element elementor-element-e789447 elementor-widget elementor-widget-gva-heading-block\" data-id=\"e789447\" data-element_type=\"widget\" data-e-type=\"widget\" data-widget_type=\"gva-heading-block.default\">\n\t\t\t\t<div class=\"elementor-widget-container\">\n\t\t\t\t\t<div class=\"gva-element-gva-heading-block gva-element\">   <div class=\"align-center style-1 widget gsc-heading box-align- auto-responsive\">\r\n      <div class=\"content-inner\">\r\n         \r\n                  \r\n                     <div class=\"sub-title\"><span>Organizza la tua vacanza<\/span><\/div>\r\n           \r\n         \r\n                     <h2 class=\"title\">\r\n               <span>Tutte le informazioni che ti servono per cominciare il tuo viaggio a Carbonia. <\/span>\r\n            <\/h2>\r\n                  \r\n                     <div class=\"heading-action\">\r\n               \t\t  <a href=\"https:\/\/carboniaturismo.it\/it\/idee-vacanza\/\" class=\"btn-cta btn-theme \">\r\n\t\t\t <span>Parti adesso<\/span>\r\n\t\t  <\/a>\r\n\r\n\t\t              <\/div>\r\n         \r\n      <\/div>\r\n   <\/div>\r\n<\/div>\t\t\t\t<\/div>\n\t\t\t\t<\/div>\n\t\t\t\t\t<\/div>\n\t\t<\/div>\n\t\t\t\t\t<\/div>\n\t\t<\/section>\n\t\t\t\t<\/div>\n\t\t","protected":false},"excerpt":{"rendered":"<p>Mus\u00e9es, patrimoine arch\u00e9ologique et minier: deux jours aux alentours de Carbonia Ci-dessous une proposition d\u2019itin\u00e9raire de deux jours \u00e0 Carbonia et dans les environs, ax\u00e9e sur les attraits culturels, arch\u00e9ologiques, [&hellip;]<\/p>\n","protected":false},"author":2,"featured_media":0,"parent":1742,"menu_order":0,"comment_status":"closed","ping_status":"closed","template":"","meta":{"rs_blank_template":"","rs_page_bg_color":"","slide_template_v7":"","footnotes":""},"class_list":["post-15275","page","type-page","status-publish","hentry"],"_links":{"self":[{"href":"https:\/\/carboniaturismo.it\/fr\/wp-json\/wp\/v2\/pages\/15275","targetHints":{"allow":["GET"]}}],"collection":[{"href":"https:\/\/carboniaturismo.it\/fr\/wp-json\/wp\/v2\/pages"}],"about":[{"href":"https:\/\/carboniaturismo.it\/fr\/wp-json\/wp\/v2\/types\/page"}],"author":[{"embeddable":true,"href":"https:\/\/carboniaturismo.it\/fr\/wp-json\/wp\/v2\/users\/2"}],"replies":[{"embeddable":true,"href":"https:\/\/carboniaturismo.it\/fr\/wp-json\/wp\/v2\/comments?post=15275"}],"version-history":[{"count":8,"href":"https:\/\/carboniaturismo.it\/fr\/wp-json\/wp\/v2\/pages\/15275\/revisions"}],"predecessor-version":[{"id":15284,"href":"https:\/\/carboniaturismo.it\/fr\/wp-json\/wp\/v2\/pages\/15275\/revisions\/15284"}],"up":[{"embeddable":true,"href":"https:\/\/carboniaturismo.it\/fr\/wp-json\/wp\/v2\/pages\/1742"}],"wp:attachment":[{"href":"https:\/\/carboniaturismo.it\/fr\/wp-json\/wp\/v2\/media?parent=15275"}],"curies":[{"name":"wp","href":"https:\/\/api.w.org\/{rel}","templated":true}]}}