{"id":15264,"date":"2026-02-08T09:29:32","date_gmt":"2026-02-08T09:29:32","guid":{"rendered":"https:\/\/carboniaturismo.it\/?page_id=15264"},"modified":"2026-02-08T09:50:21","modified_gmt":"2026-02-08T09:50:21","slug":"una-giornata-fra-archeologia-musei-e-il-parco-minerario","status":"publish","type":"page","link":"https:\/\/carboniaturismo.it\/fr\/idee-vacanza\/una-giornata-fra-archeologia-musei-e-il-parco-minerario\/","title":{"rendered":"Une journ\u00e9e entre arch\u00e9ologie, mus\u00e9es et parc minier"},"content":{"rendered":"\t\t<div data-elementor-type=\"wp-page\" data-elementor-id=\"15264\" class=\"elementor elementor-15264\" data-elementor-post-type=\"page\">\n\t\t\t\t\t\t<section class=\"elementor-section elementor-top-section elementor-element elementor-element-d7ff70b elementor-section-stretched elementor-section-boxed elementor-section-height-default elementor-section-height-default row-top\" data-id=\"d7ff70b\" data-element_type=\"section\" data-e-type=\"section\" data-settings=\"{&quot;stretch_section&quot;:&quot;section-stretched&quot;}\">\n\t\t\t\t\t\t<div class=\"elementor-container elementor-column-gap-default\">\n\t\t\t\t\t<div class=\"elementor-column elementor-col-100 elementor-top-column elementor-element elementor-element-8c4dc03\" data-id=\"8c4dc03\" data-element_type=\"column\" data-e-type=\"column\">\n\t\t\t<div class=\"elementor-widget-wrap elementor-element-populated\">\n\t\t\t\t\t\t<div class=\"elementor-element elementor-element-76e8765 elementor-widget elementor-widget-heading\" data-id=\"76e8765\" data-element_type=\"widget\" data-e-type=\"widget\" data-widget_type=\"heading.default\">\n\t\t\t\t<div class=\"elementor-widget-container\">\n\t\t\t\t\t<h2 class=\"elementor-heading-title elementor-size-default\">Une journ\u00e9e \u00e0 Carbonia : arch\u00e9ologie, mus\u00e9es, parc minier<\/h2>\t\t\t\t<\/div>\n\t\t\t\t<\/div>\n\t\t\t\t<div class=\"elementor-element elementor-element-ef18d02 elementor-widget elementor-widget-text-editor\" data-id=\"ef18d02\" data-element_type=\"widget\" data-e-type=\"widget\" data-widget_type=\"text-editor.default\">\n\t\t\t\t<div class=\"elementor-widget-container\">\n\t\t\t\t\t\t\t\t\t<p><strong>Voici l\u2019id\u00e9e d\u2019un parcours inoubliable \u00e0 Carbonia et dans les environs,<\/strong> qui rassemble des \u00e9l\u00e9ments culturels visitables en une journ\u00e9e (mus\u00e9es, arch\u00e9ologie et parcs miniers). Cet itin\u00e9raire permet de toucher du doigt les deux \u00e2mes de la zone : l\u2019ancienne, ph\u00e9nico-punique, et la moderne, marqu\u00e9e par les mines de charbon et l\u2019architecture rationaliste.<br \/><strong>L\u2019objectif est de vivre une journ\u00e9e intense et significative<\/strong>, en unissant la d\u00e9couverte de l\u2019histoire ancienne \u00e0 celle, plus r\u00e9cente, de l\u2019industrie extractive du Sulcis, sans oublier quelques moments de d\u00e9tente. Une journ\u00e9e qui vous laissera un tableau complet de la richesse culturelle du Sulcis.<\/p><h4>R\u00e9capitulatif de la journ\u00e9e:<\/h4><ul><li><strong>Matin:<\/strong> Grande Mine de Serbariu et Mus\u00e9e du Charbon.<\/li><li><strong>D\u00e9jeuner:<\/strong> cuisine locale \u00e0 Carbonia.<\/li><li><strong>Apr\u00e8s-midi:<\/strong> zone arch\u00e9ologique de Monte Sirai et, si possible, Mus\u00e9e arch\u00e9ologique Villa Sulcis.<\/li><li><strong>Soir:<\/strong> promenade dans le centre-ville et ap\u00e9ritif.<\/li><\/ul>\t\t\t\t\t\t\t\t<\/div>\n\t\t\t\t<\/div>\n\t\t\t\t\t<\/div>\n\t\t<\/div>\n\t\t\t\t\t<\/div>\n\t\t<\/section>\n\t\t\t\t<section class=\"elementor-section elementor-top-section elementor-element elementor-element-78bd7cb elementor-section-stretched elementor-section-boxed elementor-section-height-default elementor-section-height-default row-top\" data-id=\"78bd7cb\" data-element_type=\"section\" data-e-type=\"section\" data-settings=\"{&quot;stretch_section&quot;:&quot;section-stretched&quot;}\">\n\t\t\t\t\t\t<div class=\"elementor-container elementor-column-gap-default\">\n\t\t\t\t\t<div class=\"elementor-column elementor-col-33 elementor-top-column elementor-element elementor-element-c467aaf\" data-id=\"c467aaf\" data-element_type=\"column\" data-e-type=\"column\">\n\t\t\t<div class=\"elementor-widget-wrap elementor-element-populated\">\n\t\t\t\t\t\t<div class=\"elementor-element elementor-element-5e9511c elementor-widget elementor-widget-image\" data-id=\"5e9511c\" data-element_type=\"widget\" data-e-type=\"widget\" data-widget_type=\"image.default\">\n\t\t\t\t<div class=\"elementor-widget-container\">\n\t\t\t\t\t\t\t\t\t\t\t\t\t\t\t<img fetchpriority=\"high\" decoding=\"async\" width=\"580\" height=\"450\" src=\"https:\/\/carboniaturismo.it\/wp-content\/uploads\/2024\/12\/Carbonia-Turismo-Photo-by-Museo-del-carbone-galleria-so.jpg\" class=\"attachment-large size-large wp-image-3414\" alt=\"\" \/>\t\t\t\t\t\t\t\t\t\t\t\t\t\t\t<\/div>\n\t\t\t\t<\/div>\n\t\t\t\t\t<\/div>\n\t\t<\/div>\n\t\t\t\t<div class=\"elementor-column elementor-col-33 elementor-top-column elementor-element elementor-element-85d08a3\" data-id=\"85d08a3\" data-element_type=\"column\" data-e-type=\"column\">\n\t\t\t<div class=\"elementor-widget-wrap elementor-element-populated\">\n\t\t\t\t\t\t<div class=\"elementor-element elementor-element-b628dcd elementor-widget elementor-widget-image\" data-id=\"b628dcd\" data-element_type=\"widget\" data-e-type=\"widget\" data-widget_type=\"image.default\">\n\t\t\t\t<div class=\"elementor-widget-container\">\n\t\t\t\t\t\t\t\t\t\t\t\t\t\t\t<img decoding=\"async\" width=\"900\" height=\"600\" src=\"https:\/\/carboniaturismo.it\/wp-content\/uploads\/2024\/12\/Carbonia-tutto-lanno-B3-Carbonia-Turismo-Grande-Miniera-di-Serbariu.jpg\" class=\"attachment-large size-large wp-image-3417\" alt=\"\" srcset=\"https:\/\/carboniaturismo.it\/wp-content\/uploads\/2024\/12\/Carbonia-tutto-lanno-B3-Carbonia-Turismo-Grande-Miniera-di-Serbariu.jpg 900w, https:\/\/carboniaturismo.it\/wp-content\/uploads\/2024\/12\/Carbonia-tutto-lanno-B3-Carbonia-Turismo-Grande-Miniera-di-Serbariu-768x512.jpg 768w\" sizes=\"(max-width: 900px) 100vw, 900px\" \/>\t\t\t\t\t\t\t\t\t\t\t\t\t\t\t<\/div>\n\t\t\t\t<\/div>\n\t\t\t\t\t<\/div>\n\t\t<\/div>\n\t\t\t\t<div class=\"elementor-column elementor-col-33 elementor-top-column elementor-element elementor-element-a0b24f2\" data-id=\"a0b24f2\" data-element_type=\"column\" data-e-type=\"column\">\n\t\t\t<div class=\"elementor-widget-wrap elementor-element-populated\">\n\t\t\t\t\t\t<div class=\"elementor-element elementor-element-d5a11d8 elementor-widget elementor-widget-image\" data-id=\"d5a11d8\" data-element_type=\"widget\" data-e-type=\"widget\" data-widget_type=\"image.default\">\n\t\t\t\t<div class=\"elementor-widget-container\">\n\t\t\t\t\t\t\t\t\t\t\t\t\t\t\t<img decoding=\"async\" width=\"580\" height=\"450\" src=\"https:\/\/carboniaturismo.it\/wp-content\/uploads\/2024\/12\/Carbonia-Turismo-Photo-by-Museo-del-carbone-lampisteria-2.jpg\" class=\"attachment-large size-large wp-image-3420\" alt=\"\" \/>\t\t\t\t\t\t\t\t\t\t\t\t\t\t\t<\/div>\n\t\t\t\t<\/div>\n\t\t\t\t\t<\/div>\n\t\t<\/div>\n\t\t\t\t\t<\/div>\n\t\t<\/section>\n\t\t\t\t<section class=\"elementor-section elementor-top-section elementor-element elementor-element-941b71c elementor-section-stretched elementor-section-boxed elementor-section-height-default elementor-section-height-default row-top\" data-id=\"941b71c\" data-element_type=\"section\" data-e-type=\"section\" data-settings=\"{&quot;stretch_section&quot;:&quot;section-stretched&quot;,&quot;background_background&quot;:&quot;classic&quot;}\">\n\t\t\t\t\t\t<div class=\"elementor-container elementor-column-gap-default\">\n\t\t\t\t\t<div class=\"elementor-column elementor-col-100 elementor-top-column elementor-element elementor-element-acacbd3\" data-id=\"acacbd3\" data-element_type=\"column\" data-e-type=\"column\">\n\t\t\t<div class=\"elementor-widget-wrap elementor-element-populated\">\n\t\t\t\t\t\t<div class=\"elementor-element elementor-element-c0a067f elementor-widget elementor-widget-heading\" data-id=\"c0a067f\" data-element_type=\"widget\" data-e-type=\"widget\" data-widget_type=\"heading.default\">\n\t\t\t\t<div class=\"elementor-widget-container\">\n\t\t\t\t\t<h2 class=\"elementor-heading-title elementor-size-default\">De la Grande Mine de Serbariu au parc arch\u00e9ologique de Monte Sirai<\/h2>\t\t\t\t<\/div>\n\t\t\t\t<\/div>\n\t\t\t\t<div class=\"elementor-element elementor-element-8a69f5c elementor-widget elementor-widget-text-editor\" data-id=\"8a69f5c\" data-element_type=\"widget\" data-e-type=\"widget\" data-widget_type=\"text-editor.default\">\n\t\t\t\t<div class=\"elementor-widget-container\">\n\t\t\t\t\t\t\t\t\t<h5>Matin (9 h 00 \u2013 12 h 30)<\/h5><h3><span style=\"text-decoration: underline;\"><a href=\"https:\/\/www.google.it\/maps\/place\/Museo+del+Carbone+-+Grande+Miniera+di+Serbariu\/@39.159057,8.5088276,17z\/data=!3m1!4b1!4m6!3m5!1s0x12e70639f679c849:0x6f3f5c93dd539c1!8m2!3d39.1590529!4d8.5114025!16s%2Fg%2F12276xk6?entry=ttu&amp;g_ep=EgoyMDI1MDEyOS4xIKXMDSoJLDEwMjExMjMzSAFQAw%3D%3D\" target=\"_blank\" rel=\"noopener\">&gt; La Grande Mine de Serbariu et le Mus\u00e9e du Charbon:<\/a><\/span><\/h3><p>Commencez la journ\u00e9e <strong>\u00e0 la Grande Mine de Serbariu,<\/strong> l\u2019un des sites embl\u00e9matiques de la ville de Carbonia. Ici, vous pourrez visiter <strong>le Mus\u00e9e du Charbon,<\/strong> am\u00e9nag\u00e9 dans des locaux autrefois affect\u00e9s \u00e0 la galerie d\u2019extraction et \u00e0 la lampisterie.<\/p><ul><li style=\"list-style-type: none;\"><ul><li><strong>Dur\u00e9e conseill\u00e9e:<\/strong> environ 1 h 30 \u2013 2 h.<\/li><li><strong>Exp\u00e9rience:<\/strong> vous aurez l\u2019occasion de comprendre les conditions de travail des mineurs, l\u2019histoire \u00e9conomico-sociale li\u00e9e \u00e0 l\u2019extraction du charbon, ainsi que le r\u00f4le fondamental que cette activit\u00e9 a jou\u00e9 dans le d\u00e9veloppement urbain et industriel de la zone au XXe si\u00e8cle.<\/li><\/ul><\/li><\/ul><ul><li style=\"list-style-type: none;\">\u00a0<\/li><\/ul><h5>D\u00e9jeuner (12 h 30 \u2013 14 h 00)<\/h5><p><strong>Apr\u00e8s la visite, rendez-vous dans le centre de Carbonia pour un d\u00e9jeuner l\u00e9ger en ville.<\/strong> Vous profiterez de l\u2019atmosph\u00e8re citadine, tout en observant l\u2019architecture rationaliste de la p\u00e9riode fasciste, \u00e9poque durant laquelle la ville a \u00e9t\u00e9 fond\u00e9e (ann\u00e9es 1930).<br \/><strong>Certaines trattorie et certains restaurants proposent des plats typiquement sardes,<\/strong> comme les malloreddus, le pane frattau, ainsi que des fromages et des charcuteries locales. C\u2019est l\u2019occasion de go\u00fbter aux saveurs du Sulcis, avec un bon verre de Cannonau ou de Carignano del Sulcis.<\/p><h5>Apr\u00e8s-midi (14 h 00 \u2013 17 h 00)<\/h5><h4><span style=\"text-decoration: underline;\"><strong><a href=\"https:\/\/www.google.it\/maps\/dir\/Carbonia\/Parco+Archeologico+di+Monte+Sirai,+Strada+Statale+126+km+17,+Sirai,+SU\/@39.1743538,8.4948039,15z\/data=!3m1!4b1!4m13!4m12!1m5!1m1!1s0x12e707d1dd2f9ce5:0x56b944a8ebd908c6!2m2!1d8.5228853!2d39.1644281!1m5!1m1!1s0x12e708015d294c63:0x3bcc89fdc0ca7340!2m2!1d8.4891597!2d39.1779848?entry=ttu&amp;g_ep=EgoyMDI1MDEyOS4xIKXMDSoJLDEwMjExMjMzSAFQAw%3D%3D\" target=\"_blank\" rel=\"noopener\">&gt; Site arch\u00e9ologique de Monte Sirai:<\/a><\/strong><\/span><\/h4><p><strong>Apr\u00e8s le d\u00e9jeuner, dirigez-vous vers la zone arch\u00e9ologique de Monte Sirai,<\/strong> \u00e0 courte distance en voiture du centre de Carbonia. Cet important site, fond\u00e9 par les Ph\u00e9niciens puis occup\u00e9 par les Puniques, offre un panorama arch\u00e9ologique particuli\u00e8rement fascinant.<\/p><ul><li style=\"list-style-type: none;\"><ul><li><strong>\u00c0 voir:<\/strong><\/li><li>Vestiges de l\u2019habitat ph\u00e9nico-punique.<\/li><li>N\u00e9cropole.<\/li><li>Tophet (sanctuaire \u00e0 ciel ouvert typique des cultures ph\u00e9nico-puniques).<\/li><li>Points panoramiques sur la plaine du Sulcis.<\/li><\/ul><\/li><li style=\"list-style-type: none;\">\u00a0<ul><li><strong>Dur\u00e9e conseill\u00e9e:<\/strong> 1 h 30 \u2013 2 h.<\/li><\/ul><\/li><\/ul><h4><a href=\"https:\/\/www.google.it\/maps\/place\/Museo+Archeologico+Villa+Sulcis\/@39.1638022,8.5221252,17z\/data=!3m1!4b1!4m6!3m5!1s0x12e707d277f49a5b:0x93ac229470826482!8m2!3d39.1637981!4d8.5247001!16s%2Fg%2F12hmmjsx8?entry=ttu&amp;g_ep=EgoyMDI1MDEyOS4xIKXMDSoJLDEwMjExMjMzSAFQAw%3D%3D\" target=\"_blank\" rel=\"noopener\"><strong><span style=\"text-decoration: underline;\">&gt; Le Mus\u00e9e arch\u00e9ologique Villa Sulcis:<\/span><\/strong><\/a><\/h4><p>En rentrant \u00e0 Carbonia, vous pouvez vous arr\u00eater au <strong>Mus\u00e9e arch\u00e9ologique Villa Sulcis.<\/strong> Vous y trouverez des objets provenant des fouilles locales, dont des c\u00e9ramiques, des bijoux et des ustensiles, qui illustrent la vie quotidienne des anciennes communaut\u00e9s de la zone.<\/p><ul><li style=\"list-style-type: none;\"><ul><li><strong>Dur\u00e9e conseill\u00e9e:<\/strong> environ 1 h.<\/li><\/ul><\/li><\/ul><p><strong>En fin d\u2019apr\u00e8s-midi<\/strong> (17 h 00 \u2013 19 h 00), terminez la journ\u00e9e par une promenade dans le centre-ville,<strong> en admirant l\u2019architecture urbaine rationaliste de Piazza Roma, la Mairie et le Teatro Centrale,<\/strong> tout proche. Cette courte visite urbaine vous permettra de mieux contextualiser le pass\u00e9 industriel et minier dans l\u2019histoire r\u00e9cente de Carbonia.<\/p>\t\t\t\t\t\t\t\t<\/div>\n\t\t\t\t<\/div>\n\t\t\t\t\t<\/div>\n\t\t<\/div>\n\t\t\t\t\t<\/div>\n\t\t<\/section>\n\t\t\t\t<section class=\"elementor-section elementor-top-section elementor-element elementor-element-640a8ed elementor-section-stretched elementor-section-boxed elementor-section-height-default elementor-section-height-default row-top\" data-id=\"640a8ed\" data-element_type=\"section\" data-e-type=\"section\" data-settings=\"{&quot;stretch_section&quot;:&quot;section-stretched&quot;,&quot;background_background&quot;:&quot;classic&quot;}\">\n\t\t\t\t\t\t<div class=\"elementor-container elementor-column-gap-default\">\n\t\t\t\t\t<div class=\"elementor-column elementor-col-33 elementor-top-column elementor-element elementor-element-c543339\" data-id=\"c543339\" data-element_type=\"column\" data-e-type=\"column\">\n\t\t\t<div class=\"elementor-widget-wrap elementor-element-populated\">\n\t\t\t\t\t\t<div class=\"elementor-element elementor-element-696d879 elementor-widget elementor-widget-image\" data-id=\"696d879\" data-element_type=\"widget\" data-e-type=\"widget\" data-widget_type=\"image.default\">\n\t\t\t\t<div class=\"elementor-widget-container\">\n\t\t\t\t\t\t\t\t\t\t\t\t\t\t\t<img loading=\"lazy\" decoding=\"async\" width=\"900\" height=\"675\" src=\"https:\/\/carboniaturismo.it\/wp-content\/uploads\/2024\/12\/Parco-Archeologico-Monte-Sirai-2.jpg\" class=\"attachment-large size-large wp-image-3423\" alt=\"\" srcset=\"https:\/\/carboniaturismo.it\/wp-content\/uploads\/2024\/12\/Parco-Archeologico-Monte-Sirai-2.jpg 1024w, https:\/\/carboniaturismo.it\/wp-content\/uploads\/2024\/12\/Parco-Archeologico-Monte-Sirai-2-768x576.jpg 768w\" sizes=\"(max-width: 900px) 100vw, 900px\" \/>\t\t\t\t\t\t\t\t\t\t\t\t\t\t\t<\/div>\n\t\t\t\t<\/div>\n\t\t\t\t\t<\/div>\n\t\t<\/div>\n\t\t\t\t<div class=\"elementor-column elementor-col-33 elementor-top-column elementor-element elementor-element-756dfbb\" data-id=\"756dfbb\" data-element_type=\"column\" data-e-type=\"column\">\n\t\t\t<div class=\"elementor-widget-wrap elementor-element-populated\">\n\t\t\t\t\t\t<div class=\"elementor-element elementor-element-b3a5315 elementor-widget elementor-widget-image\" data-id=\"b3a5315\" data-element_type=\"widget\" data-e-type=\"widget\" data-widget_type=\"image.default\">\n\t\t\t\t<div class=\"elementor-widget-container\">\n\t\t\t\t\t\t\t\t\t\t\t\t\t\t\t<img loading=\"lazy\" decoding=\"async\" width=\"900\" height=\"675\" src=\"https:\/\/carboniaturismo.it\/wp-content\/uploads\/2024\/12\/Parco-Archeologico-Monte-Sirai-Carbonia-1.jpg\" class=\"attachment-large size-large wp-image-3426\" alt=\"\" srcset=\"https:\/\/carboniaturismo.it\/wp-content\/uploads\/2024\/12\/Parco-Archeologico-Monte-Sirai-Carbonia-1.jpg 1024w, https:\/\/carboniaturismo.it\/wp-content\/uploads\/2024\/12\/Parco-Archeologico-Monte-Sirai-Carbonia-1-768x576.jpg 768w\" sizes=\"(max-width: 900px) 100vw, 900px\" \/>\t\t\t\t\t\t\t\t\t\t\t\t\t\t\t<\/div>\n\t\t\t\t<\/div>\n\t\t\t\t\t<\/div>\n\t\t<\/div>\n\t\t\t\t<div class=\"elementor-column elementor-col-33 elementor-top-column elementor-element elementor-element-c2577c0\" data-id=\"c2577c0\" data-element_type=\"column\" data-e-type=\"column\">\n\t\t\t<div class=\"elementor-widget-wrap elementor-element-populated\">\n\t\t\t\t\t\t<div class=\"elementor-element elementor-element-e39f6b2 elementor-widget elementor-widget-image\" data-id=\"e39f6b2\" data-element_type=\"widget\" data-e-type=\"widget\" data-widget_type=\"image.default\">\n\t\t\t\t<div class=\"elementor-widget-container\">\n\t\t\t\t\t\t\t\t\t\t\t\t\t\t\t<img loading=\"lazy\" decoding=\"async\" width=\"580\" height=\"450\" src=\"https:\/\/carboniaturismo.it\/wp-content\/uploads\/2024\/12\/Villa-Sulcis-Carbonia-Musei-3.jpg\" class=\"attachment-large size-large wp-image-3429\" alt=\"\" \/>\t\t\t\t\t\t\t\t\t\t\t\t\t\t\t<\/div>\n\t\t\t\t<\/div>\n\t\t\t\t\t<\/div>\n\t\t<\/div>\n\t\t\t\t\t<\/div>\n\t\t<\/section>\n\t\t\t\t<section class=\"elementor-section elementor-top-section elementor-element elementor-element-5e448c7 elementor-section-boxed elementor-section-height-default elementor-section-height-default row-top\" data-id=\"5e448c7\" data-element_type=\"section\" data-e-type=\"section\">\n\t\t\t\t\t\t<div class=\"elementor-container elementor-column-gap-default\">\n\t\t\t\t\t<div class=\"elementor-column elementor-col-100 elementor-top-column elementor-element elementor-element-0a8b50b\" data-id=\"0a8b50b\" data-element_type=\"column\" data-e-type=\"column\">\n\t\t\t<div class=\"elementor-widget-wrap elementor-element-populated\">\n\t\t\t\t\t\t<div class=\"elementor-element elementor-element-6212acc elementor-widget elementor-widget-image\" data-id=\"6212acc\" data-element_type=\"widget\" data-e-type=\"widget\" data-widget_type=\"image.default\">\n\t\t\t\t<div class=\"elementor-widget-container\">\n\t\t\t\t\t\t\t\t\t\t\t\t\t\t\t<img loading=\"lazy\" decoding=\"async\" width=\"768\" height=\"211\" src=\"https:\/\/carboniaturismo.it\/wp-content\/uploads\/2024\/12\/Risorsa-3-768x211.png\" class=\"attachment-medium_large size-medium_large wp-image-2979\" alt=\"\" srcset=\"https:\/\/carboniaturismo.it\/wp-content\/uploads\/2024\/12\/Risorsa-3-768x211.png 768w, https:\/\/carboniaturismo.it\/wp-content\/uploads\/2024\/12\/Risorsa-3-1024x282.png 1024w, https:\/\/carboniaturismo.it\/wp-content\/uploads\/2024\/12\/Risorsa-3.png 1268w\" sizes=\"(max-width: 768px) 100vw, 768px\" \/>\t\t\t\t\t\t\t\t\t\t\t\t\t\t\t<\/div>\n\t\t\t\t<\/div>\n\t\t\t\t\t<\/div>\n\t\t<\/div>\n\t\t\t\t\t<\/div>\n\t\t<\/section>\n\t\t\t\t<section class=\"elementor-section elementor-top-section elementor-element elementor-element-0fc11bf elementor-section-full_width elementor-section-stretched elementor-section-height-default elementor-section-height-default row-top\" data-id=\"0fc11bf\" data-element_type=\"section\" data-e-type=\"section\" data-settings=\"{&quot;stretch_section&quot;:&quot;section-stretched&quot;}\">\n\t\t\t\t\t\t<div class=\"elementor-container elementor-column-gap-default\">\n\t\t\t\t\t<div class=\"elementor-column elementor-col-50 elementor-top-column elementor-element elementor-element-d47c0e9\" data-id=\"d47c0e9\" data-element_type=\"column\" data-e-type=\"column\" data-settings=\"{&quot;background_background&quot;:&quot;classic&quot;}\">\n\t\t\t<div class=\"elementor-widget-wrap elementor-element-populated\">\n\t\t\t\t\t\t<div class=\"elementor-element elementor-element-d44a8c1 elementor-widget elementor-widget-spacer\" data-id=\"d44a8c1\" data-element_type=\"widget\" data-e-type=\"widget\" data-widget_type=\"spacer.default\">\n\t\t\t\t<div class=\"elementor-widget-container\">\n\t\t\t\t\t\t\t<div class=\"elementor-spacer\">\n\t\t\t<div class=\"elementor-spacer-inner\"><\/div>\n\t\t<\/div>\n\t\t\t\t\t\t<\/div>\n\t\t\t\t<\/div>\n\t\t\t\t\t<\/div>\n\t\t<\/div>\n\t\t\t\t<div class=\"elementor-column elementor-col-50 elementor-top-column elementor-element elementor-element-08fe2c1\" data-id=\"08fe2c1\" data-element_type=\"column\" data-e-type=\"column\" data-settings=\"{&quot;background_background&quot;:&quot;classic&quot;}\">\n\t\t\t<div class=\"elementor-widget-wrap elementor-element-populated\">\n\t\t\t\t\t\t<div class=\"elementor-element elementor-element-e789447 elementor-widget elementor-widget-gva-heading-block\" data-id=\"e789447\" data-element_type=\"widget\" data-e-type=\"widget\" data-widget_type=\"gva-heading-block.default\">\n\t\t\t\t<div class=\"elementor-widget-container\">\n\t\t\t\t\t<div class=\"gva-element-gva-heading-block gva-element\">   <div class=\"align-center style-1 widget gsc-heading box-align- auto-responsive\">\r\n      <div class=\"content-inner\">\r\n         \r\n                  \r\n                     <div class=\"sub-title\"><span>Organizza la tua vacanza<\/span><\/div>\r\n           \r\n         \r\n                     <h2 class=\"title\">\r\n               <span>Tutte le informazioni che ti servono per cominciare il tuo viaggio a Carbonia. <\/span>\r\n            <\/h2>\r\n                  \r\n                     <div class=\"heading-action\">\r\n               \t\t  <a href=\"https:\/\/carboniaturismo.it\/it\/idee-vacanza\/\" class=\"btn-cta btn-theme \">\r\n\t\t\t <span>Parti adesso<\/span>\r\n\t\t  <\/a>\r\n\r\n\t\t              <\/div>\r\n         \r\n      <\/div>\r\n   <\/div>\r\n<\/div>\t\t\t\t<\/div>\n\t\t\t\t<\/div>\n\t\t\t\t\t<\/div>\n\t\t<\/div>\n\t\t\t\t\t<\/div>\n\t\t<\/section>\n\t\t\t\t<\/div>\n\t\t","protected":false},"excerpt":{"rendered":"<p>Une journ\u00e9e \u00e0 Carbonia : arch\u00e9ologie, mus\u00e9es, parc minier Voici l\u2019id\u00e9e d\u2019un parcours inoubliable \u00e0 Carbonia et dans les environs, qui rassemble des \u00e9l\u00e9ments culturels visitables en une journ\u00e9e (mus\u00e9es, [&hellip;]<\/p>\n","protected":false},"author":2,"featured_media":0,"parent":1742,"menu_order":0,"comment_status":"closed","ping_status":"closed","template":"","meta":{"rs_blank_template":"","rs_page_bg_color":"","slide_template_v7":"","footnotes":""},"class_list":["post-15264","page","type-page","status-publish","hentry"],"_links":{"self":[{"href":"https:\/\/carboniaturismo.it\/fr\/wp-json\/wp\/v2\/pages\/15264","targetHints":{"allow":["GET"]}}],"collection":[{"href":"https:\/\/carboniaturismo.it\/fr\/wp-json\/wp\/v2\/pages"}],"about":[{"href":"https:\/\/carboniaturismo.it\/fr\/wp-json\/wp\/v2\/types\/page"}],"author":[{"embeddable":true,"href":"https:\/\/carboniaturismo.it\/fr\/wp-json\/wp\/v2\/users\/2"}],"replies":[{"embeddable":true,"href":"https:\/\/carboniaturismo.it\/fr\/wp-json\/wp\/v2\/comments?post=15264"}],"version-history":[{"count":8,"href":"https:\/\/carboniaturismo.it\/fr\/wp-json\/wp\/v2\/pages\/15264\/revisions"}],"predecessor-version":[{"id":15273,"href":"https:\/\/carboniaturismo.it\/fr\/wp-json\/wp\/v2\/pages\/15264\/revisions\/15273"}],"up":[{"embeddable":true,"href":"https:\/\/carboniaturismo.it\/fr\/wp-json\/wp\/v2\/pages\/1742"}],"wp:attachment":[{"href":"https:\/\/carboniaturismo.it\/fr\/wp-json\/wp\/v2\/media?parent=15264"}],"curies":[{"name":"wp","href":"https:\/\/api.w.org\/{rel}","templated":true}]}}