{"id":15254,"date":"2026-02-08T09:11:50","date_gmt":"2026-02-08T09:11:50","guid":{"rendered":"https:\/\/carboniaturismo.it\/?page_id=15254"},"modified":"2026-02-08T09:27:05","modified_gmt":"2026-02-08T09:27:05","slug":"una-giornata-sulle-spiagge-del-sulcis","status":"publish","type":"page","link":"https:\/\/carboniaturismo.it\/fr\/idee-vacanza\/una-giornata-sulle-spiagge-del-sulcis\/","title":{"rendered":"Une journ\u00e9e sur les plages du Sulcis"},"content":{"rendered":"\t\t<div data-elementor-type=\"wp-page\" data-elementor-id=\"15254\" class=\"elementor elementor-15254\" data-elementor-post-type=\"page\">\n\t\t\t\t\t\t<section class=\"elementor-section elementor-top-section elementor-element elementor-element-d7ff70b elementor-section-stretched elementor-section-boxed elementor-section-height-default elementor-section-height-default row-top\" data-id=\"d7ff70b\" data-element_type=\"section\" data-e-type=\"section\" data-settings=\"{&quot;stretch_section&quot;:&quot;section-stretched&quot;}\">\n\t\t\t\t\t\t<div class=\"elementor-container elementor-column-gap-default\">\n\t\t\t\t\t<div class=\"elementor-column elementor-col-100 elementor-top-column elementor-element elementor-element-8c4dc03\" data-id=\"8c4dc03\" data-element_type=\"column\" data-e-type=\"column\">\n\t\t\t<div class=\"elementor-widget-wrap elementor-element-populated\">\n\t\t\t\t\t\t<div class=\"elementor-element elementor-element-76e8765 elementor-widget elementor-widget-heading\" data-id=\"76e8765\" data-element_type=\"widget\" data-e-type=\"widget\" data-widget_type=\"heading.default\">\n\t\t\t\t<div class=\"elementor-widget-container\">\n\t\t\t\t\t<h2 class=\"elementor-heading-title elementor-size-default\">Les beaut\u00e9s naturelles aux alentours de Carbonia : une journ\u00e9e entre plages, falaises et panoramas<\/h2>\t\t\t\t<\/div>\n\t\t\t\t<\/div>\n\t\t\t\t<div class=\"elementor-element elementor-element-ef18d02 elementor-widget elementor-widget-text-editor\" data-id=\"ef18d02\" data-element_type=\"widget\" data-e-type=\"widget\" data-widget_type=\"text-editor.default\">\n\t\t\t\t<div class=\"elementor-widget-container\">\n\t\t\t\t\t\t\t\t\t<p><strong>Voici l\u2019id\u00e9e pour une journ\u00e9e \u00e0 Carbonia et dans les environs, ax\u00e9e sur les aspects naturalistes,<\/strong> en associant plages, collines et panoramas uniques du Sulcis. Avec cet itin\u00e9raire, vous vivrez une journ\u00e9e plac\u00e9e sous le signe de la nature et de la mer. Vous profiterez de paysages c\u00f4tiers uniques du Sulcis, avec des plages enchanteuses et des falaises majestueuses.<\/p><h4>R\u00e9capitulatif de la journ\u00e9e:<\/h4><ul><li><strong>Matin:<\/strong> plage de Portopaglietto, \u00e0 Portoscuso : mer, d\u00e9tente, falaises.<\/li><li><strong>D\u00e9jeuner:<\/strong> restaurant avec vue sur la mer, \u00e0 Portopaglietto.<\/li><li><strong>Apr\u00e8s-midi:<\/strong> panoramas c\u00f4tiers de Nebida et de Masua: promenades, photos, panoramas sur le Pan di Zucchero.<\/li><li><strong>Retour:<\/strong> retour \u00e0 Carbonia en fin d\u2019apr\u00e8s-midi, ap\u00e9ritif ou d\u00eener l\u00e9ger en ville.<\/li><\/ul>\t\t\t\t\t\t\t\t<\/div>\n\t\t\t\t<\/div>\n\t\t\t\t\t<\/div>\n\t\t<\/div>\n\t\t\t\t\t<\/div>\n\t\t<\/section>\n\t\t\t\t<section class=\"elementor-section elementor-top-section elementor-element elementor-element-78bd7cb elementor-section-stretched elementor-section-boxed elementor-section-height-default elementor-section-height-default row-top\" data-id=\"78bd7cb\" data-element_type=\"section\" data-e-type=\"section\" data-settings=\"{&quot;stretch_section&quot;:&quot;section-stretched&quot;}\">\n\t\t\t\t\t\t<div class=\"elementor-container elementor-column-gap-default\">\n\t\t\t\t\t<div class=\"elementor-column elementor-col-33 elementor-top-column elementor-element elementor-element-c467aaf\" data-id=\"c467aaf\" data-element_type=\"column\" data-e-type=\"column\">\n\t\t\t<div class=\"elementor-widget-wrap elementor-element-populated\">\n\t\t\t\t\t\t<div class=\"elementor-element elementor-element-5e9511c elementor-widget elementor-widget-image\" data-id=\"5e9511c\" data-element_type=\"widget\" data-e-type=\"widget\" data-widget_type=\"image.default\">\n\t\t\t\t<div class=\"elementor-widget-container\">\n\t\t\t\t\t\t\t\t\t\t\t\t\t\t\t<img fetchpriority=\"high\" decoding=\"async\" width=\"580\" height=\"450\" src=\"https:\/\/carboniaturismo.it\/wp-content\/uploads\/2024\/12\/Portopaglietto-Carbonia-Turismo-Portopaglietto-580x450-1.jpg\" class=\"attachment-large size-large wp-image-3399\" alt=\"\" \/>\t\t\t\t\t\t\t\t\t\t\t\t\t\t\t<\/div>\n\t\t\t\t<\/div>\n\t\t\t\t\t<\/div>\n\t\t<\/div>\n\t\t\t\t<div class=\"elementor-column elementor-col-33 elementor-top-column elementor-element elementor-element-85d08a3\" data-id=\"85d08a3\" data-element_type=\"column\" data-e-type=\"column\">\n\t\t\t<div class=\"elementor-widget-wrap elementor-element-populated\">\n\t\t\t\t\t\t<div class=\"elementor-element elementor-element-b628dcd elementor-widget elementor-widget-image\" data-id=\"b628dcd\" data-element_type=\"widget\" data-e-type=\"widget\" data-widget_type=\"image.default\">\n\t\t\t\t<div class=\"elementor-widget-container\">\n\t\t\t\t\t\t\t\t\t\t\t\t\t\t\t<img decoding=\"async\" width=\"580\" height=\"450\" src=\"https:\/\/carboniaturismo.it\/wp-content\/uploads\/2024\/12\/PORTOP1.jpg\" class=\"attachment-large size-large wp-image-3396\" alt=\"\" \/>\t\t\t\t\t\t\t\t\t\t\t\t\t\t\t<\/div>\n\t\t\t\t<\/div>\n\t\t\t\t\t<\/div>\n\t\t<\/div>\n\t\t\t\t<div class=\"elementor-column elementor-col-33 elementor-top-column elementor-element elementor-element-a0b24f2\" data-id=\"a0b24f2\" data-element_type=\"column\" data-e-type=\"column\">\n\t\t\t<div class=\"elementor-widget-wrap elementor-element-populated\">\n\t\t\t\t\t\t<div class=\"elementor-element elementor-element-d5a11d8 elementor-widget elementor-widget-image\" data-id=\"d5a11d8\" data-element_type=\"widget\" data-e-type=\"widget\" data-widget_type=\"image.default\">\n\t\t\t\t<div class=\"elementor-widget-container\">\n\t\t\t\t\t\t\t\t\t\t\t\t\t\t\t<img decoding=\"async\" width=\"580\" height=\"450\" src=\"https:\/\/carboniaturismo.it\/wp-content\/uploads\/2024\/12\/Masua-Carbonia-Turismo-Scorcio-di-Masua-580x450-1.jpg\" class=\"attachment-large size-large wp-image-3402\" alt=\"\" \/>\t\t\t\t\t\t\t\t\t\t\t\t\t\t\t<\/div>\n\t\t\t\t<\/div>\n\t\t\t\t\t<\/div>\n\t\t<\/div>\n\t\t\t\t\t<\/div>\n\t\t<\/section>\n\t\t\t\t<section class=\"elementor-section elementor-top-section elementor-element elementor-element-941b71c elementor-section-stretched elementor-section-boxed elementor-section-height-default elementor-section-height-default row-top\" data-id=\"941b71c\" data-element_type=\"section\" data-e-type=\"section\" data-settings=\"{&quot;stretch_section&quot;:&quot;section-stretched&quot;,&quot;background_background&quot;:&quot;classic&quot;}\">\n\t\t\t\t\t\t<div class=\"elementor-container elementor-column-gap-default\">\n\t\t\t\t\t<div class=\"elementor-column elementor-col-100 elementor-top-column elementor-element elementor-element-acacbd3\" data-id=\"acacbd3\" data-element_type=\"column\" data-e-type=\"column\">\n\t\t\t<div class=\"elementor-widget-wrap elementor-element-populated\">\n\t\t\t\t\t\t<div class=\"elementor-element elementor-element-c0a067f elementor-widget elementor-widget-heading\" data-id=\"c0a067f\" data-element_type=\"widget\" data-e-type=\"widget\" data-widget_type=\"heading.default\">\n\t\t\t\t<div class=\"elementor-widget-container\">\n\t\t\t\t\t<h2 class=\"elementor-heading-title elementor-size-default\"><a href=\"https:\/\/www.google.com\/maps\/dir\/Portopaglietto\/Masua\/@39.2652913,8.3628743,12z\/data=!3m1!4b1!4m13!4m12!1m5!1m1!1s0x12e7a5bf65fc51e9:0xec672a835bb5d99c!2m2!1d8.3739164!2d39.2095522!1m5!1m1!1s0x12e7a1c5f04f909b:0xc24db45d50c7641e!2m2!1d8.4290463!2d39.3312716?entry=ttu&#038;g_ep=EgoyMDI1MDEyMi4wIKXMDSoASAFQAw%3D%3D\" target=\"_blank\"><u>&gt; De Portopaglietto au golfe du Lion<\/u><\/a><\/h2>\t\t\t\t<\/div>\n\t\t\t\t<\/div>\n\t\t\t\t<div class=\"elementor-element elementor-element-8a69f5c elementor-widget__width-initial elementor-widget elementor-widget-text-editor\" data-id=\"8a69f5c\" data-element_type=\"widget\" data-e-type=\"widget\" data-widget_type=\"text-editor.default\">\n\t\t\t\t<div class=\"elementor-widget-container\">\n\t\t\t\t\t\t\t\t\t<h5>Matin (9 h 00 \u2013 12 h 30)<\/h5><h4><a href=\"https:\/\/www.google.it\/maps\/dir\/Carbonia\/Spiaggia+di+Portopaglietto,+Viale+Nettuno,+09010+Portoscuso+SU\/@39.2088007,8.4069986,13z\/data=!3m1!4b1!4m13!4m12!1m5!1m1!1s0x12e707d1dd2f9ce5:0x56b944a8ebd908c6!2m2!1d8.5228853!2d39.1644281!1m5!1m1!1s0x12e7a5bf65fc51e9:0xec672a835bb5d99c!2m2!1d8.3739164!2d39.2095522?entry=ttu&amp;g_ep=EgoyMDI1MDEyOS4xIKXMDSoJLDEwMjExMjMzSAFQAw%3D%3D\" target=\"_blank\" rel=\"noopener\"><span style=\"text-decoration: underline;\">&gt;Plage de Portopaglietto, \u00e0 Portoscuso<strong>\u00a0<\/strong><\/span><\/a><\/h4><p><strong>Partez de Carbonia en direction de Portoscuso<\/strong> (environ 20 minutes en voiture) et passez la matin\u00e9e <strong>\u00e0 la plage de Portopaglietto, une petite baie sablonneuse, charmante,<\/strong> nich\u00e9e entre des falaises.<\/p><ul><li style=\"list-style-type: none;\"><ul><li>Ici, vous pourrez vous d\u00e9tendre au soleil, faire une promenade le long du rivage et prendre des photos avec, en arri\u00e8re-plan, les falaises caract\u00e9ristiques. Et, si la saison le permet, vous pourrez aussi faire un bain rafra\u00eechissant.<\/li><li>La zone est tranquille, avec une mer cristalline et des vues \u00e0 couper le souffle sur la c\u00f4te.<\/li><\/ul><\/li><\/ul><h5>D\u00e9jeuner (12 h 30 \u2013 14 h 00)<\/h5><p><strong>Apr\u00e8s avoir profit\u00e9 de la plage, arr\u00eatez-vous dans l\u2019un des restaurants ou kiosques donnant sur la mer, \u00e0 Portopaglietto.<\/strong> D\u00e9gustez du poisson frais, des plats de la mer ou une cuisine typiquement sarde, avec un panorama suggestif : le bruit des vagues et la vue sur les falaises feront office d\u2019\u00e9crin pour votre repas.<\/p><h5>Apr\u00e8s-midi (14 h 00 \u2013 18 h 00)<\/h5><h4><span style=\"text-decoration: underline;\"><a href=\"https:\/\/www.google.it\/maps\/dir\/Nebida,+09016+SU\/Spiaggia+di+Masua,+Frazione+Masua,+09016+Iglesias+SU\/@39.3244977,8.4183258,15z\/data=!3m1!4b1!4m13!4m12!1m5!1m1!1s0x12e7a1b276b7788f:0x360fa73e69fe9a28!2m2!1d8.4369296!2d39.3142757!1m5!1m1!1s0x12e7a1c268975caf:0xd2c47ee9559a9148!2m2!1d8.4194755!2d39.3335093?entry=ttu&amp;g_ep=EgoyMDI1MDEyOS4xIKXMDSoJLDEwMjExMjMzSAFQAw%3D%3D\" target=\"_blank\" rel=\"noopener\"><strong>&gt; Costa di Nebida e Masua<\/strong><\/a><\/span><\/h4><p><strong>Dans l\u2019apr\u00e8s-midi, dirigez-vous vers le golfe du Lion pour visiter Nebida et Masua.<\/strong> Depuis Portoscuso, comptez environ 30 minutes en voiture, afin d\u2019admirer certains des paysages c\u00f4tiers les plus spectaculaires du Sulcis.<\/p><ul><li style=\"list-style-type: none;\"><ul><li><strong>\u00c0 Nebida,<\/strong> vous pourrez parcourir le Belv\u00e9d\u00e8re, un sentier panoramique qui offre des vues sur la mer et sur <strong>l\u2019embl\u00e9matique faraglione du Pan di Zucchero.<\/strong> Il s\u2019agit d\u2019un colosse calcaire qui \u00e9merge des eaux.<\/li><li><strong>\u00c0 Masua<\/strong>, vous pourrez descendre vers la petite plage et observer d\u2019en bas les imposantes falaises, ou simplement profiter du panorama depuis la terrasse.<\/li><\/ul><\/li><\/ul><p><strong>Cette zone est parfaite pour prendre des photos, faire une courte promenade<\/strong> dans la nature et comprendre le lien entre l\u2019environnement c\u00f4tier et l\u2019ancien pass\u00e9 minier du territoire. Certaines structures mini\u00e8res abandonn\u00e9es rendent le paysage encore plus \u00e9vocateur.<\/p><h4>D\u00e9tente finale et retour \u00e0 Carbonia<\/h4><p>Apr\u00e8s avoir pass\u00e9 l\u2019apr\u00e8s-midi entre panoramas marins et falaises, rentrez \u00e0 Carbonia. <strong>En chemin, si vous le souhaitez, arr\u00eatez-vous \u00e0 quelques points panoramiques pour profiter encore de l\u2019atmosph\u00e8re m\u00e9diterran\u00e9enne,<\/strong> entre maquis bas, oliveraies et collines tourn\u00e9es vers la mer.<br \/><strong>De retour \u00e0 Carbonia, terminez la journ\u00e9e avec un ap\u00e9ritif ou un d\u00eener l\u00e9ger en ville.<\/strong> Ou, si vous pr\u00e9f\u00e9rez, reposez-vous \u00e0 l\u2019h\u00f4tel et repassez en esprit les images de la mer turquoise, des falaises imposantes et des saveurs d\u00e9gust\u00e9es au d\u00e9jeuner.<br \/>Ces parcours racontent l\u2019histoire la plus profonde et la plus authentique du Sulcis, en offrant une exp\u00e9rience unique qui unit culture, m\u00e9moire et paysages extraordinaires. <strong>Un voyage id\u00e9al pour ceux qui aiment d\u00e9couvrir le c\u00f4t\u00e9 moins connu et le plus fascinant de la Sardaigne.<\/strong><\/p>\t\t\t\t\t\t\t\t<\/div>\n\t\t\t\t<\/div>\n\t\t\t\t\t<\/div>\n\t\t<\/div>\n\t\t\t\t\t<\/div>\n\t\t<\/section>\n\t\t\t\t<section class=\"elementor-section elementor-top-section elementor-element elementor-element-640a8ed elementor-section-stretched elementor-section-boxed elementor-section-height-default elementor-section-height-default row-top\" data-id=\"640a8ed\" data-element_type=\"section\" data-e-type=\"section\" data-settings=\"{&quot;stretch_section&quot;:&quot;section-stretched&quot;,&quot;background_background&quot;:&quot;classic&quot;}\">\n\t\t\t\t\t\t<div class=\"elementor-container elementor-column-gap-default\">\n\t\t\t\t\t<div class=\"elementor-column elementor-col-33 elementor-top-column elementor-element elementor-element-c543339\" data-id=\"c543339\" data-element_type=\"column\" data-e-type=\"column\">\n\t\t\t<div class=\"elementor-widget-wrap elementor-element-populated\">\n\t\t\t\t\t\t<div class=\"elementor-element elementor-element-696d879 elementor-widget elementor-widget-image\" data-id=\"696d879\" data-element_type=\"widget\" data-e-type=\"widget\" data-widget_type=\"image.default\">\n\t\t\t\t<div class=\"elementor-widget-container\">\n\t\t\t\t\t\t\t\t\t\t\t\t\t\t\t<img loading=\"lazy\" decoding=\"async\" width=\"580\" height=\"450\" src=\"https:\/\/carboniaturismo.it\/wp-content\/uploads\/2024\/12\/Masua-Carbonia-Turismo-Spiaggia-di-Masua-580x450-1.jpg\" class=\"attachment-large size-large wp-image-3405\" alt=\"\" \/>\t\t\t\t\t\t\t\t\t\t\t\t\t\t\t<\/div>\n\t\t\t\t<\/div>\n\t\t\t\t\t<\/div>\n\t\t<\/div>\n\t\t\t\t<div class=\"elementor-column elementor-col-33 elementor-top-column elementor-element elementor-element-756dfbb\" data-id=\"756dfbb\" data-element_type=\"column\" data-e-type=\"column\">\n\t\t\t<div class=\"elementor-widget-wrap elementor-element-populated\">\n\t\t\t\t\t\t<div class=\"elementor-element elementor-element-b3a5315 elementor-widget elementor-widget-image\" data-id=\"b3a5315\" data-element_type=\"widget\" data-e-type=\"widget\" data-widget_type=\"image.default\">\n\t\t\t\t<div class=\"elementor-widget-container\">\n\t\t\t\t\t\t\t\t\t\t\t\t\t\t\t<img loading=\"lazy\" decoding=\"async\" width=\"580\" height=\"450\" src=\"https:\/\/carboniaturismo.it\/wp-content\/uploads\/2024\/12\/Masua-Carbonia-Turismo-Masua-vista-su-Pan-di-Zucchero.jpg\" class=\"attachment-large size-large wp-image-3408\" alt=\"\" \/>\t\t\t\t\t\t\t\t\t\t\t\t\t\t\t<\/div>\n\t\t\t\t<\/div>\n\t\t\t\t\t<\/div>\n\t\t<\/div>\n\t\t\t\t<div class=\"elementor-column elementor-col-33 elementor-top-column elementor-element elementor-element-c2577c0\" data-id=\"c2577c0\" data-element_type=\"column\" data-e-type=\"column\">\n\t\t\t<div class=\"elementor-widget-wrap elementor-element-populated\">\n\t\t\t\t\t\t<div class=\"elementor-element elementor-element-e39f6b2 elementor-widget elementor-widget-image\" data-id=\"e39f6b2\" data-element_type=\"widget\" data-e-type=\"widget\" data-widget_type=\"image.default\">\n\t\t\t\t<div class=\"elementor-widget-container\">\n\t\t\t\t\t\t\t\t\t\t\t\t\t\t\t<img loading=\"lazy\" decoding=\"async\" width=\"580\" height=\"450\" src=\"https:\/\/carboniaturismo.it\/wp-content\/uploads\/2024\/12\/SAPUNT1.jpg\" class=\"attachment-large size-large wp-image-3411\" alt=\"\" \/>\t\t\t\t\t\t\t\t\t\t\t\t\t\t\t<\/div>\n\t\t\t\t<\/div>\n\t\t\t\t\t<\/div>\n\t\t<\/div>\n\t\t\t\t\t<\/div>\n\t\t<\/section>\n\t\t\t\t<section class=\"elementor-section elementor-top-section elementor-element elementor-element-5e448c7 elementor-section-boxed elementor-section-height-default elementor-section-height-default row-top\" data-id=\"5e448c7\" data-element_type=\"section\" data-e-type=\"section\">\n\t\t\t\t\t\t<div class=\"elementor-container elementor-column-gap-default\">\n\t\t\t\t\t<div class=\"elementor-column elementor-col-100 elementor-top-column elementor-element elementor-element-0a8b50b\" data-id=\"0a8b50b\" data-element_type=\"column\" data-e-type=\"column\">\n\t\t\t<div class=\"elementor-widget-wrap elementor-element-populated\">\n\t\t\t\t\t\t<div class=\"elementor-element elementor-element-6212acc elementor-widget elementor-widget-image\" data-id=\"6212acc\" data-element_type=\"widget\" data-e-type=\"widget\" data-widget_type=\"image.default\">\n\t\t\t\t<div class=\"elementor-widget-container\">\n\t\t\t\t\t\t\t\t\t\t\t\t\t\t\t<img loading=\"lazy\" decoding=\"async\" width=\"768\" height=\"211\" src=\"https:\/\/carboniaturismo.it\/wp-content\/uploads\/2024\/12\/Risorsa-3-768x211.png\" class=\"attachment-medium_large size-medium_large wp-image-2979\" alt=\"\" srcset=\"https:\/\/carboniaturismo.it\/wp-content\/uploads\/2024\/12\/Risorsa-3-768x211.png 768w, https:\/\/carboniaturismo.it\/wp-content\/uploads\/2024\/12\/Risorsa-3-1024x282.png 1024w, https:\/\/carboniaturismo.it\/wp-content\/uploads\/2024\/12\/Risorsa-3.png 1268w\" sizes=\"(max-width: 768px) 100vw, 768px\" \/>\t\t\t\t\t\t\t\t\t\t\t\t\t\t\t<\/div>\n\t\t\t\t<\/div>\n\t\t\t\t\t<\/div>\n\t\t<\/div>\n\t\t\t\t\t<\/div>\n\t\t<\/section>\n\t\t\t\t<section class=\"elementor-section elementor-top-section elementor-element elementor-element-0fc11bf elementor-section-full_width elementor-section-stretched elementor-section-height-default elementor-section-height-default row-top\" data-id=\"0fc11bf\" data-element_type=\"section\" data-e-type=\"section\" data-settings=\"{&quot;stretch_section&quot;:&quot;section-stretched&quot;}\">\n\t\t\t\t\t\t<div class=\"elementor-container elementor-column-gap-default\">\n\t\t\t\t\t<div class=\"elementor-column elementor-col-50 elementor-top-column elementor-element elementor-element-d47c0e9\" data-id=\"d47c0e9\" data-element_type=\"column\" data-e-type=\"column\" data-settings=\"{&quot;background_background&quot;:&quot;classic&quot;}\">\n\t\t\t<div class=\"elementor-widget-wrap elementor-element-populated\">\n\t\t\t\t\t\t<div class=\"elementor-element elementor-element-d44a8c1 elementor-widget elementor-widget-spacer\" data-id=\"d44a8c1\" data-element_type=\"widget\" data-e-type=\"widget\" data-widget_type=\"spacer.default\">\n\t\t\t\t<div class=\"elementor-widget-container\">\n\t\t\t\t\t\t\t<div class=\"elementor-spacer\">\n\t\t\t<div class=\"elementor-spacer-inner\"><\/div>\n\t\t<\/div>\n\t\t\t\t\t\t<\/div>\n\t\t\t\t<\/div>\n\t\t\t\t\t<\/div>\n\t\t<\/div>\n\t\t\t\t<div class=\"elementor-column elementor-col-50 elementor-top-column elementor-element elementor-element-08fe2c1\" data-id=\"08fe2c1\" data-element_type=\"column\" data-e-type=\"column\" data-settings=\"{&quot;background_background&quot;:&quot;classic&quot;}\">\n\t\t\t<div class=\"elementor-widget-wrap elementor-element-populated\">\n\t\t\t\t\t\t<div class=\"elementor-element elementor-element-e789447 elementor-widget elementor-widget-gva-heading-block\" data-id=\"e789447\" data-element_type=\"widget\" data-e-type=\"widget\" data-widget_type=\"gva-heading-block.default\">\n\t\t\t\t<div class=\"elementor-widget-container\">\n\t\t\t\t\t<div class=\"gva-element-gva-heading-block gva-element\">   <div class=\"align-center style-1 widget gsc-heading box-align- auto-responsive\">\r\n      <div class=\"content-inner\">\r\n         \r\n                  \r\n                     <div class=\"sub-title\"><span>Organizza la tua vacanza<\/span><\/div>\r\n           \r\n         \r\n                     <h2 class=\"title\">\r\n               <span>Tutte le informazioni che ti servono per cominciare il tuo viaggio a Carbonia. <\/span>\r\n            <\/h2>\r\n                  \r\n                     <div class=\"heading-action\">\r\n               \t\t  <a href=\"https:\/\/carboniaturismo.it\/it\/idee-vacanza\/\" class=\"btn-cta btn-theme \">\r\n\t\t\t <span>Parti adesso<\/span>\r\n\t\t  <\/a>\r\n\r\n\t\t              <\/div>\r\n         \r\n      <\/div>\r\n   <\/div>\r\n<\/div>\t\t\t\t<\/div>\n\t\t\t\t<\/div>\n\t\t\t\t\t<\/div>\n\t\t<\/div>\n\t\t\t\t\t<\/div>\n\t\t<\/section>\n\t\t\t\t<\/div>\n\t\t","protected":false},"excerpt":{"rendered":"<p>Les beaut\u00e9s naturelles aux alentours de Carbonia : une journ\u00e9e entre plages, falaises et panoramas Voici l\u2019id\u00e9e pour une journ\u00e9e \u00e0 Carbonia et dans les environs, ax\u00e9e sur les aspects [&hellip;]<\/p>\n","protected":false},"author":2,"featured_media":0,"parent":1742,"menu_order":0,"comment_status":"closed","ping_status":"closed","template":"","meta":{"rs_blank_template":"","rs_page_bg_color":"","slide_template_v7":"","footnotes":""},"class_list":["post-15254","page","type-page","status-publish","hentry"],"_links":{"self":[{"href":"https:\/\/carboniaturismo.it\/fr\/wp-json\/wp\/v2\/pages\/15254","targetHints":{"allow":["GET"]}}],"collection":[{"href":"https:\/\/carboniaturismo.it\/fr\/wp-json\/wp\/v2\/pages"}],"about":[{"href":"https:\/\/carboniaturismo.it\/fr\/wp-json\/wp\/v2\/types\/page"}],"author":[{"embeddable":true,"href":"https:\/\/carboniaturismo.it\/fr\/wp-json\/wp\/v2\/users\/2"}],"replies":[{"embeddable":true,"href":"https:\/\/carboniaturismo.it\/fr\/wp-json\/wp\/v2\/comments?post=15254"}],"version-history":[{"count":7,"href":"https:\/\/carboniaturismo.it\/fr\/wp-json\/wp\/v2\/pages\/15254\/revisions"}],"predecessor-version":[{"id":15262,"href":"https:\/\/carboniaturismo.it\/fr\/wp-json\/wp\/v2\/pages\/15254\/revisions\/15262"}],"up":[{"embeddable":true,"href":"https:\/\/carboniaturismo.it\/fr\/wp-json\/wp\/v2\/pages\/1742"}],"wp:attachment":[{"href":"https:\/\/carboniaturismo.it\/fr\/wp-json\/wp\/v2\/media?parent=15254"}],"curies":[{"name":"wp","href":"https:\/\/api.w.org\/{rel}","templated":true}]}}