{"id":4027,"date":"2024-12-16T08:43:53","date_gmt":"2024-12-16T08:43:53","guid":{"rendered":"https:\/\/carboniaturismo.it\/privacy-policy\/"},"modified":"2025-01-05T07:22:24","modified_gmt":"2025-01-05T07:22:24","slug":"privacy-policy","status":"publish","type":"page","link":"https:\/\/carboniaturismo.it\/en\/privacy-policy\/","title":{"rendered":"Privacy Policy"},"content":{"rendered":"\t\t<div data-elementor-type=\"wp-page\" data-elementor-id=\"4027\" class=\"elementor elementor-4027 elementor-3\" data-elementor-post-type=\"page\">\n\t\t\t\t\t\t<section class=\"elementor-section elementor-top-section elementor-element elementor-element-3deb9b6 elementor-section-boxed elementor-section-height-default elementor-section-height-default row-top\" data-id=\"3deb9b6\" data-element_type=\"section\" data-e-type=\"section\">\n\t\t\t\t\t\t<div class=\"elementor-container elementor-column-gap-default\">\n\t\t\t\t\t<div class=\"elementor-column elementor-col-100 elementor-top-column elementor-element elementor-element-65911e8f\" data-id=\"65911e8f\" data-element_type=\"column\" data-e-type=\"column\">\n\t\t\t<div class=\"elementor-widget-wrap elementor-element-populated\">\n\t\t\t\t\t\t<div class=\"elementor-element elementor-element-16af68f3 elementor-widget elementor-widget-text-editor\" data-id=\"16af68f3\" data-element_type=\"widget\" data-e-type=\"widget\" data-widget_type=\"text-editor.default\">\n\t\t\t\t<div class=\"elementor-widget-container\">\n\t\t\t\t\t\t\t\t\t\n<p>INFORMATIVA SUL TRATTAMENTO DEI DATI PERSONALI<br><br><\/p>\n<p>Per gli utenti che consultano il sito: www.comune.carbonia.su.it<br>ai sensi dell&#8217;articolo 13 del Regolamento (UE) 2016\/679 \u201cGDPR\u201d<br><br><br>Il Comune di Carbonia, nel rispetto dei principi sanciti dal Regolamento (UE) n. 2016\/679 \u201cGDPR\u201d relativo alla protezione delle persone fisiche con riguardo al trattamento dei dati personali nonch\u00e9 alla libera circolazione di tali dati (di seguito \u201cGDPR\u201d) e di quanto stabilito dal \u201cCodice della Privacy\u201d di cui al d.lgs. 196\/2003 (nella versione novellata dal d.lgs. 10 agosto 2018, n. 101), offre agli utenti la possibilit\u00e0 di interagire con il proprio portale per consultare o utilizzare i relativi servizi, accessibili attraverso il sopraindicato indirizzo, corrispondente alla home page (ossia la \u201cpagina iniziale\u201d) del sito istituzionale del Comune di Carbonia.  <br><br><br>Si avvisano gli interessati che la seguente informativa sul trattamento dei dati personali potrebbe essere occasionalmente modificata a seguito dell\u2019attivazione di nuovi servizi o dell\u2019entrata in vigore di novit\u00e0 normative, ragion per cui si consiglia di controllare periodicamente la presente pagina al fine di usufruire di un\u2019informativa sempre aggiornata.<br><br><br>In questa pagina si descrivono le modalit\u00e0 di gestione del sito in riferimento al trattamento dei dati personali degli utenti che lo consultano. L\u2019informativa \u00e8 resa soltanto per il sito del Comune di \u201cCarbonia\u201d e non anche per altri siti web, pagine o servizi online eventualmente consultati dall\u2019utente tramite link ipertestuali eventualmente pubblicati nel sito ma riferiti a risorse esterne al dominio del Titolare. <br><br><br>L\u2019informativa si ispira anche della Direttiva 2002\/58\/CE del Parlamento europeo e del Consiglio del 12 luglio 2002, relativa al trattamento dei dati personali ed alla tutela della vita privata nel settore delle comunicazioni elettroniche (la c.d. e-privacy directive).<br><br><br>TITOLARE DEL TRATTAMENTO<br><br><br>Il \u201cTitolare del trattamento\u201d \u00e8 il Comune di Carbonia, con sede in Carbonia nella piazza Roma n.1, C.A.P. 09013 , C.F. 81001610922, P. IVA 01514170925, tel:07816941, nella persona del Sindaco quale Suo legale rappresentante pro tempore.<br><br><br>Ove l\u2019interessato volesse richiedere maggiori informazioni in merito ai dati personali conferiti, potr\u00e0 contattare telefonicamente il Titolare del trattamento, ovvero inviargli una richiesta tramite posta ordinaria o raccomandata A\/R al sopraindicato indirizzo, oppure, in alternativa, trasmettergli una comunicazione ai seguenti recapiti:<br><br><br>Email: comcarbonia@comune.carbonia.ca.it<br><br><br>PEC: comcarbonia@pec.comcarbonia.org<br><br><br>Nel succitato sito internet istituzionale dell\u2019Ente si potranno trovare ulteriori informazioni riguardanti le politiche adottate dal Comune in tema di trattamento e protezione dei dati personali.<br><br><br>RESPONSABILE DELLA PROTEZIONE DEI DATI (RPD O DPO)<br><br><br>Il Responsabile della Protezione dei Dati o \u201cData Protection Officer\u201d (RPD o DPO) nominato (per maggiori approfondimenti su nomina e compiti, vedi artt. 37-39 \u201cGDPR\u201d) \u00e8 contattabile ai seguenti recapiti:<br><br><br>Email : privacy@comune.it<br><br><br>PEC: privacy@pec.comune.it<br><br><br>I dati integrali di contatto del RPD\/DPO sono indicati nella sezione \u201cAmministrazione trasparente\u201d del sito internet istituzionale del Comune di Carbonia.<br><br><br>FINALIT\u00c0 DEL TRATTAMENTO E BASE GIURIDICA DEL TRATTAMENTO<br><br><br>I dati personali sono trattati in relazione ai servizi offerti dal Comune di Carbonia attraverso il proprio portale, esclusivamente per l\u2019esecuzione dei compiti di interesse pubblico o connessi all\u2019esercizio di pubblici poteri di cui \u00e8 investito il Titolare del trattamento (art. 6, par. 1, lett. e, \u201cGDPR\u201d) e per gli adempimenti previsti da norme di legge o di regolamento alle quali \u00e8 soggetto il Titolare del trattamento (art. 6, par. 1, lett. c, \u201cGDPR\u201d).<br><br><br>DESTINATARI DEI DATI PERSONALI<br><br><br>I dati forniti non saranno in alcun caso oggetto di diffusione o comunicazione a terzi, fatti salvi i soggetti cui la facolt\u00e0 di accedere ai dati sia riconosciuta da disposizioni di legge o da ordini delle autorit\u00e0, nonch\u00e9 a soggetti, esterni rispetto all\u2019Ente, nominati mediante apposito atto scritto \u201cResponsabili del trattamento\u201d ai sensi dell\u2019art. 28 \u201cGDPR\u201d, di cui il Titolare si avvale per lo svolgimento di attivit\u00e0 strumentali e\/o accessorie ai servizi offerti mediante il sito istituzionale. <br><br><br>LUOGO E MODALIT\u00c0 DEL TRATTAMENTO<br><br><br>Il trattamento dei dati connessi ai servizi web del sito si svolge prevalentemente presso il Comune di Carbonia ed eventualmente con la collaborazione di altri soggetti appositamente nominati quali \u201cResponsabili del trattamento\u201d ex art. 28 \u201cGDPR\u201d.<br><br><br>Il trattamento dei dati avviene per il tempo strettamente necessario a conseguire le finalit\u00e0 previste, osservando le misure di sicurezza volte a prevenire la perdita dei dati, gli usi illeciti o non corretti e gli accessi non autorizzati.<br><br><br>I dati sono trattati esclusivamente da personale espressamente designato\/autorizzato, ai sensi degli artt. 29 e 32 par. 4 \u201cGDP\u201d e dell\u2019art. 2-quaterdecies del D.Lgs. 196\/2003, nel rispetto dei principi di cui all\u2019art. 5 \u201cGDPR\u201d ed, in particolare, in osservanza dei principi liceit\u00e0, correttezza, trasparenza, esattezza, integrit\u00e0, riservatezza, minimizzazione rispetto alle finalit\u00e0 di raccolta e di successivo trattamento.   <br><br><br>I dati personali trattati non sono oggetto di un processo decisionale automatizzato, compresa la profilazione.<br><br><br>I dati personali forniti dagli utenti che si registrano o utilizzano i servizi del sito del Comune di Carbonia possono essere utilizzati per altre operazioni di trattamento in termini compatibili con gli scopi della raccolta come, ad esempio, l\u2019invio, mediante posta elettronica, di comunicazioni istituzionali e di pubblica utilit\u00e0.<br><br><br>TIPOLOGIA E NATURA DEI DATI TRATTATI<br><br><br>Dati di navigazione<br><br><br>L\u2019accesso al sito comporta la registrazione di dati utilizzati al solo fine di garantire il corretto funzionamento.<br><br><br>Tra i dati raccolti sono compresi gli indirizzi IP e\/o i nomi a dominio dei computer utilizzati dagli utenti che si connettono al sito, gli indirizzi in notazione URI (Uniform Resource Identifier) delle risorse richieste, l\u2019orario della richiesta, il metodo utilizzato nel sottoporre la richiesta al server, la dimensione del file ottenuto in risposta, il codice numerico indicante lo stato della risposta data dal server (buon fine, errore, ecc.) ed altri parametri relativi al sistema operativo e all\u2019ambiente informatico dell\u2019utente.<br><br><br>Tali dati non vengono raccolti allo scopo di associarli a soggetti identificati, tuttavia per la loro natura potrebbero consentire di identificare gli utenti attraverso elaborazioni ed associazioni con dati detenuti da terzi soprattutto quando sia necessario accertare responsabilit\u00e0 in caso di ipotetici reati informatici ai danni del sito.<br><br><br>Dati comunicati dall\u2019utente<br><br><br>L\u2019invio facoltativo, esplicito e volontario di posta elettronica agli indirizzi indicati nei differenti canali di accesso al sito e la compilazione dei format (maschere) comportano la successiva acquisizione dell\u2019indirizzo del mittente, necessario per rispondere alle richieste, nonch\u00e9 degli eventuali altri dati personali inseriti nella missiva.<br><br><br>In tal caso i dati acquisiti saranno trattati esclusivamente per rispondere alle richieste degli utenti, per esempio, sull\u2019utilizzo di un servizio, su problemi di connessione al sito, su problemi di navigazione al sito, su problemi di accesso ai servizi del sito o su problemi di accesso al proprio account.<br><br><br>Al fine di contestualizzare meglio la domanda gli utenti potranno essere contattati via email, via PEC, mediante il telefono o altri sistemi di comunicazione da un operatore incaricato dall&#8217;Amministrazione.<br><br><br>Specifiche informative di sintesi verranno riportate o visualizzate nelle pagine del sito predisposte per particolari servizi a richiesta.<br><br><br>Cookie ed altri sistemi di tracciamento<br><br><br>Non viene fatto uso di cookies per la profilazione degli utenti.<br><br><br>Viene invece fatto uso di cookies di sessione (non persistenti) in modo strettamente limitato a quanto necessario per la navigazione sicura ed efficiente dei siti. La memorizzazione dei cookies di sessione nei terminali o nei browser \u00e8 sotto il controllo dell&#8217;utente, laddove sui server, al termine delle sessioni HTTP, informazioni relative ai cookie restano registrate nei log dei servizi, con tempi di conservazione propri di ogni singolo gestore terzo del servizio. I dati eventualmente acquisiti attraverso i cookies, e le modalit\u00e0 per la loro gestione, sono descritti in modo completo nel documento \u201ccookie policy\u201d.  <br><br><br>NATURA DEL CONFERIMENTO<br><br><br>A parte quanto specificato per i dati di navigazione, l\u2019utente \u00e8 libero di fornire i dati personali indicati come facoltativi riportati nei moduli di richiesta o, comunque, indicati in contatti con il Comune di Carbonia per l\u2019invio di comunicazioni o di eventuale documentazione.<br><br><br>Il mancato conferimento dei dati necessari a rendere il servizio pu\u00f2 comportare l\u2019impossibilit\u00e0 per l\u2019utente di ottenere quanto da lui richiesto.<br><br><br>PERIODO DI CONSERVAZIONE<br><br><br>I dati forniti sono trattati esclusivamente per il servizio richiesto ovvero per il tempo necessario all&#8217;espletamento del procedimento, salvo archiviazione, se necessaria. In tal caso, gli stessi saranno conservati in conformit\u00e0 alle norme sulla conservazione della documentazione amministrativa. <br><br><br>TRASFERIMENTO DEI DATI ALL\u2019ESTERO<br><br><br>I dati non vengono trasferiti verso paesi terzi o organizzazioni internazionali.<br><br><br>Qualora il Titolare decidesse, comunque, di trasferire dei dati personali degli interessati verso paesi terzi o organizzazioni internazionali, fermo restando l\u2019aggiornamento della presente informativa (vedi art. 13, par. 1, lett. f), \u201cGDPR\u201d), rispetter\u00e0 le seguenti alternative condizioni:<br><br><br>la presenza di una \u201cdecisione di adeguatezza\u201d della Commissione ex art. 45 \u201cGDPR\u201d, che garantisca un livello di protezione dei dati sostanzialmente equivalente a quello garantito all\u2019interno dell\u2019Unione;<br>il paese terzo o l\u2019organizzazione internazionale abbiano fornito garanzie adeguate a tutela dell\u2019interessato (clausole tipo, codici di condotta e certificazioni di cui all\u2019art. 46, par. 2, \u201cGDPR\u201d) e gli interessati dispongano di diritti azionabili a mezzo di ricorsi effettivi;<br>si rientri in una delle ipotesi rientranti nelle specifiche deroghe di cui all\u2019art. 49 \u201cGDPR\u201d (es: consenso dell\u2019interessato, esecuzione di un contratto con l\u2019interessato, esecuzione di un contratto in favore dell\u2019interessato, importanti motivi di interesse pubblico, esercizio o difesa di un diritto in sede giudiziaria, dati provenienti da un registro pubblico etc.). <br><br><br>DIRITTI DEGLI INTERESSATI<\/p>\n<p><br><br>Si comunica che, in qualsiasi momento, l\u2019interessato (ossia la \u201cpersona fisica identificata o identificabile\u201d cui si riferiscono i dati personali, ex art. 4, n. 1, \u201cGDPR\u201d), potr\u00e0 esercitare i seguenti diritti:<br><br><br><\/p>\n<p>diritto di accesso ai propri dati personali ex art. 15 \u201cGDPR\u201d;<br><br><br>diritto di rettifica dei propri dati personali ex art. 16 \u201cGDPR\u201d, ove quest\u2019ultimo non contrasti con la normativa vigente sulla conservazione dei dati stessi;<br><br><br>diritto alla cancellazione (\u00abdiritto all\u2019oblio\u00bb) dei propri dati personali (ex art. 17 \u201cGDPR\u201d), ove quest\u2019ultimo non contrasti con la normativa vigente sulla conservazione dei dati stessi;<br><br><br>diritto di limitazione del trattamento (ex art. 18 \u201cGDPR\u201d);<br><br><br>diritto di opposizione al trattamento dei dati personali che lo riguardano (ex art. 21 \u201cGDPR\u201d);<br><br><br>Tutti i sopra riportati diritti, per il cui contenuto si rinvia ai succitati articoli di legge, potranno essere esercitati mediante richiesta da inoltrarsi al Titolare del trattamento, anche per il tramite del Responsabile della protezione dei dati (RPD o DPO) nominato, ai recapiti sopraindicati.<br><br><br><\/p>\n<p>Inoltre, qualora il Titolare del trattamento decida di esternalizzare il trattamento e nominare un Responsabile del trattamento, si assicurer\u00e0, tramite istruzioni precise e un accordo ai sensi dell\u2019art. 28 \u201cGDPR\u201d, che questi sia in grado di svolgere i suoi compiti in modo tale che il Titolare non abbia difficolt\u00e0 a dar seguito all\u2019esercizio dei diritti in questione nei tempi fissati dal \u201cGDPR\u201d. <\/p>\n<p><br><br>L\u2019esercizio dei diritti sopra riportati potr\u00e0 essere ritardato, limitato o escluso, secondo quanto previsto dall\u2019art. 2-undecies del D.Lgs. 196\/2003 (\u201cLimitazioni ai diritti dell\u2019interessato\u201d).  <\/p>\n<p><br><br>Il modulo per l\u2019esercizio dei diritti \u00e8 disponibile sul sito internet dell\u2019Autorit\u00e0 Garante per la Protezione dei Dati Personali.<\/p>\n<p><br><br>DIRITTO DI RECLAMO ALL\u2019AUTORIT\u00c0 DI CONTROLLO<\/p>\n<p><br>Fatto salvo ogni altro ricorso amministrativo o giurisdizionale, l\u2019interessato che ritenga che il trattamento dei dati personali a Lui riferiti, effettuato attraverso questo sito, avvenga in violazione di quanto previsto dal Regolamento (UE) 2016\/679 \u201cGDPR\u201d, ha il diritto di proporre reclamo a un\u2019Autorit\u00e0 di controllo, segnatamente nello Stato membro in cui risiede abitualmente, lavora oppure del luogo ove si \u00e8 verificata la presunta violazione.<br><br><\/p>\n<p>Maggiori informazioni ed un modello di reclamo sono disponibili nel sito internet dell\u2019Autorit\u00e0 Garante per la Protezione dei Dati Personali.<\/p>\t\t\t\t\t\t\t\t<\/div>\n\t\t\t\t<\/div>\n\t\t\t\t\t<\/div>\n\t\t<\/div>\n\t\t\t\t\t<\/div>\n\t\t<\/section>\n\t\t\t\t<\/div>\n\t\t","protected":false},"excerpt":{"rendered":"<p>INFORMATIVA SUL TRATTAMENTO DEI DATI PERSONALI Per gli utenti che consultano il sito: www.comune.carbonia.su.itai sensi dell&#8217;articolo 13 del Regolamento (UE) 2016\/679 \u201cGDPR\u201d Il Comune di Carbonia, nel rispetto dei principi [&hellip;]<\/p>\n","protected":false},"author":1,"featured_media":0,"parent":0,"menu_order":0,"comment_status":"closed","ping_status":"open","template":"","meta":{"rs_blank_template":"","rs_page_bg_color":"","slide_template_v7":"","footnotes":""},"class_list":["post-4027","page","type-page","status-publish","hentry"],"_links":{"self":[{"href":"https:\/\/carboniaturismo.it\/en\/wp-json\/wp\/v2\/pages\/4027","targetHints":{"allow":["GET"]}}],"collection":[{"href":"https:\/\/carboniaturismo.it\/en\/wp-json\/wp\/v2\/pages"}],"about":[{"href":"https:\/\/carboniaturismo.it\/en\/wp-json\/wp\/v2\/types\/page"}],"author":[{"embeddable":true,"href":"https:\/\/carboniaturismo.it\/en\/wp-json\/wp\/v2\/users\/1"}],"replies":[{"embeddable":true,"href":"https:\/\/carboniaturismo.it\/en\/wp-json\/wp\/v2\/comments?post=4027"}],"version-history":[{"count":1,"href":"https:\/\/carboniaturismo.it\/en\/wp-json\/wp\/v2\/pages\/4027\/revisions"}],"predecessor-version":[{"id":4029,"href":"https:\/\/carboniaturismo.it\/en\/wp-json\/wp\/v2\/pages\/4027\/revisions\/4029"}],"wp:attachment":[{"href":"https:\/\/carboniaturismo.it\/en\/wp-json\/wp\/v2\/media?parent=4027"}],"curies":[{"name":"wp","href":"https:\/\/api.w.org\/{rel}","templated":true}]}}