{"id":3925,"date":"2025-01-02T11:59:51","date_gmt":"2025-01-02T11:59:51","guid":{"rendered":"https:\/\/carboniaturismo.it\/storia\/lorigine-di-carbonia\/"},"modified":"2025-01-13T00:56:24","modified_gmt":"2025-01-13T00:56:24","slug":"der-ursprung-von-carbonia","status":"publish","type":"page","link":"https:\/\/carboniaturismo.it\/de\/der-ursprung-von-carbonia\/","title":{"rendered":"Der Ursprung von Carbonia"},"content":{"rendered":"\t\t<div data-elementor-type=\"wp-page\" data-elementor-id=\"3925\" class=\"elementor elementor-3925 elementor-2445\" data-elementor-post-type=\"page\">\n\t\t\t\t\t\t<section class=\"elementor-section elementor-top-section elementor-element elementor-element-0f4502e elementor-section-stretched elementor-section-boxed elementor-section-height-default elementor-section-height-default row-top\" data-id=\"0f4502e\" data-element_type=\"section\" data-e-type=\"section\" data-settings=\"{&quot;stretch_section&quot;:&quot;section-stretched&quot;}\">\n\t\t\t\t\t\t<div class=\"elementor-container elementor-column-gap-default\">\n\t\t\t\t\t<div class=\"elementor-column elementor-col-50 elementor-top-column elementor-element elementor-element-f40f7e5\" data-id=\"f40f7e5\" data-element_type=\"column\" data-e-type=\"column\">\n\t\t\t<div class=\"elementor-widget-wrap elementor-element-populated\">\n\t\t\t\t\t\t<div class=\"elementor-element elementor-element-186949c animated-fast elementor-invisible elementor-widget elementor-widget-gva-heading-block\" data-id=\"186949c\" data-element_type=\"widget\" data-e-type=\"widget\" data-settings=\"{&quot;_animation&quot;:&quot;fadeInUp&quot;}\" data-widget_type=\"gva-heading-block.default\">\n\t\t\t\t<div class=\"elementor-widget-container\">\n\t\t\t\t\t<div class=\"gva-element-gva-heading-block gva-element\">   <div class=\"align-left style-1 widget gsc-heading box-align-left auto-responsive\">\r\n      <div class=\"content-inner\">\r\n         \r\n                  \r\n           \r\n         \r\n                     <h2 class=\"title\">\r\n               <span>Geburt<\/span>\r\n            <\/h2>\r\n                  \r\n         \r\n      <\/div>\r\n   <\/div>\r\n<\/div>\t\t\t\t<\/div>\n\t\t\t\t<\/div>\n\t\t\t\t<div class=\"elementor-element elementor-element-c6b0f45 elementor-widget elementor-widget-text-editor\" data-id=\"c6b0f45\" data-element_type=\"widget\" data-e-type=\"widget\" data-widget_type=\"text-editor.default\">\n\t\t\t\t<div class=\"elementor-widget-container\">\n\t\t\t\t\t\t\t\t\t<p><strong>Einst<\/strong> gab es ein Gebiet mit kleinen l\u00e4ndlichen Siedlungen, die Medaus und Furriadroxus genannt wurden. Sie zeugten von einer Agrar- und Viehwirtschaft, die von Familien betrieben wurde, die von den Grundbesitzern in den gro\u00dfen st\u00e4dtischen Zentren unterst\u00fctzt wurden. Dies \u00e4nderte sich, als <strong>1851<\/strong> s\u00fcdlich des Flusses Cixerri das wichtigste <strong>Kohlefeld Italiens<\/strong> entdeckt wurde und damit ein neues Kapitel in der Bergbauepoche <strong>Sardiniens<\/strong> aufgeschlagen wurde.<br \/><br \/><br \/>Das Leben hier war schwierig, und man begann, neue, aber knappe Ressourcen in den <strong>Kohlebergwerken<\/strong> abzubauen. Leider konnte die schlechte Qualit\u00e4t des Erzes, das reich an Schwefel ist und eine geringe W\u00e4rmekapazit\u00e4t aufweist, den Erfolg dieser Gebiete nicht verbessern. Der Kohleabbau durchlief <strong>zahlreiche Krisen<\/strong>, bis das Unternehmen Bacu Abis, das ihn betrieb, 1933 in Konkurs ging.<br \/>Dieser Konkurs war der Ausl\u00f6ser f\u00fcr einen Prozess, der zur Entstehung einer <strong>neuen Stadt<\/strong> f\u00fchrte.<br \/>Die Kohlef\u00f6rderung erlangte ihre eigene Autonomie und die Azienda Carboni Italiani entstand, und damit die Geburt einer Stadt, die Macht symbolisierte.<\/p>\t\t\t\t\t\t\t\t<\/div>\n\t\t\t\t<\/div>\n\t\t\t\t\t<\/div>\n\t\t<\/div>\n\t\t\t\t<div class=\"elementor-column elementor-col-50 elementor-top-column elementor-element elementor-element-a6bf82f elementor-hidden-tablet elementor-hidden-mobile\" data-id=\"a6bf82f\" data-element_type=\"column\" data-e-type=\"column\" data-settings=\"{&quot;background_background&quot;:&quot;classic&quot;}\">\n\t\t\t<div class=\"elementor-widget-wrap\">\n\t\t\t\t\t\t\t<\/div>\n\t\t<\/div>\n\t\t\t\t\t<\/div>\n\t\t<\/section>\n\t\t\t\t<section class=\"elementor-section elementor-top-section elementor-element elementor-element-fe17dcf elementor-section-stretched elementor-section-boxed elementor-section-height-default elementor-section-height-default row-top\" data-id=\"fe17dcf\" data-element_type=\"section\" data-e-type=\"section\" data-settings=\"{&quot;stretch_section&quot;:&quot;section-stretched&quot;,&quot;background_background&quot;:&quot;classic&quot;}\">\n\t\t\t\t\t\t<div class=\"elementor-container elementor-column-gap-default\">\n\t\t\t\t\t<div class=\"elementor-column elementor-col-50 elementor-top-column elementor-element elementor-element-39c6c4a elementor-hidden-tablet elementor-hidden-mobile\" data-id=\"39c6c4a\" data-element_type=\"column\" data-e-type=\"column\">\n\t\t\t<div class=\"elementor-widget-wrap elementor-element-populated\">\n\t\t\t\t\t\t<div class=\"elementor-element elementor-element-43e1ad2 elementor-widget elementor-widget-image\" data-id=\"43e1ad2\" data-element_type=\"widget\" data-e-type=\"widget\" data-widget_type=\"image.default\">\n\t\t\t\t<div class=\"elementor-widget-container\">\n\t\t\t\t\t\t\t\t\t\t\t\t\t\t\t<img fetchpriority=\"high\" decoding=\"async\" width=\"900\" height=\"600\" src=\"https:\/\/carboniaturismo.it\/wp-content\/uploads\/2025\/01\/Carbonia-Turismo-Cuore-sotterraneo-1024x683.jpg\" class=\"attachment-large size-large wp-image-3457\" alt=\"\" srcset=\"https:\/\/carboniaturismo.it\/wp-content\/uploads\/2025\/01\/Carbonia-Turismo-Cuore-sotterraneo-1024x683.jpg 1024w, https:\/\/carboniaturismo.it\/wp-content\/uploads\/2025\/01\/Carbonia-Turismo-Cuore-sotterraneo-768x512.jpg 768w, https:\/\/carboniaturismo.it\/wp-content\/uploads\/2025\/01\/Carbonia-Turismo-Cuore-sotterraneo.jpg 1080w\" sizes=\"(max-width: 900px) 100vw, 900px\" \/>\t\t\t\t\t\t\t\t\t\t\t\t\t\t\t<\/div>\n\t\t\t\t<\/div>\n\t\t\t\t\t<\/div>\n\t\t<\/div>\n\t\t\t\t<div class=\"elementor-column elementor-col-50 elementor-top-column elementor-element elementor-element-f067e75\" data-id=\"f067e75\" data-element_type=\"column\" data-e-type=\"column\">\n\t\t\t<div class=\"elementor-widget-wrap elementor-element-populated\">\n\t\t\t\t\t\t<div class=\"elementor-element elementor-element-ea142b3 elementor-widget elementor-widget-text-editor\" data-id=\"ea142b3\" data-element_type=\"widget\" data-e-type=\"widget\" data-widget_type=\"text-editor.default\">\n\t\t\t\t<div class=\"elementor-widget-container\">\n\t\t\t\t\t\t\t\t\t<h2><b>Carbonia, unterirdisches Herz<\/b><\/h2>\n<p>Es verging erstaunlich wenig Zeit, weniger als ein Jahr, und diese neue Stadt, benannt nach ihrem unterirdischen Herzst\u00fcck, <strong>Carbonia<\/strong>, erblickte das Licht der Welt.<br \/>Eine <strong>moderne<\/strong>,<strong>avantgardistische<\/strong> und <strong>funktionale<\/strong> <strong>Stadt<\/strong>, die direkt neben dem Bergwerk errichtet wurde, um die Transportkosten so weit wie m\u00f6glich zu senken und diese neue und florierende Wirtschaft zu f\u00f6rdern.<\/p>\n<p>Carbonia wurde <strong>1938<\/strong> im Beisein von Mussolini mit 12.000 Einwohnern und gro\u00dfen, ja vision\u00e4ren Pl\u00e4nen f\u00fcr den Ausbau des Bergbaus <strong>eingeweiht<\/strong>.<br \/>Eine Geschichte, die einen der tiefsten und charakteristischsten Aspekte Sardiniens erz\u00e4hlt.<\/p>\t\t\t\t\t\t\t\t<\/div>\n\t\t\t\t<\/div>\n\t\t\t\t\t<\/div>\n\t\t<\/div>\n\t\t\t\t\t<\/div>\n\t\t<\/section>\n\t\t\t\t<section class=\"elementor-section elementor-top-section elementor-element elementor-element-5250680 elementor-section-stretched elementor-section-boxed elementor-section-height-default elementor-section-height-default row-top\" data-id=\"5250680\" data-element_type=\"section\" data-e-type=\"section\" data-settings=\"{&quot;stretch_section&quot;:&quot;section-stretched&quot;}\">\n\t\t\t\t\t\t<div class=\"elementor-container elementor-column-gap-default\">\n\t\t\t\t\t<div class=\"elementor-column elementor-col-50 elementor-top-column elementor-element elementor-element-0cca305\" data-id=\"0cca305\" data-element_type=\"column\" data-e-type=\"column\">\n\t\t\t<div class=\"elementor-widget-wrap elementor-element-populated\">\n\t\t\t\t\t\t<div class=\"elementor-element elementor-element-74564c7 elementor-widget elementor-widget-text-editor\" data-id=\"74564c7\" data-element_type=\"widget\" data-e-type=\"widget\" data-widget_type=\"text-editor.default\">\n\t\t\t\t<div class=\"elementor-widget-container\">\n\t\t\t\t\t\t\t\t\t<h2><b>Die 1970er Jahre, die Krise und die Zukunft<\/b><\/h2>\n<p>Die Jahre vergingen, und die Kohle geriet erneut in eine Krise. <strong>In den 1970er Jahren<\/strong> wurden die Bergwerke geschlossen, und die wirtschaftlichen und sozialen Schwierigkeiten verursachten einen unvergesslichen Einbruch.<br \/>Heute ist <strong>Carbonia<\/strong> eine Stadt, die reich an Geschichte und Kultur ist.<br \/>Ihre Denkm\u00e4ler und Traditionen zeugen von der St\u00e4rke und <strong>Unverw\u00fcstlichkeit<\/strong> ihrer Bewohner.<br \/>Vom <strong>Kohlemuseum<\/strong>, das die Geschichte der Stadt und ihrer Bergwerke erz\u00e4hlt, bis hin zum <strong>Stadtturm<\/strong>, der den Hauptplatz der Stadt dominiert, bietet Carbonia dem Touristen <strong>ein einzigartiges und faszinierendes Erlebnis<\/strong>.<br \/>Dar\u00fcber hinaus ist die Stadt ein idealer Ausgangspunkt, um die Sch\u00f6nheit <strong>Sardiniens<\/strong> mit seinen Str\u00e4nden, atemberaubenden Landschaften und jahrtausendealten Traditionen zu erkunden.<\/p>\t\t\t\t\t\t\t\t<\/div>\n\t\t\t\t<\/div>\n\t\t\t\t\t<\/div>\n\t\t<\/div>\n\t\t\t\t<div class=\"elementor-column elementor-col-50 elementor-top-column elementor-element elementor-element-7e453e9 elementor-hidden-tablet elementor-hidden-mobile\" data-id=\"7e453e9\" data-element_type=\"column\" data-e-type=\"column\" data-settings=\"{&quot;background_background&quot;:&quot;classic&quot;}\">\n\t\t\t<div class=\"elementor-widget-wrap elementor-element-populated\">\n\t\t\t\t\t\t<div class=\"elementor-element elementor-element-eacc463 elementor-widget elementor-widget-image\" data-id=\"eacc463\" data-element_type=\"widget\" data-e-type=\"widget\" data-widget_type=\"image.default\">\n\t\t\t\t<div class=\"elementor-widget-container\">\n\t\t\t\t\t\t\t\t\t\t\t\t\t\t\t<img decoding=\"async\" width=\"900\" height=\"600\" src=\"https:\/\/carboniaturismo.it\/wp-content\/uploads\/2025\/01\/Carbonia-Turismo-Gli-anni-70-la-crisi-e-il-futuro-1024x683.jpg\" class=\"attachment-large size-large wp-image-3460\" alt=\"\" srcset=\"https:\/\/carboniaturismo.it\/wp-content\/uploads\/2025\/01\/Carbonia-Turismo-Gli-anni-70-la-crisi-e-il-futuro-1024x683.jpg 1024w, https:\/\/carboniaturismo.it\/wp-content\/uploads\/2025\/01\/Carbonia-Turismo-Gli-anni-70-la-crisi-e-il-futuro-768x512.jpg 768w, https:\/\/carboniaturismo.it\/wp-content\/uploads\/2025\/01\/Carbonia-Turismo-Gli-anni-70-la-crisi-e-il-futuro.jpg 1080w\" sizes=\"(max-width: 900px) 100vw, 900px\" \/>\t\t\t\t\t\t\t\t\t\t\t\t\t\t\t<\/div>\n\t\t\t\t<\/div>\n\t\t\t\t\t<\/div>\n\t\t<\/div>\n\t\t\t\t\t<\/div>\n\t\t<\/section>\n\t\t\t\t<\/div>\n\t\t","protected":false},"excerpt":{"rendered":"<p>Geburt Einst gab es ein Gebiet mit kleinen l\u00e4ndlichen Siedlungen, die Medaus und Furriadroxus genannt wurden. Sie zeugten von einer Agrar- und Viehwirtschaft, die von Familien betrieben wurde, die von [&hellip;]<\/p>\n","protected":false},"author":2,"featured_media":0,"parent":0,"menu_order":0,"comment_status":"closed","ping_status":"closed","template":"","meta":{"rs_blank_template":"","rs_page_bg_color":"","slide_template_v7":"","footnotes":""},"class_list":["post-3925","page","type-page","status-publish","hentry"],"_links":{"self":[{"href":"https:\/\/carboniaturismo.it\/de\/wp-json\/wp\/v2\/pages\/3925","targetHints":{"allow":["GET"]}}],"collection":[{"href":"https:\/\/carboniaturismo.it\/de\/wp-json\/wp\/v2\/pages"}],"about":[{"href":"https:\/\/carboniaturismo.it\/de\/wp-json\/wp\/v2\/types\/page"}],"author":[{"embeddable":true,"href":"https:\/\/carboniaturismo.it\/de\/wp-json\/wp\/v2\/users\/2"}],"replies":[{"embeddable":true,"href":"https:\/\/carboniaturismo.it\/de\/wp-json\/wp\/v2\/comments?post=3925"}],"version-history":[{"count":4,"href":"https:\/\/carboniaturismo.it\/de\/wp-json\/wp\/v2\/pages\/3925\/revisions"}],"predecessor-version":[{"id":7439,"href":"https:\/\/carboniaturismo.it\/de\/wp-json\/wp\/v2\/pages\/3925\/revisions\/7439"}],"wp:attachment":[{"href":"https:\/\/carboniaturismo.it\/de\/wp-json\/wp\/v2\/media?parent=3925"}],"curies":[{"name":"wp","href":"https:\/\/api.w.org\/{rel}","templated":true}]}}