{"id":3817,"date":"2025-01-04T09:44:34","date_gmt":"2025-01-04T09:44:34","guid":{"rendered":"https:\/\/carboniaturismo.it\/cultura-religione-e-arte\/chiesetta-operaia-e-quartiere-lotto-b\/"},"modified":"2025-01-13T06:47:21","modified_gmt":"2025-01-13T06:47:21","slug":"arbeiterkirche-und-nachbarschaft-los-b","status":"publish","type":"page","link":"https:\/\/carboniaturismo.it\/de\/arbeiterkirche-und-nachbarschaft-los-b\/","title":{"rendered":"Arbeiterkirche und Nachbarschaft Los B"},"content":{"rendered":"\t\t<div data-elementor-type=\"wp-page\" data-elementor-id=\"3817\" class=\"elementor elementor-3817 elementor-3614\" data-elementor-post-type=\"page\">\n\t\t\t\t\t\t<section class=\"elementor-section elementor-top-section elementor-element elementor-element-6d2afd7 elementor-section-stretched elementor-section-boxed elementor-section-height-default elementor-section-height-default row-top\" data-id=\"6d2afd7\" data-element_type=\"section\" data-e-type=\"section\" data-settings=\"{&quot;stretch_section&quot;:&quot;section-stretched&quot;}\">\n\t\t\t\t\t\t<div class=\"elementor-container elementor-column-gap-default\">\n\t\t\t\t\t<div class=\"elementor-column elementor-col-50 elementor-top-column elementor-element elementor-element-03437ea\" data-id=\"03437ea\" data-element_type=\"column\" data-e-type=\"column\">\n\t\t\t<div class=\"elementor-widget-wrap elementor-element-populated\">\n\t\t\t\t\t\t<div class=\"elementor-element elementor-element-5b76146 animated-fast elementor-invisible elementor-widget elementor-widget-gva-heading-block\" data-id=\"5b76146\" data-element_type=\"widget\" data-e-type=\"widget\" data-settings=\"{&quot;_animation&quot;:&quot;fadeInUp&quot;}\" data-widget_type=\"gva-heading-block.default\">\n\t\t\t\t<div class=\"elementor-widget-container\">\n\t\t\t\t\t<div class=\"gva-element-gva-heading-block gva-element\">   <div class=\"align-left style-1 widget gsc-heading box-align-left auto-responsive\">\r\n      <div class=\"content-inner\">\r\n         \r\n                  \r\n           \r\n         \r\n                     <h2 class=\"title\">\r\n               <span>Die ersten Schritte von Carbonia, zwischen Arbeit, Sozialit\u00e4t und Religion<\/span>\r\n            <\/h2>\r\n                  \r\n         \r\n      <\/div>\r\n   <\/div>\r\n<\/div>\t\t\t\t<\/div>\n\t\t\t\t<\/div>\n\t\t\t\t<div class=\"elementor-element elementor-element-da471d0 elementor-widget elementor-widget-text-editor\" data-id=\"da471d0\" data-element_type=\"widget\" data-e-type=\"widget\" data-widget_type=\"text-editor.default\">\n\t\t\t\t<div class=\"elementor-widget-container\">\n\t\t\t\t\t\t\t\t\t<p>Es war Anfang der <strong>1940er Jahre<\/strong>, als Carbonia begann, die ersten Schritte in Richtung einer <strong>bedeutenden Stadt<\/strong> zu unternehmen: Es gab viel zu bauen, und deshalb wurden alle verf\u00fcgbaren <strong>Arbeiter<\/strong> zusammengetrommelt, um ein gro\u00dfes Projekt durchzuf\u00fchren.<\/p>\t\t\t\t\t\t\t\t<\/div>\n\t\t\t\t<\/div>\n\t\t\t\t\t<\/div>\n\t\t<\/div>\n\t\t\t\t<div class=\"elementor-column elementor-col-50 elementor-top-column elementor-element elementor-element-0e22a11 elementor-hidden-tablet elementor-hidden-mobile\" data-id=\"0e22a11\" data-element_type=\"column\" data-e-type=\"column\" data-settings=\"{&quot;background_background&quot;:&quot;classic&quot;}\">\n\t\t\t<div class=\"elementor-widget-wrap elementor-element-populated\">\n\t\t\t\t\t\t<div class=\"elementor-element elementor-element-8feaf72 elementor-widget elementor-widget-image\" data-id=\"8feaf72\" data-element_type=\"widget\" data-e-type=\"widget\" data-widget_type=\"image.default\">\n\t\t\t\t<div class=\"elementor-widget-container\">\n\t\t\t\t\t\t\t\t\t\t\t\t\t\t\t<img fetchpriority=\"high\" decoding=\"async\" width=\"900\" height=\"600\" src=\"https:\/\/carboniaturismo.it\/wp-content\/uploads\/2025\/01\/Carbonia_Turismo-Miniera_Serbariu-1024x683-1.jpg\" class=\"attachment-large size-large wp-image-3628\" alt=\"\" srcset=\"https:\/\/carboniaturismo.it\/wp-content\/uploads\/2025\/01\/Carbonia_Turismo-Miniera_Serbariu-1024x683-1.jpg 1024w, https:\/\/carboniaturismo.it\/wp-content\/uploads\/2025\/01\/Carbonia_Turismo-Miniera_Serbariu-1024x683-1-768x512.jpg 768w\" sizes=\"(max-width: 900px) 100vw, 900px\" \/>\t\t\t\t\t\t\t\t\t\t\t\t\t\t\t<\/div>\n\t\t\t\t<\/div>\n\t\t\t\t\t<\/div>\n\t\t<\/div>\n\t\t\t\t\t<\/div>\n\t\t<\/section>\n\t\t\t\t<section class=\"elementor-section elementor-top-section elementor-element elementor-element-2193360 elementor-section-stretched elementor-section-boxed elementor-section-height-default elementor-section-height-default row-top\" data-id=\"2193360\" data-element_type=\"section\" data-e-type=\"section\" data-settings=\"{&quot;stretch_section&quot;:&quot;section-stretched&quot;,&quot;background_background&quot;:&quot;classic&quot;}\">\n\t\t\t\t\t\t<div class=\"elementor-container elementor-column-gap-default\">\n\t\t\t\t\t<div class=\"elementor-column elementor-col-50 elementor-top-column elementor-element elementor-element-5383c2b elementor-hidden-tablet elementor-hidden-mobile\" data-id=\"5383c2b\" data-element_type=\"column\" data-e-type=\"column\" data-settings=\"{&quot;background_background&quot;:&quot;classic&quot;}\">\n\t\t\t<div class=\"elementor-widget-wrap\">\n\t\t\t\t\t\t\t<\/div>\n\t\t<\/div>\n\t\t\t\t<div class=\"elementor-column elementor-col-50 elementor-top-column elementor-element elementor-element-af0d956\" data-id=\"af0d956\" data-element_type=\"column\" data-e-type=\"column\">\n\t\t\t<div class=\"elementor-widget-wrap elementor-element-populated\">\n\t\t\t\t\t\t<div class=\"elementor-element elementor-element-cfbf7a5 elementor-widget elementor-widget-text-editor\" data-id=\"cfbf7a5\" data-element_type=\"widget\" data-e-type=\"widget\" data-widget_type=\"text-editor.default\">\n\t\t\t\t<div class=\"elementor-widget-container\">\n\t\t\t\t\t\t\t\t\t<h2><br \/><b>Die Kirche der Werkt\u00e4tigen<br \/><\/b><\/h2>\n<p>Die <strong>Weihe des Viertels<\/strong> war der n\u00e4chste Schritt, um den Arbeitern einen Ort zum Beten zu geben.<br \/>Der Bezirk wurde von Don Vito Sguotti der <strong>Schmerzensmutter<\/strong> geweiht und 1947 konnte in einem ehemaligen Schlafsaal in der N\u00e4he des Stadtteils Dopolavoro die Messe gefeiert werden.<br \/>Die Kapelle wurde von <strong>Granata<\/strong> entworfen, der an der Fassade einen Glockenturm mit einem Glockenturmgew\u00f6lbe mit einer kleinen Glocke anbrachte.<br \/>Im Inneren wurden ein gemauerter Altar und Balustraden errichtet, und es wurde sogar ein Harmonium angeschafft.<br \/>Schlie\u00dflich wurde eine Statue der Heiligen Jungfrau der Schmerzen aus der <strong>Kirche San Ponziano<\/strong> gestiftet.<br \/>Im Laufe der Zeit kamen weitere Schenkungen hinzu, wie die Statue des <strong>Heiligen Johannes<\/strong> und das <strong>Holzkruzifix<\/strong>.<br \/>Johannes und ein Holzkruzifix. 1953 wurde die Kapelle den Ordensleuten der<strong>Opera di Don Luigi Orione<\/strong>, den S\u00f6hnen der g\u00f6ttlichen Vorsehung, anvertraut, und am 28. Oktober desselben Jahres wurde die <strong>Kapelle von Rosmarino<\/strong> offiziell zur Pfarrkirche mit dem Titel der Schmerzhaften Muttergottes.<br \/>Die kleine, inzwischen entweihte Arbeiterkirche wurde bis 1958 genutzt, als die <strong>Kirche von Rosmarino<\/strong> fertiggestellt wurde.<br \/>Heute hat die Gemeinde Carbonia sie zusammen mit dem <strong>Grundst\u00fcck B<\/strong> in das Sanierungsprojekt einbezogen.<\/p>\t\t\t\t\t\t\t\t<\/div>\n\t\t\t\t<\/div>\n\t\t\t\t\t<\/div>\n\t\t<\/div>\n\t\t\t\t\t<\/div>\n\t\t<\/section>\n\t\t\t\t<section class=\"elementor-section elementor-top-section elementor-element elementor-element-f3f46c8 elementor-section-stretched elementor-section-boxed elementor-section-height-default elementor-section-height-default row-top\" data-id=\"f3f46c8\" data-element_type=\"section\" data-e-type=\"section\" data-settings=\"{&quot;stretch_section&quot;:&quot;section-stretched&quot;}\">\n\t\t\t\t\t\t<div class=\"elementor-container elementor-column-gap-default\">\n\t\t\t\t\t<div class=\"elementor-column elementor-col-50 elementor-top-column elementor-element elementor-element-5b0041a\" data-id=\"5b0041a\" data-element_type=\"column\" data-e-type=\"column\">\n\t\t\t<div class=\"elementor-widget-wrap elementor-element-populated\">\n\t\t\t\t\t\t<div class=\"elementor-element elementor-element-5c37c5e elementor-widget elementor-widget-text-editor\" data-id=\"5c37c5e\" data-element_type=\"widget\" data-e-type=\"widget\" data-widget_type=\"text-editor.default\">\n\t\t\t\t<div class=\"elementor-widget-container\">\n\t\t\t\t\t\t\t\t\t<h2><br \/><b>Die Nachbarschaft Los B<\/b><\/h2>\n<p>Quartiere Lotto B war das Schlafquartier f\u00fcr alle Arbeiter, die in den ersten Jahren der Stadtgr\u00fcndung in Carbonia arbeiteten.<br \/>Es war ein intensives Leben im <strong>Quartiere Lotto B<\/strong>.<br \/>Hunderte von Bauarbeitern \u00fcbernachteten dort nach einem Arbeitstag: <strong>Carbonia<\/strong> nahm Gestalt an, und alle Arbeiter hatten in dem Viertel ein <strong>Zuhause<\/strong>, in das sie zur Erholung zur\u00fcckkehren konnten.<br \/>Anfangs beherbergte das Viertel nur <strong>Arbeiter<\/strong>, sp\u00e4ter auch Bergleute und Menschen ohne Familie.<br \/>Die einfachen und preiswerten Wohnh\u00e4user mit Sichtbackstein wurden von der <strong>Technisches B\u00fcro ACaL<\/strong>Es waren genau diese Strukturen, die den Charakter des Viertels ausmachten, das bald als eines der \u00e4rmsten und ver\u00f6detsten der Stadt galt und am Fu\u00dfe des <strong>Rosemary Hill<\/strong> und wird von der Via Sicilia und ihren Kreuzungen, der Via Tirso und der Piazza I Maggio, begrenzt.<br \/>Die Lebensbedingungen waren nicht die besten, und es waren h\u00e4ufig Sch\u00e4dlingsbek\u00e4mpfungsma\u00dfnahmen erforderlich oder es wurde Hilfe ben\u00f6tigt, um die K\u00e4mpfe zu beenden, die aufgrund des erzwungenen Zusammenlebens ausbrachen.<br \/>Die lebhafteste Zeit des Viertels dauerte bis <strong>1943<\/strong>, als die Arbeiter in die ersten Arbeiterhotels umgesiedelt wurden, w\u00e4hrend die Wohnblocks zu Milit\u00e4rgarnisonen wurden.<\/p>\n<p>Der <strong>Stadtteil Dopolavoro<\/strong> an der Piazza I Maggio war von besonderer Bedeutung, denn der Block<strong> Nr. 5<\/strong> diente der Freizeitgestaltung und war mit dem Getr\u00e4nkeclub verbunden.<br \/>Heute ist es nach dem Goldmedaillengewinner <strong>Ernesto Zorcolo<\/strong> benannt, wurde am 6. April 1941 er\u00f6ffnet und am 30. September 1966 geschlossen.<\/p>\t\t\t\t\t\t\t\t<\/div>\n\t\t\t\t<\/div>\n\t\t\t\t\t<\/div>\n\t\t<\/div>\n\t\t\t\t<div class=\"elementor-column elementor-col-50 elementor-top-column elementor-element elementor-element-16b3382 elementor-hidden-tablet elementor-hidden-mobile\" data-id=\"16b3382\" data-element_type=\"column\" data-e-type=\"column\" data-settings=\"{&quot;background_background&quot;:&quot;classic&quot;}\">\n\t\t\t<div class=\"elementor-widget-wrap\">\n\t\t\t\t\t\t\t<\/div>\n\t\t<\/div>\n\t\t\t\t\t<\/div>\n\t\t<\/section>\n\t\t\t\t<\/div>\n\t\t","protected":false},"excerpt":{"rendered":"<p>Die ersten Schritte von Carbonia, zwischen Arbeit, Sozialit\u00e4t und Religion Es war Anfang der 1940er Jahre, als Carbonia begann, die ersten Schritte in Richtung einer bedeutenden Stadt zu unternehmen: Es [&hellip;]<\/p>\n","protected":false},"author":2,"featured_media":0,"parent":0,"menu_order":0,"comment_status":"closed","ping_status":"closed","template":"","meta":{"rs_blank_template":"","rs_page_bg_color":"","slide_template_v7":"","footnotes":""},"class_list":["post-3817","page","type-page","status-publish","hentry"],"_links":{"self":[{"href":"https:\/\/carboniaturismo.it\/de\/wp-json\/wp\/v2\/pages\/3817","targetHints":{"allow":["GET"]}}],"collection":[{"href":"https:\/\/carboniaturismo.it\/de\/wp-json\/wp\/v2\/pages"}],"about":[{"href":"https:\/\/carboniaturismo.it\/de\/wp-json\/wp\/v2\/types\/page"}],"author":[{"embeddable":true,"href":"https:\/\/carboniaturismo.it\/de\/wp-json\/wp\/v2\/users\/2"}],"replies":[{"embeddable":true,"href":"https:\/\/carboniaturismo.it\/de\/wp-json\/wp\/v2\/comments?post=3817"}],"version-history":[{"count":5,"href":"https:\/\/carboniaturismo.it\/de\/wp-json\/wp\/v2\/pages\/3817\/revisions"}],"predecessor-version":[{"id":7508,"href":"https:\/\/carboniaturismo.it\/de\/wp-json\/wp\/v2\/pages\/3817\/revisions\/7508"}],"wp:attachment":[{"href":"https:\/\/carboniaturismo.it\/de\/wp-json\/wp\/v2\/media?parent=3817"}],"curies":[{"name":"wp","href":"https:\/\/api.w.org\/{rel}","templated":true}]}}