{"id":3811,"date":"2025-01-02T12:33:08","date_gmt":"2025-01-02T12:33:08","guid":{"rendered":"https:\/\/carboniaturismo.it\/cultura-religione-e-arte\/chiesa-di-san-ponziano\/"},"modified":"2025-01-13T06:47:50","modified_gmt":"2025-01-13T06:47:50","slug":"kirche-von-san-ponziano","status":"publish","type":"page","link":"https:\/\/carboniaturismo.it\/de\/kirche-von-san-ponziano\/","title":{"rendered":"Kirche von San Ponziano"},"content":{"rendered":"\t\t<div data-elementor-type=\"wp-page\" data-elementor-id=\"3811\" class=\"elementor elementor-3811 elementor-2478\" data-elementor-post-type=\"page\">\n\t\t\t\t\t\t<section class=\"elementor-section elementor-top-section elementor-element elementor-element-0f4502e elementor-section-stretched elementor-section-boxed elementor-section-height-default elementor-section-height-default row-top\" data-id=\"0f4502e\" data-element_type=\"section\" data-e-type=\"section\" data-settings=\"{&quot;stretch_section&quot;:&quot;section-stretched&quot;}\">\n\t\t\t\t\t\t<div class=\"elementor-container elementor-column-gap-default\">\n\t\t\t\t\t<div class=\"elementor-column elementor-col-50 elementor-top-column elementor-element elementor-element-f40f7e5\" data-id=\"f40f7e5\" data-element_type=\"column\" data-e-type=\"column\">\n\t\t\t<div class=\"elementor-widget-wrap elementor-element-populated\">\n\t\t\t\t\t\t<div class=\"elementor-element elementor-element-186949c animated-fast elementor-invisible elementor-widget elementor-widget-gva-heading-block\" data-id=\"186949c\" data-element_type=\"widget\" data-e-type=\"widget\" data-settings=\"{&quot;_animation&quot;:&quot;fadeInUp&quot;}\" data-widget_type=\"gva-heading-block.default\">\n\t\t\t\t<div class=\"elementor-widget-container\">\n\t\t\t\t\t<div class=\"gva-element-gva-heading-block gva-element\">   <div class=\"align-left style-1 widget gsc-heading box-align-left auto-responsive\">\r\n      <div class=\"content-inner\">\r\n         \r\n                  \r\n           \r\n         \r\n                     <h2 class=\"title\">\r\n               <span>Die erste Kirche in Carbonia<\/span>\r\n            <\/h2>\r\n                  \r\n         \r\n      <\/div>\r\n   <\/div>\r\n<\/div>\t\t\t\t<\/div>\n\t\t\t\t<\/div>\n\t\t\t\t<div class=\"elementor-element elementor-element-c6b0f45 elementor-widget elementor-widget-text-editor\" data-id=\"c6b0f45\" data-element_type=\"widget\" data-e-type=\"widget\" data-widget_type=\"text-editor.default\">\n\t\t\t\t<div class=\"elementor-widget-container\">\n\t\t\t\t\t\t\t\t\t<p>Bei einem Spaziergang \u00fcber die <strong>Piazza Roma <\/strong>kann die 1938 erbaute <strong>Kirche San Ponziano<\/strong> nicht unbemerkt bleiben.<br \/>Die Kirche ist <strong>San Ponziano Martire<\/strong> gewidmet, der nach Sardinien verbannt und dazu verurteilt wurde, bis zu seinem Tod in den Minen zu arbeiten.<br \/>Sie ist ein Beispiel f\u00fcr eine <strong>moderne Kirche<\/strong>, die das Diktat der rationalistischen Architektur mit neu interpretierten mittelalterlichen Modellen verbindet und aus lokalen Materialien wie rotem Trachyt und Teulada-Granit gebaut wurde.<\/p>\t\t\t\t\t\t\t\t<\/div>\n\t\t\t\t<\/div>\n\t\t\t\t\t<\/div>\n\t\t<\/div>\n\t\t\t\t<div class=\"elementor-column elementor-col-50 elementor-top-column elementor-element elementor-element-a6bf82f elementor-hidden-tablet elementor-hidden-mobile\" data-id=\"a6bf82f\" data-element_type=\"column\" data-e-type=\"column\" data-settings=\"{&quot;background_background&quot;:&quot;classic&quot;}\">\n\t\t\t<div class=\"elementor-widget-wrap elementor-element-populated\">\n\t\t\t\t\t\t<div class=\"elementor-element elementor-element-2af7858 elementor-widget elementor-widget-image\" data-id=\"2af7858\" data-element_type=\"widget\" data-e-type=\"widget\" data-widget_type=\"image.default\">\n\t\t\t\t<div class=\"elementor-widget-container\">\n\t\t\t\t\t\t\t\t\t\t\t\t\t\t\t<img fetchpriority=\"high\" decoding=\"async\" width=\"900\" height=\"600\" src=\"https:\/\/carboniaturismo.it\/wp-content\/uploads\/2025\/01\/Carbonia-Turismo-La-prima-chiesa-di-Carbonia-1024x683-1.jpg\" class=\"attachment-large size-large wp-image-3469\" alt=\"\" srcset=\"https:\/\/carboniaturismo.it\/wp-content\/uploads\/2025\/01\/Carbonia-Turismo-La-prima-chiesa-di-Carbonia-1024x683-1.jpg 1024w, https:\/\/carboniaturismo.it\/wp-content\/uploads\/2025\/01\/Carbonia-Turismo-La-prima-chiesa-di-Carbonia-1024x683-1-768x512.jpg 768w\" sizes=\"(max-width: 900px) 100vw, 900px\" \/>\t\t\t\t\t\t\t\t\t\t\t\t\t\t\t<\/div>\n\t\t\t\t<\/div>\n\t\t\t\t\t<\/div>\n\t\t<\/div>\n\t\t\t\t\t<\/div>\n\t\t<\/section>\n\t\t\t\t<section class=\"elementor-section elementor-top-section elementor-element elementor-element-fe17dcf elementor-section-stretched elementor-section-boxed elementor-section-height-default elementor-section-height-default row-top\" data-id=\"fe17dcf\" data-element_type=\"section\" data-e-type=\"section\" data-settings=\"{&quot;stretch_section&quot;:&quot;section-stretched&quot;,&quot;background_background&quot;:&quot;classic&quot;}\">\n\t\t\t\t\t\t<div class=\"elementor-container elementor-column-gap-default\">\n\t\t\t\t\t<div class=\"elementor-column elementor-col-50 elementor-top-column elementor-element elementor-element-39c6c4a elementor-hidden-tablet elementor-hidden-mobile\" data-id=\"39c6c4a\" data-element_type=\"column\" data-e-type=\"column\" data-settings=\"{&quot;background_background&quot;:&quot;classic&quot;}\">\n\t\t\t<div class=\"elementor-widget-wrap elementor-element-populated\">\n\t\t\t\t\t\t<div class=\"elementor-element elementor-element-aea4e94 elementor-widget elementor-widget-image\" data-id=\"aea4e94\" data-element_type=\"widget\" data-e-type=\"widget\" data-widget_type=\"image.default\">\n\t\t\t\t<div class=\"elementor-widget-container\">\n\t\t\t\t\t\t\t\t\t\t\t\t\t\t\t<img decoding=\"async\" width=\"900\" height=\"600\" src=\"https:\/\/carboniaturismo.it\/wp-content\/uploads\/2025\/01\/Carbonia-Turismo-San-Ponziano-1024x683-1.jpg\" class=\"attachment-large size-large wp-image-3466\" alt=\"\" srcset=\"https:\/\/carboniaturismo.it\/wp-content\/uploads\/2025\/01\/Carbonia-Turismo-San-Ponziano-1024x683-1.jpg 1024w, https:\/\/carboniaturismo.it\/wp-content\/uploads\/2025\/01\/Carbonia-Turismo-San-Ponziano-1024x683-1-768x512.jpg 768w\" sizes=\"(max-width: 900px) 100vw, 900px\" \/>\t\t\t\t\t\t\t\t\t\t\t\t\t\t\t<\/div>\n\t\t\t\t<\/div>\n\t\t\t\t\t<\/div>\n\t\t<\/div>\n\t\t\t\t<div class=\"elementor-column elementor-col-50 elementor-top-column elementor-element elementor-element-f067e75\" data-id=\"f067e75\" data-element_type=\"column\" data-e-type=\"column\">\n\t\t\t<div class=\"elementor-widget-wrap elementor-element-populated\">\n\t\t\t\t\t\t<div class=\"elementor-element elementor-element-ea142b3 elementor-widget elementor-widget-text-editor\" data-id=\"ea142b3\" data-element_type=\"widget\" data-e-type=\"widget\" data-widget_type=\"text-editor.default\">\n\t\t\t\t<div class=\"elementor-widget-container\">\n\t\t\t\t\t\t\t\t\t<h2><b>Kunst, die erz\u00e4hlt<\/b><\/h2>\n<p>Auch die Kirche San Ponziano erlebte die Trag\u00f6dien des Krieges, als sie am 8. Juni 1943 <strong>bombardiert<\/strong> wurde.<br \/>Die urspr\u00fcngliche, von <strong>Filippo Figari<\/strong> geschaffene <strong>Rosette <\/strong>wurde zerst\u00f6rt und sp\u00e4ter durch eine neue ersetzt, die nur die Schutzheiligen der Stadt, <strong>San Ponziano<\/strong> und <strong>Santa Barbara<\/strong>, darstellte, im Gegensatz zu der vorherigen, die andere Figuren enthielt, wie den Duce in Gestalt eines Bergmanns.<br \/>Ebenfalls aus rotem Trachyt ist der 44,70 m hohe <strong>Glockenturm<\/strong>, der sich \u00fcber die Piazza Roma erhebt und den darunter liegenden Platz beherrscht.<br \/>An seinem Fu\u00df befindet sich eine <strong>Krypta <\/strong>, die fr\u00fcher die Statue der Heiligen Barbara beherbergte, ein Werk des Bildhauers <strong>Gavino Tilocca<\/strong> aus Sassari.<br \/>Ein weiteres Kunstwerk, das im Inneren der Kirche bewundert werden kann, ist die <strong>Via Crucis<\/strong> von<strong> Eugenio Tavolara<\/strong> aus dem Jahr 1938.<br \/>Verschiedene sardische K\u00fcnstler haben bedeutende Beitr\u00e4ge zur Bereicherung und Versch\u00f6nerung der Kirche geleistet.<\/p>\t\t\t\t\t\t\t\t<\/div>\n\t\t\t\t<\/div>\n\t\t\t\t\t<\/div>\n\t\t<\/div>\n\t\t\t\t\t<\/div>\n\t\t<\/section>\n\t\t\t\t<section class=\"elementor-section elementor-top-section elementor-element elementor-element-5250680 elementor-section-stretched elementor-section-boxed elementor-section-height-default elementor-section-height-default row-top\" data-id=\"5250680\" data-element_type=\"section\" data-e-type=\"section\" data-settings=\"{&quot;stretch_section&quot;:&quot;section-stretched&quot;}\">\n\t\t\t\t\t\t<div class=\"elementor-container elementor-column-gap-default\">\n\t\t\t\t\t<div class=\"elementor-column elementor-col-50 elementor-top-column elementor-element elementor-element-0cca305\" data-id=\"0cca305\" data-element_type=\"column\" data-e-type=\"column\">\n\t\t\t<div class=\"elementor-widget-wrap elementor-element-populated\">\n\t\t\t\t\t\t<div class=\"elementor-element elementor-element-74564c7 elementor-widget elementor-widget-text-editor\" data-id=\"74564c7\" data-element_type=\"widget\" data-e-type=\"widget\" data-widget_type=\"text-editor.default\">\n\t\t\t\t<div class=\"elementor-widget-container\">\n\t\t\t\t\t\t\t\t\t<h2><b>Riten<\/b><\/h2>\n<p>Jedes Jahr bereitet sich die Stadt Carbonia darauf vor, ihre Schutzheiligen <strong>zu feiern<\/strong>.<br \/>Die ersten Prozessionen fanden 1939 am 19. November und am 4. Dezember statt. Heute hat sich das Datum der Feierlichkeiten ge\u00e4ndert, da der Wunsch besteht, die beiden Heiligen gemeinsam zu feiern, auch wenn die liturgischen Daten der beiden nicht eingehalten werden.<br \/>Seit August 1995 k\u00f6nnen die Pfarrer und die Gemeinde aus pastoralen und organisatorischen Gr\u00fcnden mit Unterst\u00fctzung von Bischof Arrigo Miglio das Patronatsfest von San Ponziano am <strong>Donnerstag nach dem zweiten Sonntag im Mai<\/strong> feiern.<br \/>Die Bergwerke sind das Symbol f\u00fcr die Verbindung zwischen der <strong>Gemeinde Carbonia<\/strong> und ihrem Schutzpatron, der seit jeher um Schutz bei der Arbeit unter Tage gebeten wird.<\/p>\t\t\t\t\t\t\t\t<\/div>\n\t\t\t\t<\/div>\n\t\t\t\t\t<\/div>\n\t\t<\/div>\n\t\t\t\t<div class=\"elementor-column elementor-col-50 elementor-top-column elementor-element elementor-element-7e453e9 elementor-hidden-tablet elementor-hidden-mobile\" data-id=\"7e453e9\" data-element_type=\"column\" data-e-type=\"column\" data-settings=\"{&quot;background_background&quot;:&quot;classic&quot;}\">\n\t\t\t<div class=\"elementor-widget-wrap elementor-element-populated\">\n\t\t\t\t\t\t<div class=\"elementor-element elementor-element-eacc463 elementor-widget elementor-widget-image\" data-id=\"eacc463\" data-element_type=\"widget\" data-e-type=\"widget\" data-widget_type=\"image.default\">\n\t\t\t\t<div class=\"elementor-widget-container\">\n\t\t\t\t\t\t\t\t\t\t\t\t\t\t\t<img decoding=\"async\" width=\"900\" height=\"600\" src=\"https:\/\/carboniaturismo.it\/wp-content\/uploads\/2025\/01\/Carbonia-Turismo-I-riti-di-San-Ponziano-in-Piazza-Roma-1024x683-1.jpg\" class=\"attachment-large size-large wp-image-3463\" alt=\"\" srcset=\"https:\/\/carboniaturismo.it\/wp-content\/uploads\/2025\/01\/Carbonia-Turismo-I-riti-di-San-Ponziano-in-Piazza-Roma-1024x683-1.jpg 1024w, https:\/\/carboniaturismo.it\/wp-content\/uploads\/2025\/01\/Carbonia-Turismo-I-riti-di-San-Ponziano-in-Piazza-Roma-1024x683-1-768x512.jpg 768w\" sizes=\"(max-width: 900px) 100vw, 900px\" \/>\t\t\t\t\t\t\t\t\t\t\t\t\t\t\t<\/div>\n\t\t\t\t<\/div>\n\t\t\t\t\t<\/div>\n\t\t<\/div>\n\t\t\t\t\t<\/div>\n\t\t<\/section>\n\t\t\t\t<\/div>\n\t\t","protected":false},"excerpt":{"rendered":"<p>Die erste Kirche in Carbonia Bei einem Spaziergang \u00fcber die Piazza Roma kann die 1938 erbaute Kirche San Ponziano nicht unbemerkt bleiben.Die Kirche ist San Ponziano Martire gewidmet, der nach [&hellip;]<\/p>\n","protected":false},"author":2,"featured_media":0,"parent":0,"menu_order":0,"comment_status":"closed","ping_status":"closed","template":"","meta":{"rs_blank_template":"","rs_page_bg_color":"","slide_template_v7":"","footnotes":""},"class_list":["post-3811","page","type-page","status-publish","hentry"],"_links":{"self":[{"href":"https:\/\/carboniaturismo.it\/de\/wp-json\/wp\/v2\/pages\/3811","targetHints":{"allow":["GET"]}}],"collection":[{"href":"https:\/\/carboniaturismo.it\/de\/wp-json\/wp\/v2\/pages"}],"about":[{"href":"https:\/\/carboniaturismo.it\/de\/wp-json\/wp\/v2\/types\/page"}],"author":[{"embeddable":true,"href":"https:\/\/carboniaturismo.it\/de\/wp-json\/wp\/v2\/users\/2"}],"replies":[{"embeddable":true,"href":"https:\/\/carboniaturismo.it\/de\/wp-json\/wp\/v2\/comments?post=3811"}],"version-history":[{"count":9,"href":"https:\/\/carboniaturismo.it\/de\/wp-json\/wp\/v2\/pages\/3811\/revisions"}],"predecessor-version":[{"id":7511,"href":"https:\/\/carboniaturismo.it\/de\/wp-json\/wp\/v2\/pages\/3811\/revisions\/7511"}],"wp:attachment":[{"href":"https:\/\/carboniaturismo.it\/de\/wp-json\/wp\/v2\/media?parent=3811"}],"curies":[{"name":"wp","href":"https:\/\/api.w.org\/{rel}","templated":true}]}}