{"id":3796,"date":"2025-01-04T09:26:53","date_gmt":"2025-01-04T09:26:53","guid":{"rendered":"https:\/\/carboniaturismo.it\/architektur\/dopolavoro-cine-teatro\/"},"modified":"2025-01-17T05:56:52","modified_gmt":"2025-01-17T05:56:52","slug":"dopolavoro-cine-teatro","status":"publish","type":"page","link":"https:\/\/carboniaturismo.it\/de\/dopolavoro-cine-teatro\/","title":{"rendered":"Dopolavoro Cine-Teatro"},"content":{"rendered":"\t\t<div data-elementor-type=\"wp-page\" data-elementor-id=\"3796\" class=\"elementor elementor-3796 elementor-3598\" data-elementor-post-type=\"page\">\n\t\t\t\t\t\t<section class=\"elementor-section elementor-top-section elementor-element elementor-element-7d01d91 elementor-section-stretched elementor-section-boxed elementor-section-height-default elementor-section-height-default row-top\" data-id=\"7d01d91\" data-element_type=\"section\" data-e-type=\"section\" data-settings=\"{&quot;stretch_section&quot;:&quot;section-stretched&quot;}\">\n\t\t\t\t\t\t<div class=\"elementor-container elementor-column-gap-default\">\n\t\t\t\t\t<div class=\"elementor-column elementor-col-50 elementor-top-column elementor-element elementor-element-9ae95f8\" data-id=\"9ae95f8\" data-element_type=\"column\" data-e-type=\"column\">\n\t\t\t<div class=\"elementor-widget-wrap elementor-element-populated\">\n\t\t\t\t\t\t<div class=\"elementor-element elementor-element-e402de0 animated-fast elementor-invisible elementor-widget elementor-widget-gva-heading-block\" data-id=\"e402de0\" data-element_type=\"widget\" data-e-type=\"widget\" data-settings=\"{&quot;_animation&quot;:&quot;fadeInUp&quot;}\" data-widget_type=\"gva-heading-block.default\">\n\t\t\t\t<div class=\"elementor-widget-container\">\n\t\t\t\t\t<div class=\"gva-element-gva-heading-block gva-element\">   <div class=\"align-left style-1 widget gsc-heading box-align-left auto-responsive\">\r\n      <div class=\"content-inner\">\r\n         \r\n                  \r\n           \r\n         \r\n                     <h2 class=\"title\">\r\n               <span>Architektur wird zur H\u00fcterin der nie erz\u00e4hlten Geschichten<\/span>\r\n            <\/h2>\r\n                  \r\n         \r\n      <\/div>\r\n   <\/div>\r\n<\/div>\t\t\t\t<\/div>\n\t\t\t\t<\/div>\n\t\t\t\t<div class=\"elementor-element elementor-element-fc14d50 elementor-widget elementor-widget-text-editor\" data-id=\"fc14d50\" data-element_type=\"widget\" data-e-type=\"widget\" data-widget_type=\"text-editor.default\">\n\t\t\t\t<div class=\"elementor-widget-container\">\n\t\t\t\t\t\t\t\t\t<p>Der an der <strong>Piazza Roma<\/strong> gelegene Komplex <strong>Dopolavoro Cine-Teatro<\/strong> war ein Ort, an dem w\u00e4hrend der faschistischen Zeit zahlreiche Aktivit\u00e4ten von denjenigen durchgef\u00fchrt wurden, die in voller \u00dcbereinstimmung mit der Nationalen Faschistischen Partei <strong>ihre Freizeit<\/strong> zusammen mit anderen Pers\u00f6nlichkeiten der damaligen Zeit verbringen wollten.<br \/>Die<strong>Nationale Dopolavoro-Organisation<\/strong>( <strong>OND)<\/strong> organisierte in den R\u00e4umen ihres Sitzes zahlreiche <strong>Freizeitaktivit\u00e4ten<\/strong> f\u00fcr die Mitarbeiter, wie Filmvorf\u00fchrungen, Wochenschauen und Theaterauff\u00fchrungen.<br \/>Sport, Hauswirtschaft, Alphabetisierungskurse sowie k\u00fcnstlerische und kulturelle Aktivit\u00e4ten waren die<strong> treibende Kraft <\/strong>der OND, die ihren Mitarbeitern sogar Erm\u00e4\u00dfigungen auf Kino- und Theaterkarten und einen Preisnachlass beim Kauf von Lebensmitteln und Kleidung in bestimmten Lagern gew\u00e4hrte.<br \/>Dieser Ort birgt in seinen Mauern noch immer die Geschichten der Pers\u00f6nlichkeiten, die ihn durchlaufen haben.<br \/>Geschichten, die im Fl\u00fcsterton erz\u00e4hlt und fast schweigend geteilt werden.<br \/>Geschichten \u00fcber eine verlorene Vergangenheit, die nicht mehr erz\u00e4hlt werden kann.<\/p>\t\t\t\t\t\t\t\t<\/div>\n\t\t\t\t<\/div>\n\t\t\t\t\t<\/div>\n\t\t<\/div>\n\t\t\t\t<div class=\"elementor-column elementor-col-50 elementor-top-column elementor-element elementor-element-5463509 elementor-hidden-tablet elementor-hidden-mobile\" data-id=\"5463509\" data-element_type=\"column\" data-e-type=\"column\" data-settings=\"{&quot;background_background&quot;:&quot;classic&quot;}\">\n\t\t\t<div class=\"elementor-widget-wrap elementor-element-populated\">\n\t\t\t\t\t\t<div class=\"elementor-element elementor-element-21c7220 elementor-widget elementor-widget-image\" data-id=\"21c7220\" data-element_type=\"widget\" data-e-type=\"widget\" data-widget_type=\"image.default\">\n\t\t\t\t<div class=\"elementor-widget-container\">\n\t\t\t\t\t\t\t\t\t\t\t\t\t\t\t<img fetchpriority=\"high\" decoding=\"async\" width=\"900\" height=\"600\" src=\"https:\/\/carboniaturismo.it\/wp-content\/uploads\/2025\/01\/Carbonia_Turismo-Architettura_dopolavoro_cineteatro-1024x683-1.jpg\" class=\"attachment-large size-large wp-image-3585\" alt=\"\" srcset=\"https:\/\/carboniaturismo.it\/wp-content\/uploads\/2025\/01\/Carbonia_Turismo-Architettura_dopolavoro_cineteatro-1024x683-1.jpg 1024w, https:\/\/carboniaturismo.it\/wp-content\/uploads\/2025\/01\/Carbonia_Turismo-Architettura_dopolavoro_cineteatro-1024x683-1-768x512.jpg 768w\" sizes=\"(max-width: 900px) 100vw, 900px\" \/>\t\t\t\t\t\t\t\t\t\t\t\t\t\t\t<\/div>\n\t\t\t\t<\/div>\n\t\t\t\t\t<\/div>\n\t\t<\/div>\n\t\t\t\t\t<\/div>\n\t\t<\/section>\n\t\t\t\t<section class=\"elementor-section elementor-top-section elementor-element elementor-element-db09717 elementor-section-stretched elementor-section-boxed elementor-section-height-default elementor-section-height-default row-top\" data-id=\"db09717\" data-element_type=\"section\" data-e-type=\"section\" data-settings=\"{&quot;stretch_section&quot;:&quot;section-stretched&quot;,&quot;background_background&quot;:&quot;classic&quot;}\">\n\t\t\t\t\t\t<div class=\"elementor-container elementor-column-gap-default\">\n\t\t\t\t\t<div class=\"elementor-column elementor-col-50 elementor-top-column elementor-element elementor-element-7301593 elementor-hidden-tablet elementor-hidden-mobile\" data-id=\"7301593\" data-element_type=\"column\" data-e-type=\"column\">\n\t\t\t<div class=\"elementor-widget-wrap elementor-element-populated\">\n\t\t\t\t\t\t<div class=\"elementor-element elementor-element-c1e10cd elementor-widget elementor-widget-image\" data-id=\"c1e10cd\" data-element_type=\"widget\" data-e-type=\"widget\" data-widget_type=\"image.default\">\n\t\t\t\t<div class=\"elementor-widget-container\">\n\t\t\t\t\t\t\t\t\t\t\t\t\t\t\t<img decoding=\"async\" width=\"900\" height=\"600\" src=\"https:\/\/carboniaturismo.it\/wp-content\/uploads\/2025\/01\/Carbonia-Turismo-Il-Cine-Teatro-in-Piazza-Roma-1024x683-1.jpg\" class=\"attachment-large size-large wp-image-3581\" alt=\"\" srcset=\"https:\/\/carboniaturismo.it\/wp-content\/uploads\/2025\/01\/Carbonia-Turismo-Il-Cine-Teatro-in-Piazza-Roma-1024x683-1.jpg 1024w, https:\/\/carboniaturismo.it\/wp-content\/uploads\/2025\/01\/Carbonia-Turismo-Il-Cine-Teatro-in-Piazza-Roma-1024x683-1-768x512.jpg 768w\" sizes=\"(max-width: 900px) 100vw, 900px\" \/>\t\t\t\t\t\t\t\t\t\t\t\t\t\t\t<\/div>\n\t\t\t\t<\/div>\n\t\t\t\t\t<\/div>\n\t\t<\/div>\n\t\t\t\t<div class=\"elementor-column elementor-col-50 elementor-top-column elementor-element elementor-element-7d4b039\" data-id=\"7d4b039\" data-element_type=\"column\" data-e-type=\"column\">\n\t\t\t<div class=\"elementor-widget-wrap elementor-element-populated\">\n\t\t\t\t\t\t<div class=\"elementor-element elementor-element-005a4f7 elementor-widget elementor-widget-text-editor\" data-id=\"005a4f7\" data-element_type=\"widget\" data-e-type=\"widget\" data-widget_type=\"text-editor.default\">\n\t\t\t\t<div class=\"elementor-widget-container\">\n\t\t\t\t\t\t\t\t\t<h2>\u00a0<\/h2><h2><b>Die Struktur<\/b><\/h2><p>Der Sitz des <strong>Dopolavoro Cine-Teatro<\/strong> besteht aus zwei unabh\u00e4ngigen Geb\u00e4uden, die die Piazza Roma in der \u00f6stlichen Ecke umschlie\u00dfen.<br \/>Die vordere Fassade besteht aus einer S\u00e4ulenkolonnade, w\u00e4hrend sich der rechteckige Grundriss horizontal ausdehnt, um sich mit dem benachbarten Torre Littoria zu verbinden.<br \/>Trotz des Niedergangs des Faschismus hat es seine Haupteigenschaft, ein Ort f\u00fcr zahlreiche <strong>Freizeitaktivit\u00e4ten<\/strong> zu sein, nicht verloren.<br \/>Heute ist das Dopolavoro Cine-Teatro ein Mehrzweck- und Dienstleistungszentrum, das eine neue Art des Erlebens dieser R\u00e4ume erm\u00f6glicht.<br \/>Hier kann man den Nachhall einer fernen und zugleich nahen italienischen Geschichte h\u00f6ren.<br \/>Ein Ort, der zu neuem Leben erwacht ist und an dem man sich frei begegnen kann.<\/p><p>\u00a0<\/p>\t\t\t\t\t\t\t\t<\/div>\n\t\t\t\t<\/div>\n\t\t\t\t\t<\/div>\n\t\t<\/div>\n\t\t\t\t\t<\/div>\n\t\t<\/section>\n\t\t\t\t<\/div>\n\t\t","protected":false},"excerpt":{"rendered":"<p>Architektur wird zur H\u00fcterin der nie erz\u00e4hlten Geschichten Der an der Piazza Roma gelegene Komplex Dopolavoro Cine-Teatro war ein Ort, an dem w\u00e4hrend der faschistischen Zeit zahlreiche Aktivit\u00e4ten von denjenigen [&hellip;]<\/p>\n","protected":false},"author":2,"featured_media":0,"parent":0,"menu_order":0,"comment_status":"closed","ping_status":"closed","template":"","meta":{"rs_blank_template":"","rs_page_bg_color":"","slide_template_v7":"","footnotes":""},"class_list":["post-3796","page","type-page","status-publish","hentry"],"_links":{"self":[{"href":"https:\/\/carboniaturismo.it\/de\/wp-json\/wp\/v2\/pages\/3796","targetHints":{"allow":["GET"]}}],"collection":[{"href":"https:\/\/carboniaturismo.it\/de\/wp-json\/wp\/v2\/pages"}],"about":[{"href":"https:\/\/carboniaturismo.it\/de\/wp-json\/wp\/v2\/types\/page"}],"author":[{"embeddable":true,"href":"https:\/\/carboniaturismo.it\/de\/wp-json\/wp\/v2\/users\/2"}],"replies":[{"embeddable":true,"href":"https:\/\/carboniaturismo.it\/de\/wp-json\/wp\/v2\/comments?post=3796"}],"version-history":[{"count":4,"href":"https:\/\/carboniaturismo.it\/de\/wp-json\/wp\/v2\/pages\/3796\/revisions"}],"predecessor-version":[{"id":9178,"href":"https:\/\/carboniaturismo.it\/de\/wp-json\/wp\/v2\/pages\/3796\/revisions\/9178"}],"wp:attachment":[{"href":"https:\/\/carboniaturismo.it\/de\/wp-json\/wp\/v2\/media?parent=3796"}],"curies":[{"name":"wp","href":"https:\/\/api.w.org\/{rel}","templated":true}]}}