{"id":3775,"date":"2025-01-04T09:22:34","date_gmt":"2025-01-04T09:22:34","guid":{"rendered":"https:\/\/carboniaturismo.it\/architektur\/piazza-roma\/"},"modified":"2025-01-17T05:55:45","modified_gmt":"2025-01-17T05:55:45","slug":"piazza-roma","status":"publish","type":"page","link":"https:\/\/carboniaturismo.it\/de\/piazza-roma\/","title":{"rendered":"Piazza Roma"},"content":{"rendered":"\t\t<div data-elementor-type=\"wp-page\" data-elementor-id=\"3775\" class=\"elementor elementor-3775 elementor-3568\" data-elementor-post-type=\"page\">\n\t\t\t\t\t\t<section class=\"elementor-section elementor-top-section elementor-element elementor-element-7d01d91 elementor-section-stretched elementor-section-boxed elementor-section-height-default elementor-section-height-default row-top\" data-id=\"7d01d91\" data-element_type=\"section\" data-e-type=\"section\" data-settings=\"{&quot;stretch_section&quot;:&quot;section-stretched&quot;}\">\n\t\t\t\t\t\t<div class=\"elementor-container elementor-column-gap-default\">\n\t\t\t\t\t<div class=\"elementor-column elementor-col-50 elementor-top-column elementor-element elementor-element-9ae95f8\" data-id=\"9ae95f8\" data-element_type=\"column\" data-e-type=\"column\">\n\t\t\t<div class=\"elementor-widget-wrap elementor-element-populated\">\n\t\t\t\t\t\t<div class=\"elementor-element elementor-element-e402de0 animated-fast elementor-invisible elementor-widget elementor-widget-gva-heading-block\" data-id=\"e402de0\" data-element_type=\"widget\" data-e-type=\"widget\" data-settings=\"{&quot;_animation&quot;:&quot;fadeInUp&quot;}\" data-widget_type=\"gva-heading-block.default\">\n\t\t\t\t<div class=\"elementor-widget-container\">\n\t\t\t\t\t<div class=\"gva-element-gva-heading-block gva-element\">   <div class=\"align-left style-1 widget gsc-heading box-align-left auto-responsive\">\r\n      <div class=\"content-inner\">\r\n         \r\n                  \r\n           \r\n         \r\n                     <h2 class=\"title\">\r\n               <span>Piazza Roma: das Symbol von Carbonia<\/span>\r\n            <\/h2>\r\n                  \r\n         \r\n      <\/div>\r\n   <\/div>\r\n<\/div>\t\t\t\t<\/div>\n\t\t\t\t<\/div>\n\t\t\t\t<div class=\"elementor-element elementor-element-fc14d50 elementor-widget elementor-widget-text-editor\" data-id=\"fc14d50\" data-element_type=\"widget\" data-e-type=\"widget\" data-widget_type=\"text-editor.default\">\n\t\t\t\t<div class=\"elementor-widget-container\">\n\t\t\t\t\t\t\t\t\t<p>Das wahre Herz der Stadt Carbonia ist die <strong>Piazza Roma<\/strong>.<br \/>Urspr\u00fcnglich f\u00fcr Veranstaltungen und Versammlungen des \u00f6ffentlichen Lebens gedacht, wird die Bedeutung dieses zentralen Platzes durch die Anwesenheit der wichtigsten Geb\u00e4ude der Stadt unterstrichen: die<br \/>Die<strong>Kirche San Ponziano<\/strong>, in der sich die der Heiligen Barbara, der Schutzpatronin der Bergleute, geweihte Kapelle befindet, der <strong>Torre Littoria<\/strong>, das <strong>Rathaus von Carbonia<\/strong>, das <strong>Dopolavoro Cine-Teatro<\/strong> und die <strong>Post von Portici<\/strong>.<\/p>\t\t\t\t\t\t\t\t<\/div>\n\t\t\t\t<\/div>\n\t\t\t\t\t<\/div>\n\t\t<\/div>\n\t\t\t\t<div class=\"elementor-column elementor-col-50 elementor-top-column elementor-element elementor-element-5463509 elementor-hidden-tablet elementor-hidden-mobile\" data-id=\"5463509\" data-element_type=\"column\" data-e-type=\"column\" data-settings=\"{&quot;background_background&quot;:&quot;classic&quot;}\">\n\t\t\t<div class=\"elementor-widget-wrap elementor-element-populated\">\n\t\t\t\t\t\t<div class=\"elementor-element elementor-element-21c7220 elementor-widget elementor-widget-image\" data-id=\"21c7220\" data-element_type=\"widget\" data-e-type=\"widget\" data-widget_type=\"image.default\">\n\t\t\t\t<div class=\"elementor-widget-container\">\n\t\t\t\t\t\t\t\t\t\t\t\t\t\t\t<img fetchpriority=\"high\" decoding=\"async\" width=\"900\" height=\"600\" src=\"https:\/\/carboniaturismo.it\/wp-content\/uploads\/2025\/01\/Carbonia-Turismo-Piazza-Roma-1024x683-1.jpg\" class=\"attachment-large size-large wp-image-3593\" alt=\"\" srcset=\"https:\/\/carboniaturismo.it\/wp-content\/uploads\/2025\/01\/Carbonia-Turismo-Piazza-Roma-1024x683-1.jpg 1024w, https:\/\/carboniaturismo.it\/wp-content\/uploads\/2025\/01\/Carbonia-Turismo-Piazza-Roma-1024x683-1-768x512.jpg 768w\" sizes=\"(max-width: 900px) 100vw, 900px\" \/>\t\t\t\t\t\t\t\t\t\t\t\t\t\t\t<\/div>\n\t\t\t\t<\/div>\n\t\t\t\t\t<\/div>\n\t\t<\/div>\n\t\t\t\t\t<\/div>\n\t\t<\/section>\n\t\t\t\t<section class=\"elementor-section elementor-top-section elementor-element elementor-element-db09717 elementor-section-stretched elementor-section-boxed elementor-section-height-default elementor-section-height-default row-top\" data-id=\"db09717\" data-element_type=\"section\" data-e-type=\"section\" data-settings=\"{&quot;stretch_section&quot;:&quot;section-stretched&quot;,&quot;background_background&quot;:&quot;classic&quot;}\">\n\t\t\t\t\t\t<div class=\"elementor-container elementor-column-gap-default\">\n\t\t\t\t\t<div class=\"elementor-column elementor-col-50 elementor-top-column elementor-element elementor-element-7301593 elementor-hidden-tablet elementor-hidden-mobile\" data-id=\"7301593\" data-element_type=\"column\" data-e-type=\"column\">\n\t\t\t<div class=\"elementor-widget-wrap elementor-element-populated\">\n\t\t\t\t\t\t<div class=\"elementor-element elementor-element-c1e10cd elementor-widget elementor-widget-image\" data-id=\"c1e10cd\" data-element_type=\"widget\" data-e-type=\"widget\" data-widget_type=\"image.default\">\n\t\t\t\t<div class=\"elementor-widget-container\">\n\t\t\t\t\t\t\t\t\t\t\t\t\t\t\t<img decoding=\"async\" width=\"900\" height=\"600\" src=\"https:\/\/carboniaturismo.it\/wp-content\/uploads\/2025\/01\/Carbonia-Turismo-Scorcio-di-Piazza-Roma-1024x683-1.jpg\" class=\"attachment-large size-large wp-image-3589\" alt=\"\" srcset=\"https:\/\/carboniaturismo.it\/wp-content\/uploads\/2025\/01\/Carbonia-Turismo-Scorcio-di-Piazza-Roma-1024x683-1.jpg 1024w, https:\/\/carboniaturismo.it\/wp-content\/uploads\/2025\/01\/Carbonia-Turismo-Scorcio-di-Piazza-Roma-1024x683-1-768x512.jpg 768w\" sizes=\"(max-width: 900px) 100vw, 900px\" \/>\t\t\t\t\t\t\t\t\t\t\t\t\t\t\t<\/div>\n\t\t\t\t<\/div>\n\t\t\t\t\t<\/div>\n\t\t<\/div>\n\t\t\t\t<div class=\"elementor-column elementor-col-50 elementor-top-column elementor-element elementor-element-7d4b039\" data-id=\"7d4b039\" data-element_type=\"column\" data-e-type=\"column\">\n\t\t\t<div class=\"elementor-widget-wrap elementor-element-populated\">\n\t\t\t\t\t\t<div class=\"elementor-element elementor-element-005a4f7 elementor-widget elementor-widget-text-editor\" data-id=\"005a4f7\" data-element_type=\"widget\" data-e-type=\"widget\" data-widget_type=\"text-editor.default\">\n\t\t\t\t<div class=\"elementor-widget-container\">\n\t\t\t\t\t\t\t\t\t<h2>\u00a0<\/h2><h2><b>Das Quadrat<\/b><\/h2><p>Als erstes geplantes Element der Stadt spiegelt der Platz vollst\u00e4ndig die<strong>rationalistische Architektur<\/strong> der zwanzigj\u00e4hrigen faschistischen Periode wider: ein gro\u00dfes, von \u00f6ffentlichen Geb\u00e4uden umschlossenes Rechteck, das wie eine gro\u00dfe <strong>Panoramaterrasse<\/strong> den Blick auf die umliegende Landschaft und die Bergwerke freigibt.<br \/>In diesem Raum wurden schon immer ohne Unterschied zivile und religi\u00f6se Funktionen ausge\u00fcbt.<br \/>Die Stra\u00dfen und Geb\u00e4ude sind mit viel Liebe zum Detail so gestaltet, dass eine <strong>\u00e4sthetische Koh\u00e4renz<\/strong> zwischen der Piazza und ihren Geb\u00e4uden entsteht.<br \/>Die Piazza \u00f6ffnet sich auch zu den \u00f6ffentlichen G\u00e4rten, die von den Alleen umgeben sind, in denen die Kohleunternehmen ihren Sitz hatten.<br \/><br \/><br \/>Piazza Roma hat gelitten <strong>verschiedene \u00c4nderungen<\/strong> im Laufe der Zeit und hat so viele Phasen und Ver\u00e4nderungen durchlaufen, dass die Geschichte immer weiter erz\u00e4hlt wird, daher ist es die <strong>Symbol<\/strong> einer j\u00fcngeren Vergangenheit, in der die <strong>\u00c4nderungen<\/strong> sowohl historisch als auch sozial und wird selbst zu einem <strong>Spur<\/strong> dieser Schritte.<\/p><p>\u00a0<\/p>\t\t\t\t\t\t\t\t<\/div>\n\t\t\t\t<\/div>\n\t\t\t\t\t<\/div>\n\t\t<\/div>\n\t\t\t\t\t<\/div>\n\t\t<\/section>\n\t\t\t\t<\/div>\n\t\t","protected":false},"excerpt":{"rendered":"<p>Piazza Roma: das Symbol von Carbonia Das wahre Herz der Stadt Carbonia ist die Piazza Roma.Urspr\u00fcnglich f\u00fcr Veranstaltungen und Versammlungen des \u00f6ffentlichen Lebens gedacht, wird die Bedeutung dieses zentralen Platzes [&hellip;]<\/p>\n","protected":false},"author":2,"featured_media":0,"parent":0,"menu_order":0,"comment_status":"closed","ping_status":"closed","template":"","meta":{"rs_blank_template":"","rs_page_bg_color":"","slide_template_v7":"","footnotes":""},"class_list":["post-3775","page","type-page","status-publish","hentry"],"_links":{"self":[{"href":"https:\/\/carboniaturismo.it\/de\/wp-json\/wp\/v2\/pages\/3775","targetHints":{"allow":["GET"]}}],"collection":[{"href":"https:\/\/carboniaturismo.it\/de\/wp-json\/wp\/v2\/pages"}],"about":[{"href":"https:\/\/carboniaturismo.it\/de\/wp-json\/wp\/v2\/types\/page"}],"author":[{"embeddable":true,"href":"https:\/\/carboniaturismo.it\/de\/wp-json\/wp\/v2\/users\/2"}],"replies":[{"embeddable":true,"href":"https:\/\/carboniaturismo.it\/de\/wp-json\/wp\/v2\/comments?post=3775"}],"version-history":[{"count":4,"href":"https:\/\/carboniaturismo.it\/de\/wp-json\/wp\/v2\/pages\/3775\/revisions"}],"predecessor-version":[{"id":9175,"href":"https:\/\/carboniaturismo.it\/de\/wp-json\/wp\/v2\/pages\/3775\/revisions\/9175"}],"wp:attachment":[{"href":"https:\/\/carboniaturismo.it\/de\/wp-json\/wp\/v2\/media?parent=3775"}],"curies":[{"name":"wp","href":"https:\/\/api.w.org\/{rel}","templated":true}]}}