{"id":3759,"date":"2025-01-04T09:27:07","date_gmt":"2025-01-04T09:27:07","guid":{"rendered":"https:\/\/carboniaturismo.it\/architektur\/intermodales-bahnhofszentrum\/"},"modified":"2025-01-11T14:50:49","modified_gmt":"2025-01-11T14:50:49","slug":"intermodales-bahnhofszentrum","status":"publish","type":"page","link":"https:\/\/carboniaturismo.it\/de\/intermodales-bahnhofszentrum\/","title":{"rendered":"Intermodales Bahnhofszentrum"},"content":{"rendered":"\t\t<div data-elementor-type=\"wp-page\" data-elementor-id=\"3759\" class=\"elementor elementor-3759 elementor-3597\" data-elementor-post-type=\"page\">\n\t\t\t\t\t\t<section class=\"elementor-section elementor-top-section elementor-element elementor-element-7d01d91 elementor-section-stretched elementor-section-boxed elementor-section-height-default elementor-section-height-default row-top\" data-id=\"7d01d91\" data-element_type=\"section\" data-e-type=\"section\" data-settings=\"{&quot;stretch_section&quot;:&quot;section-stretched&quot;}\">\n\t\t\t\t\t\t<div class=\"elementor-container elementor-column-gap-default\">\n\t\t\t\t\t<div class=\"elementor-column elementor-col-50 elementor-top-column elementor-element elementor-element-9ae95f8\" data-id=\"9ae95f8\" data-element_type=\"column\" data-e-type=\"column\">\n\t\t\t<div class=\"elementor-widget-wrap elementor-element-populated\">\n\t\t\t\t\t\t<div class=\"elementor-element elementor-element-e402de0 animated-fast elementor-invisible elementor-widget elementor-widget-gva-heading-block\" data-id=\"e402de0\" data-element_type=\"widget\" data-e-type=\"widget\" data-settings=\"{&quot;_animation&quot;:&quot;fadeInUp&quot;}\" data-widget_type=\"gva-heading-block.default\">\n\t\t\t\t<div class=\"elementor-widget-container\">\n\t\t\t\t\t<div class=\"gva-element-gva-heading-block gva-element\">   <div class=\"align-left style-1 widget gsc-heading box-align-left auto-responsive\">\r\n      <div class=\"content-inner\">\r\n         \r\n                  \r\n           \r\n         \r\n                     <h2 class=\"title\">\r\n               <span>Intermodales Zentrum Carbonia: Die Architektur geht ihren Weg\n<\/span>\r\n            <\/h2>\r\n                  \r\n         \r\n      <\/div>\r\n   <\/div>\r\n<\/div>\t\t\t\t<\/div>\n\t\t\t\t<\/div>\n\t\t\t\t<div class=\"elementor-element elementor-element-fc14d50 elementor-widget elementor-widget-text-editor\" data-id=\"fc14d50\" data-element_type=\"widget\" data-e-type=\"widget\" data-widget_type=\"text-editor.default\">\n\t\t\t\t<div class=\"elementor-widget-container\">\n\t\t\t\t\t\t\t\t\t<p>Der Bahnhof <strong>Carbonia Serbariu<\/strong>, auch bekannt als<strong> Carbonia Intermodal Centre<\/strong>, wurde 2011 eingeweiht und gebaut, um den Bahnhof n\u00e4her an die Stadt heranzubringen. Er wurde zwischen der <strong>Via Roma <\/strong>und der &#8216;neu eingerichteten Achse&#8217; an der Kreuzung mit der <strong>Via Costituente<\/strong> gebaut. Das Zentrum zielt darauf ab, <strong>den Service f\u00fcr B\u00fcrger und Touristen zu verbessern<\/strong>. Es beherbergt sowohl Z\u00fcge als auch Busse und erleichtert den Austausch zwischen ihnen. Das Zentrum stellt daher einen Wendepunkt in der Verwaltung der st\u00e4dtischen und vorst\u00e4dtischen Verkehrsdienste in der Stadt dar und bietet einen Neuanfang f\u00fcr das <strong>sardische Verkehrssystem<\/strong>.<\/p>\n\t\t\t\t\t\t\t\t<\/div>\n\t\t\t\t<\/div>\n\t\t\t\t\t<\/div>\n\t\t<\/div>\n\t\t\t\t<div class=\"elementor-column elementor-col-50 elementor-top-column elementor-element elementor-element-5463509 elementor-hidden-tablet elementor-hidden-mobile\" data-id=\"5463509\" data-element_type=\"column\" data-e-type=\"column\" data-settings=\"{&quot;background_background&quot;:&quot;classic&quot;}\">\n\t\t\t<div class=\"elementor-widget-wrap elementor-element-populated\">\n\t\t\t\t\t\t<div class=\"elementor-element elementor-element-21c7220 elementor-widget elementor-widget-image\" data-id=\"21c7220\" data-element_type=\"widget\" data-e-type=\"widget\" data-widget_type=\"image.default\">\n\t\t\t\t<div class=\"elementor-widget-container\">\n\t\t\t\t\t\t\t\t\t\t\t\t\t\t\t<img fetchpriority=\"high\" decoding=\"async\" width=\"900\" height=\"507\" src=\"https:\/\/carboniaturismo.it\/wp-content\/uploads\/2025\/01\/Sardinia-Tourism-Carbonia-Centro-Intermodale2-lr.jpg\" class=\"attachment-large size-large wp-image-7402\" alt=\"\" srcset=\"https:\/\/carboniaturismo.it\/wp-content\/uploads\/2025\/01\/Sardinia-Tourism-Carbonia-Centro-Intermodale2-lr.jpg 1000w, https:\/\/carboniaturismo.it\/wp-content\/uploads\/2025\/01\/Sardinia-Tourism-Carbonia-Centro-Intermodale2-lr-768x432.jpg 768w\" sizes=\"(max-width: 900px) 100vw, 900px\" \/>\t\t\t\t\t\t\t\t\t\t\t\t\t\t\t<\/div>\n\t\t\t\t<\/div>\n\t\t\t\t\t<\/div>\n\t\t<\/div>\n\t\t\t\t\t<\/div>\n\t\t<\/section>\n\t\t\t\t<section class=\"elementor-section elementor-top-section elementor-element elementor-element-db09717 elementor-section-stretched elementor-section-boxed elementor-section-height-default elementor-section-height-default row-top\" data-id=\"db09717\" data-element_type=\"section\" data-e-type=\"section\" data-settings=\"{&quot;stretch_section&quot;:&quot;section-stretched&quot;,&quot;background_background&quot;:&quot;classic&quot;}\">\n\t\t\t\t\t\t<div class=\"elementor-container elementor-column-gap-default\">\n\t\t\t\t\t<div class=\"elementor-column elementor-col-50 elementor-top-column elementor-element elementor-element-7301593 elementor-hidden-tablet elementor-hidden-mobile\" data-id=\"7301593\" data-element_type=\"column\" data-e-type=\"column\">\n\t\t\t<div class=\"elementor-widget-wrap elementor-element-populated\">\n\t\t\t\t\t\t<div class=\"elementor-element elementor-element-c1e10cd elementor-widget elementor-widget-image\" data-id=\"c1e10cd\" data-element_type=\"widget\" data-e-type=\"widget\" data-widget_type=\"image.default\">\n\t\t\t\t<div class=\"elementor-widget-container\">\n\t\t\t\t\t\t\t\t\t\t\t\t\t\t\t<img decoding=\"async\" width=\"900\" height=\"600\" src=\"https:\/\/carboniaturismo.it\/wp-content\/uploads\/2025\/01\/CarboniaTurismo-Centro_Intermodale_Stazione_Carbonia-1024x683-1.jpg\" class=\"attachment-large size-large wp-image-3573\" alt=\"\" srcset=\"https:\/\/carboniaturismo.it\/wp-content\/uploads\/2025\/01\/CarboniaTurismo-Centro_Intermodale_Stazione_Carbonia-1024x683-1.jpg 1024w, https:\/\/carboniaturismo.it\/wp-content\/uploads\/2025\/01\/CarboniaTurismo-Centro_Intermodale_Stazione_Carbonia-1024x683-1-768x512.jpg 768w\" sizes=\"(max-width: 900px) 100vw, 900px\" \/>\t\t\t\t\t\t\t\t\t\t\t\t\t\t\t<\/div>\n\t\t\t\t<\/div>\n\t\t\t\t\t<\/div>\n\t\t<\/div>\n\t\t\t\t<div class=\"elementor-column elementor-col-50 elementor-top-column elementor-element elementor-element-7d4b039\" data-id=\"7d4b039\" data-element_type=\"column\" data-e-type=\"column\">\n\t\t\t<div class=\"elementor-widget-wrap elementor-element-populated\">\n\t\t\t\t\t\t<div class=\"elementor-element elementor-element-005a4f7 elementor-widget elementor-widget-text-editor\" data-id=\"005a4f7\" data-element_type=\"widget\" data-e-type=\"widget\" data-widget_type=\"text-editor.default\">\n\t\t\t\t<div class=\"elementor-widget-container\">\n\t\t\t\t\t\t\t\t\t<h2>\n            <b>Das Zentrum<\/b><br \/>\n          <\/h2>\n<p>Insgesamt besteht das Zentrum aus einem Hauptgeb\u00e4ude, einem Fahrkartenschalter, Wartehallen und Zugangstreppen zu den U-Bahnen. Es handelt sich um ein Geb\u00e4ude mit <strong>zwei Ebenen<\/strong>, eine auf Stra\u00dfenniveau f\u00fcr die Busse und eine weitere, in der sich das Bahnterminal befindet. Dieses Zentrum in Carbonia ist das <strong>erste <\/strong>fertiggestellte <strong>intermodale Zentrum <\/strong>auf Sardinien und geh\u00f6rt zu einer gr\u00f6\u00dferen Gruppe weiterer Zentren, die das gesamte Mobilit\u00e4tssystem Sardiniens neu organisieren werden. Die Erleichterung der Nutzung von <strong>Verkehrsmitteln<\/strong> ist auch eine M\u00f6glichkeit, <strong>Sardinien<\/strong> all jenen Reisenden n\u00e4her zu bringen, die es erkunden und seine Sch\u00f6nheit entdecken m\u00f6chten, indem wir es an jedem Punkt zusammenf\u00fchren und erreichbar machen, um nicht zu verpassen, was die Insel \u00fcber alle Grenzen hinweg zu bieten hat.<\/p>\n\t\t\t\t\t\t\t\t<\/div>\n\t\t\t\t<\/div>\n\t\t\t\t\t<\/div>\n\t\t<\/div>\n\t\t\t\t\t<\/div>\n\t\t<\/section>\n\t\t\t\t<\/div>\n\t\t","protected":false},"excerpt":{"rendered":"<p>Intermodales Zentrum Carbonia: Die Architektur geht ihren Weg Der Bahnhof Carbonia Serbariu, auch bekannt als Carbonia Intermodal Centre, wurde 2011 eingeweiht und gebaut, um den Bahnhof n\u00e4her an die Stadt [&hellip;]<\/p>\n","protected":false},"author":2,"featured_media":0,"parent":0,"menu_order":0,"comment_status":"closed","ping_status":"closed","template":"","meta":{"rs_blank_template":"","rs_page_bg_color":"","slide_template_v7":"","footnotes":""},"class_list":["post-3759","page","type-page","status-publish","hentry"],"_links":{"self":[{"href":"https:\/\/carboniaturismo.it\/de\/wp-json\/wp\/v2\/pages\/3759","targetHints":{"allow":["GET"]}}],"collection":[{"href":"https:\/\/carboniaturismo.it\/de\/wp-json\/wp\/v2\/pages"}],"about":[{"href":"https:\/\/carboniaturismo.it\/de\/wp-json\/wp\/v2\/types\/page"}],"author":[{"embeddable":true,"href":"https:\/\/carboniaturismo.it\/de\/wp-json\/wp\/v2\/users\/2"}],"replies":[{"embeddable":true,"href":"https:\/\/carboniaturismo.it\/de\/wp-json\/wp\/v2\/comments?post=3759"}],"version-history":[{"count":7,"href":"https:\/\/carboniaturismo.it\/de\/wp-json\/wp\/v2\/pages\/3759\/revisions"}],"predecessor-version":[{"id":7417,"href":"https:\/\/carboniaturismo.it\/de\/wp-json\/wp\/v2\/pages\/3759\/revisions\/7417"}],"wp:attachment":[{"href":"https:\/\/carboniaturismo.it\/de\/wp-json\/wp\/v2\/media?parent=3759"}],"curies":[{"name":"wp","href":"https:\/\/api.w.org\/{rel}","templated":true}]}}